{"id":5052,"date":"2023-05-25T17:23:28","date_gmt":"2023-05-25T15:23:28","guid":{"rendered":"https:\/\/colaboraciones.mardeespecias.com\/?post_type=product&#038;p=5052"},"modified":"2025-05-11T19:15:02","modified_gmt":"2025-05-11T17:15:02","slug":"a-devesa-godello","status":"publish","type":"product","link":"https:\/\/colaboraciones.mardeespecias.com\/en\/product\/a-devesa-godello\/","title":{"rendered":"A DEVESA GODELLO"},"content":{"rendered":"<p><strong>\"Intense, elegant and fresh Godello\".<\/strong><br \/>\nA Devesa Godello un vino limpio y brillante, de color amarillo p\u00e1lido con destellos oliv\u00e1ceos. Afilado y muy mineral. Fino y elegante, floral y delicado con sutil crianza, notas de frutas y herbales (acerola, sauco,boj). La boca es un estallido de afilada frescura, borboteo de un manantial manando, envolvente, muy persistente de sabor mineral, sensaci\u00f3n de tiza en boca (suelo de caliza). Una joven bodega pero que muy interesante. Tras toda una vida dedicada al trabajo y cuidado de los vi\u00f1edos, en el a\u00f1o 2008 nace Adega O Cepado, una bodega familiar situada en Rubi\u00e1, en el oriente orensano. Integrada en la denominaci\u00f3n de origen Valdeorras.<\/p>\n<p><strong>\u2022 The winery:\u00a0<\/strong><span style=\"text-decoration: underline;\"><a href=\"http:\/\/www.cepado.com\/\">Bodega O Cepado.<\/a><\/span><br \/>\n<strong>\u2022 Location:<\/strong> Rubi\u00e1 (Ourense).<br \/>\n<strong>\u2022 Variety:<\/strong> 100% Godello.<br \/>\n<strong>\u2022 Geographical indication:\u00a0<\/strong>D.O. Valdeorras<br \/>\n<strong>\u2022 Alcohol:<\/strong> 13.5 %<br \/>\n<strong>\u2022 Vineyard:<\/strong> 100% Godello from Finca A Devesa, a hillside vineyard with a steep slope at an altitude of 600m, very sunny.<br \/>\n<strong>\u2022 Soil type:<\/strong> Very chalky soils.<br \/>\n<strong>\u2022 Climate:<\/strong> Continental in character with an Atlantic influence.<br \/>\n<strong>\u2022 Processing method:<\/strong> Made from a selection of grapes from the \"A Devesa\" plot. Harvest and manual selection in 20kg perforated boxes. Complete destemming, maceration and pneumatic press. Cold static racking. Fermentation in 500 litre French oak barrels and subsequent ageing in barrels for 6 months on its fine lees with weekly manual batonnage. Gentle fining with non-allergenic products. Five months of bottle ageing in the cellar before release.<br \/>\n<strong>\u2022 Certification:<\/strong><\/p>","protected":false},"excerpt":{"rendered":"<p><strong>\u2022 The winery:\u00a0<\/strong><span style=\"text-decoration: underline;\"><a href=\"http:\/\/www.cepado.com\/\">Bodega O Cepado.<\/a><\/span><br \/>\n<strong>\u2022 Location:<\/strong> Rubi\u00e1 (Ourense).<br \/>\n<strong>\u2022 Variety:<\/strong> 100% Godello.<br \/>\n<strong>\u2022 Geographical indication:\u00a0<\/strong>D.O. Valdeorras<br \/>\n<strong>\u2022 Alcohol:<\/strong> 13.5 %<br \/>\n<strong>\u2022 Vineyard:<\/strong> 100% Godello from Finca A Devesa, a hillside vineyard with a steep slope at an altitude of 600m, very sunny.<br \/>\n<strong>\u2022 Soil type:<\/strong> Very chalky soils.<br \/>\n<strong>\u2022 Climate:<\/strong> Continental in character with an Atlantic influence.<br \/>\n<strong>\u2022 Processing method:<\/strong> Made from a selection of grapes from the \"A Devesa\" plot. Harvest and manual selection in 20kg perforated boxes. Complete destemming, maceration and pneumatic press. Cold static racking. Fermentation in 500 litre French oak barrels and subsequent ageing in barrels for 6 months on its fine lees with weekly manual batonnage. Gentle fining with non-allergenic products. Five months of bottle ageing in the cellar before release.<br \/>\n<strong>\u2022 Certification:<\/strong><\/p>","protected":false},"featured_media":5017,"template":"","meta":{"ocean_post_layout":"","ocean_both_sidebars_style":"","ocean_both_sidebars_content_width":0,"ocean_both_sidebars_sidebars_width":0,"ocean_sidebar":"0","ocean_second_sidebar":"0","ocean_disable_margins":"enable","ocean_add_body_class":"","ocean_shortcode_before_top_bar":"","ocean_shortcode_after_top_bar":"","ocean_shortcode_before_header":"","ocean_shortcode_after_header":"","ocean_has_shortcode":"","ocean_shortcode_after_title":"","ocean_shortcode_before_footer_widgets":"","ocean_shortcode_after_footer_widgets":"","ocean_shortcode_before_footer_bottom":"","ocean_shortcode_after_footer_bottom":"","ocean_display_top_bar":"default","ocean_display_header":"default","ocean_header_style":"","ocean_center_header_left_menu":"0","ocean_custom_header_template":"0","ocean_custom_logo":0,"ocean_custom_retina_logo":0,"ocean_custom_logo_max_width":0,"ocean_custom_logo_tablet_max_width":0,"ocean_custom_logo_mobile_max_width":0,"ocean_custom_logo_max_height":0,"ocean_custom_logo_tablet_max_height":0,"ocean_custom_logo_mobile_max_height":0,"ocean_header_custom_menu":"0","ocean_menu_typo_font_family":"0","ocean_menu_typo_font_subset":"","ocean_menu_typo_font_size":0,"ocean_menu_typo_font_size_tablet":0,"ocean_menu_typo_font_size_mobile":0,"ocean_menu_typo_font_size_unit":"px","ocean_menu_typo_font_weight":"","ocean_menu_typo_font_weight_tablet":"","ocean_menu_typo_font_weight_mobile":"","ocean_menu_typo_transform":"","ocean_menu_typo_transform_tablet":"","ocean_menu_typo_transform_mobile":"","ocean_menu_typo_line_height":0,"ocean_menu_typo_line_height_tablet":0,"ocean_menu_typo_line_height_mobile":0,"ocean_menu_typo_line_height_unit":"","ocean_menu_typo_spacing":0,"ocean_menu_typo_spacing_tablet":0,"ocean_menu_typo_spacing_mobile":0,"ocean_menu_typo_spacing_unit":"","ocean_menu_link_color":"","ocean_menu_link_color_hover":"","ocean_menu_link_color_active":"","ocean_menu_link_background":"","ocean_menu_link_hover_background":"","ocean_menu_link_active_background":"","ocean_menu_social_links_bg":"","ocean_menu_social_hover_links_bg":"","ocean_menu_social_links_color":"","ocean_menu_social_hover_links_color":"","ocean_disable_title":"default","ocean_disable_heading":"default","ocean_post_title":"","ocean_post_subheading":"","ocean_post_title_style":"","ocean_post_title_background_color":"","ocean_post_title_background":0,"ocean_post_title_bg_image_position":"","ocean_post_title_bg_image_attachment":"","ocean_post_title_bg_image_repeat":"","ocean_post_title_bg_image_size":"","ocean_post_title_height":0,"ocean_post_title_bg_overlay":0.5,"ocean_post_title_bg_overlay_color":"","ocean_disable_breadcrumbs":"default","ocean_breadcrumbs_color":"","ocean_breadcrumbs_separator_color":"","ocean_breadcrumbs_links_color":"","ocean_breadcrumbs_links_hover_color":"","ocean_display_footer_widgets":"default","ocean_display_footer_bottom":"default","ocean_custom_footer_template":"0"},"product_brand":[],"product_cat":[176,232,195,259],"product_tag":[236,234,235,260],"class_list":{"0":"post-5052","1":"product","2":"type-product","3":"status-publish","4":"has-post-thumbnail","6":"product_cat-colaboracion-el-salgueral","7":"product_cat-vinos","8":"product_cat-vinos-blancos","9":"product_cat-vinos-blancos-do-valdeorras","10":"product_tag-godello","11":"product_tag-vino","12":"product_tag-vino-blanco","13":"product_tag-vino-do-valdeorras","15":"entry","16":"has-media","18":"first","19":"instock","20":"taxable","21":"shipping-taxable","22":"purchasable","23":"product-type-variable","24":"has-product-nav","25":"col","26":"span_1_of_4","27":"owp-content-center","28":"item-entry","29":"owp-thumbs-layout-horizontal","30":"owp-btn-very-big","31":"owp-tabs-layout-vertical"},"acf":[],"yoast_head":"<!-- This site is optimized with the Yoast SEO plugin v26.5 - https:\/\/yoast.com\/wordpress\/plugins\/seo\/ -->\n<title>A DEVESA GODELLO - Colaboraciones Mar de Especias<\/title>\n<meta name=\"description\" content=\"A Devesa Godello un vino limpio y brillante, de color amarillo p\u00e1lido con destellos oliv\u00e1ceos. Fino y elegante, floral y delicado con sutil crianza, notas de frutas y herbales\" \/>\n<meta name=\"robots\" content=\"index, follow, max-snippet:-1, max-image-preview:large, max-video-preview:-1\" \/>\n<link rel=\"canonical\" href=\"https:\/\/colaboraciones.mardeespecias.com\/en\/product\/a-devesa-godello\/\" \/>\n<meta property=\"og:locale\" content=\"en_GB\" \/>\n<meta property=\"og:type\" content=\"article\" \/>\n<meta property=\"og:title\" content=\"A DEVESA GODELLO - Colaboraciones Mar de Especias\" \/>\n<meta property=\"og:description\" content=\"A Devesa Godello un vino limpio y brillante, de color amarillo p\u00e1lido con destellos oliv\u00e1ceos. Fino y elegante, floral y delicado con sutil crianza, notas de frutas y herbales\" \/>\n<meta property=\"og:url\" content=\"https:\/\/colaboraciones.mardeespecias.com\/en\/product\/a-devesa-godello\/\" \/>\n<meta property=\"og:site_name\" content=\"Colaboraciones Mar de Especias\" \/>\n<meta property=\"article:publisher\" content=\"https:\/\/www.facebook.com\/mardeespeciasoficial\/\" \/>\n<meta property=\"article:modified_time\" content=\"2025-05-11T17:15:02+00:00\" \/>\n<meta property=\"og:image\" content=\"https:\/\/colaboraciones.mardeespecias.com\/wp-content\/uploads\/2023\/05\/A-devesa-Godello-fondo-blanco-1.jpg\" \/>\n\t<meta property=\"og:image:width\" content=\"612\" \/>\n\t<meta property=\"og:image:height\" content=\"612\" \/>\n\t<meta property=\"og:image:type\" content=\"image\/jpeg\" \/>\n<meta name=\"twitter:card\" content=\"summary_large_image\" \/>\n<meta name=\"twitter:site\" content=\"@MardeEspecias\" \/>\n<meta name=\"twitter:label1\" content=\"Estimated reading time\" \/>\n\t<meta name=\"twitter:data1\" content=\"1 minute\" \/>\n<script type=\"application\/ld+json\" class=\"yoast-schema-graph\">{\"@context\":\"https:\/\/schema.org\",\"@graph\":[{\"@type\":\"WebPage\",\"@id\":\"https:\/\/colaboraciones.mardeespecias.com\/producto\/a-devesa-godello\/\",\"url\":\"https:\/\/colaboraciones.mardeespecias.com\/producto\/a-devesa-godello\/\",\"name\":\"A DEVESA GODELLO - Colaboraciones Mar de Especias\",\"isPartOf\":{\"@id\":\"https:\/\/colaboraciones.mardeespecias.com\/#website\"},\"primaryImageOfPage\":{\"@id\":\"https:\/\/colaboraciones.mardeespecias.com\/producto\/a-devesa-godello\/#primaryimage\"},\"image\":{\"@id\":\"https:\/\/colaboraciones.mardeespecias.com\/producto\/a-devesa-godello\/#primaryimage\"},\"thumbnailUrl\":\"https:\/\/colaboraciones.mardeespecias.com\/wp-content\/uploads\/2023\/05\/A-devesa-Godello-fondo-blanco-1.jpg\",\"datePublished\":\"2023-05-25T15:23:28+00:00\",\"dateModified\":\"2025-05-11T17:15:02+00:00\",\"description\":\"A Devesa Godello un vino limpio y brillante, de color amarillo p\u00e1lido con destellos oliv\u00e1ceos. Fino y elegante, floral y delicado con sutil crianza, notas de frutas y herbales\",\"breadcrumb\":{\"@id\":\"https:\/\/colaboraciones.mardeespecias.com\/producto\/a-devesa-godello\/#breadcrumb\"},\"inLanguage\":\"en-GB\",\"potentialAction\":[{\"@type\":\"ReadAction\",\"target\":[\"https:\/\/colaboraciones.mardeespecias.com\/producto\/a-devesa-godello\/\"]}]},{\"@type\":\"ImageObject\",\"inLanguage\":\"en-GB\",\"@id\":\"https:\/\/colaboraciones.mardeespecias.com\/producto\/a-devesa-godello\/#primaryimage\",\"url\":\"https:\/\/colaboraciones.mardeespecias.com\/wp-content\/uploads\/2023\/05\/A-devesa-Godello-fondo-blanco-1.jpg\",\"contentUrl\":\"https:\/\/colaboraciones.mardeespecias.com\/wp-content\/uploads\/2023\/05\/A-devesa-Godello-fondo-blanco-1.jpg\",\"width\":612,\"height\":612,\"caption\":\"A devesa Godello\"},{\"@type\":\"BreadcrumbList\",\"@id\":\"https:\/\/colaboraciones.mardeespecias.com\/producto\/a-devesa-godello\/#breadcrumb\",\"itemListElement\":[{\"@type\":\"ListItem\",\"position\":1,\"name\":\"INICIO\",\"item\":\"https:\/\/colaboraciones.mardeespecias.com\/\"},{\"@type\":\"ListItem\",\"position\":2,\"name\":\"Tienda\",\"item\":\"https:\/\/colaboraciones.mardeespecias.com\/tienda\/\"},{\"@type\":\"ListItem\",\"position\":3,\"name\":\"A DEVESA GODELLO\"}]},{\"@type\":\"WebSite\",\"@id\":\"https:\/\/colaboraciones.mardeespecias.com\/#website\",\"url\":\"https:\/\/colaboraciones.mardeespecias.com\/\",\"name\":\"Colaboraciones Mar de Especias\",\"description\":\"Portal de venta de productos Selectos.\",\"publisher\":{\"@id\":\"https:\/\/colaboraciones.mardeespecias.com\/#organization\"},\"potentialAction\":[{\"@type\":\"SearchAction\",\"target\":{\"@type\":\"EntryPoint\",\"urlTemplate\":\"https:\/\/colaboraciones.mardeespecias.com\/?s={search_term_string}\"},\"query-input\":{\"@type\":\"PropertyValueSpecification\",\"valueRequired\":true,\"valueName\":\"search_term_string\"}}],\"inLanguage\":\"en-GB\"},{\"@type\":\"Organization\",\"@id\":\"https:\/\/colaboraciones.mardeespecias.com\/#organization\",\"name\":\"Mar de Especias\",\"url\":\"https:\/\/colaboraciones.mardeespecias.com\/\",\"logo\":{\"@type\":\"ImageObject\",\"inLanguage\":\"en-GB\",\"@id\":\"https:\/\/colaboraciones.mardeespecias.com\/#\/schema\/logo\/image\/\",\"url\":\"https:\/\/colaboraciones.mardeespecias.com\/wp-content\/uploads\/2018\/05\/LOGO_MDE-TRANSP.png\",\"contentUrl\":\"https:\/\/colaboraciones.mardeespecias.com\/wp-content\/uploads\/2018\/05\/LOGO_MDE-TRANSP.png\",\"width\":244,\"height\":115,\"caption\":\"Mar de Especias\"},\"image\":{\"@id\":\"https:\/\/colaboraciones.mardeespecias.com\/#\/schema\/logo\/image\/\"},\"sameAs\":[\"https:\/\/www.facebook.com\/mardeespeciasoficial\/\",\"https:\/\/x.com\/MardeEspecias\",\"https:\/\/www.instagram.com\/mardeespeciasoficial\/\"]}]}<\/script>\n<!-- \/ Yoast SEO plugin. -->","yoast_head_json":{"title":"A DEVESA GODELLO - Colaboraciones Mar de Especias","description":"A Devesa Godello un vino limpio y brillante, de color amarillo p\u00e1lido con destellos oliv\u00e1ceos. Fino y elegante, floral y delicado con sutil crianza, notas de frutas y herbales","robots":{"index":"index","follow":"follow","max-snippet":"max-snippet:-1","max-image-preview":"max-image-preview:large","max-video-preview":"max-video-preview:-1"},"canonical":"https:\/\/colaboraciones.mardeespecias.com\/en\/product\/a-devesa-godello\/","og_locale":"en_GB","og_type":"article","og_title":"A DEVESA GODELLO - Colaboraciones Mar de Especias","og_description":"A Devesa Godello un vino limpio y brillante, de color amarillo p\u00e1lido con destellos oliv\u00e1ceos. Fino y elegante, floral y delicado con sutil crianza, notas de frutas y herbales","og_url":"https:\/\/colaboraciones.mardeespecias.com\/en\/product\/a-devesa-godello\/","og_site_name":"Colaboraciones Mar de Especias","article_publisher":"https:\/\/www.facebook.com\/mardeespeciasoficial\/","article_modified_time":"2025-05-11T17:15:02+00:00","og_image":[{"width":612,"height":612,"url":"https:\/\/colaboraciones.mardeespecias.com\/wp-content\/uploads\/2023\/05\/A-devesa-Godello-fondo-blanco-1.jpg","type":"image\/jpeg"}],"twitter_card":"summary_large_image","twitter_site":"@MardeEspecias","twitter_misc":{"Estimated reading time":"1 minute"},"schema":{"@context":"https:\/\/schema.org","@graph":[{"@type":"WebPage","@id":"https:\/\/colaboraciones.mardeespecias.com\/producto\/a-devesa-godello\/","url":"https:\/\/colaboraciones.mardeespecias.com\/producto\/a-devesa-godello\/","name":"A DEVESA GODELLO - Colaboraciones Mar de Especias","isPartOf":{"@id":"https:\/\/colaboraciones.mardeespecias.com\/#website"},"primaryImageOfPage":{"@id":"https:\/\/colaboraciones.mardeespecias.com\/producto\/a-devesa-godello\/#primaryimage"},"image":{"@id":"https:\/\/colaboraciones.mardeespecias.com\/producto\/a-devesa-godello\/#primaryimage"},"thumbnailUrl":"https:\/\/colaboraciones.mardeespecias.com\/wp-content\/uploads\/2023\/05\/A-devesa-Godello-fondo-blanco-1.jpg","datePublished":"2023-05-25T15:23:28+00:00","dateModified":"2025-05-11T17:15:02+00:00","description":"A Devesa Godello un vino limpio y brillante, de color amarillo p\u00e1lido con destellos oliv\u00e1ceos. Fino y elegante, floral y delicado con sutil crianza, notas de frutas y herbales","breadcrumb":{"@id":"https:\/\/colaboraciones.mardeespecias.com\/producto\/a-devesa-godello\/#breadcrumb"},"inLanguage":"en-GB","potentialAction":[{"@type":"ReadAction","target":["https:\/\/colaboraciones.mardeespecias.com\/producto\/a-devesa-godello\/"]}]},{"@type":"ImageObject","inLanguage":"en-GB","@id":"https:\/\/colaboraciones.mardeespecias.com\/producto\/a-devesa-godello\/#primaryimage","url":"https:\/\/colaboraciones.mardeespecias.com\/wp-content\/uploads\/2023\/05\/A-devesa-Godello-fondo-blanco-1.jpg","contentUrl":"https:\/\/colaboraciones.mardeespecias.com\/wp-content\/uploads\/2023\/05\/A-devesa-Godello-fondo-blanco-1.jpg","width":612,"height":612,"caption":"A devesa Godello"},{"@type":"BreadcrumbList","@id":"https:\/\/colaboraciones.mardeespecias.com\/producto\/a-devesa-godello\/#breadcrumb","itemListElement":[{"@type":"ListItem","position":1,"name":"INICIO","item":"https:\/\/colaboraciones.mardeespecias.com\/"},{"@type":"ListItem","position":2,"name":"Tienda","item":"https:\/\/colaboraciones.mardeespecias.com\/tienda\/"},{"@type":"ListItem","position":3,"name":"A DEVESA GODELLO"}]},{"@type":"WebSite","@id":"https:\/\/colaboraciones.mardeespecias.com\/#website","url":"https:\/\/colaboraciones.mardeespecias.com\/","name":"Colaboraciones Mar de Especias","description":"Portal de venta de productos Selectos.","publisher":{"@id":"https:\/\/colaboraciones.mardeespecias.com\/#organization"},"potentialAction":[{"@type":"SearchAction","target":{"@type":"EntryPoint","urlTemplate":"https:\/\/colaboraciones.mardeespecias.com\/?s={search_term_string}"},"query-input":{"@type":"PropertyValueSpecification","valueRequired":true,"valueName":"search_term_string"}}],"inLanguage":"en-GB"},{"@type":"Organization","@id":"https:\/\/colaboraciones.mardeespecias.com\/#organization","name":"Mar de Especias","url":"https:\/\/colaboraciones.mardeespecias.com\/","logo":{"@type":"ImageObject","inLanguage":"en-GB","@id":"https:\/\/colaboraciones.mardeespecias.com\/#\/schema\/logo\/image\/","url":"https:\/\/colaboraciones.mardeespecias.com\/wp-content\/uploads\/2018\/05\/LOGO_MDE-TRANSP.png","contentUrl":"https:\/\/colaboraciones.mardeespecias.com\/wp-content\/uploads\/2018\/05\/LOGO_MDE-TRANSP.png","width":244,"height":115,"caption":"Mar de Especias"},"image":{"@id":"https:\/\/colaboraciones.mardeespecias.com\/#\/schema\/logo\/image\/"},"sameAs":["https:\/\/www.facebook.com\/mardeespeciasoficial\/","https:\/\/x.com\/MardeEspecias","https:\/\/www.instagram.com\/mardeespeciasoficial\/"]}]}},"_links":{"self":[{"href":"https:\/\/colaboraciones.mardeespecias.com\/en\/wp-json\/wp\/v2\/product\/5052","targetHints":{"allow":["GET"]}}],"collection":[{"href":"https:\/\/colaboraciones.mardeespecias.com\/en\/wp-json\/wp\/v2\/product"}],"about":[{"href":"https:\/\/colaboraciones.mardeespecias.com\/en\/wp-json\/wp\/v2\/types\/product"}],"version-history":[{"count":3,"href":"https:\/\/colaboraciones.mardeespecias.com\/en\/wp-json\/wp\/v2\/product\/5052\/revisions"}],"predecessor-version":[{"id":5244,"href":"https:\/\/colaboraciones.mardeespecias.com\/en\/wp-json\/wp\/v2\/product\/5052\/revisions\/5244"}],"wp:featuredmedia":[{"embeddable":true,"href":"https:\/\/colaboraciones.mardeespecias.com\/en\/wp-json\/wp\/v2\/media\/5017"}],"wp:attachment":[{"href":"https:\/\/colaboraciones.mardeespecias.com\/en\/wp-json\/wp\/v2\/media?parent=5052"}],"wp:term":[{"taxonomy":"product_brand","embeddable":true,"href":"https:\/\/colaboraciones.mardeespecias.com\/en\/wp-json\/wp\/v2\/product_brand?post=5052"},{"taxonomy":"product_cat","embeddable":true,"href":"https:\/\/colaboraciones.mardeespecias.com\/en\/wp-json\/wp\/v2\/product_cat?post=5052"},{"taxonomy":"product_tag","embeddable":true,"href":"https:\/\/colaboraciones.mardeespecias.com\/en\/wp-json\/wp\/v2\/product_tag?post=5052"}],"curies":[{"name":"wp","href":"https:\/\/api.w.org\/{rel}","templated":true}]}}