{"id":4957,"date":"2023-05-17T21:32:27","date_gmt":"2023-05-17T19:32:27","guid":{"rendered":"https:\/\/colaboraciones.mardeespecias.com\/?post_type=product&#038;p=4957"},"modified":"2024-03-04T06:47:53","modified_gmt":"2024-03-04T05:47:53","slug":"la-fontina-nai","status":"publish","type":"product","link":"https:\/\/colaboraciones.mardeespecias.com\/en\/product\/la-fontina-nai\/","title":{"rendered":"LA FONTI\u00d1A DE NAI"},"content":{"rendered":"<p><strong>\"A Paraje wine that dazzles\".<\/strong><br \/>\nUbicado en el coraz\u00f3n de Valtuille de Abajo, este vi\u00f1edo centenario se encuentra junto a una antigua fuente de la que manaba el agua para abastecer al ganado en los prados colindantes.\u201cA fonti\u00f1a da nai\u201d en gallego original, deriv\u00f3 por medios de nuestros abuelos en \u201cLa Fonti\u00f1a de Nai\u201d en un homenaje a la situaci\u00f3n fon\u00e9tica del Bierzo entre el castellano y el gallego que han hablado nuestras gentes.<\/p>\n<p><strong>\u2022 The winery:<\/strong> <span style=\"text-decoration: underline;\"><a href=\"https:\/\/www.vinoslof.com\/\">LOF<\/a>.<\/span><br \/>\n<strong>\u2022 Location:<\/strong> Valtuille de Abajo<br \/>\n<strong>\u2022 Variety:<\/strong> 100% Menc\u00eda<br \/>\n<strong>\u2022 Geographical indication:<\/strong> D.O. Bierzo<br \/>\n<strong>\u2022 Alcohol:<\/strong> 13 %<br \/>\n<strong>\u2022 Vineyard:<\/strong> La Fonti\u00f1a de Nai procede de una \u00fanica parcela en el paraje de Las Villegas. Su riquisimo terru\u00f1o, permite un cultivo con mucha actividad biodin\u00e1mica, de producci\u00f3n regulada y sostenible en sus cepas centenarias, otorgando unos matices finos y minerales manteniendo el car\u00e1cter afrutado caracter\u00edstico de la Menc\u00eda.<br \/>\n<strong>\u2022 Soil type:<\/strong> Clayey-sandy soil<br \/>\n<strong>\u2022 Climate:<\/strong> Continental Mediterranean with Atlantic influence, characterised by extreme temperature differences between winter and summer.<br \/>\n<strong>\u2022 Processing method:<\/strong> La entrada de uvas en la bodega se realiza con los raspones maduros y mediante el m\u00e9todo tradicional los racimos son pisados en el dep\u00f3sito de acero inoxidable. Fermentaci\u00f3n espontanea con levaduras aut\u00f3ctonas a temperatura ambiente. Se remonta diariamente para ayudar a la fermentaci\u00f3n y producir aireos. Al final de la fermentaci\u00f3n alcoh\u00f3lica el mosto es trasegado y decantado para proceder al llenado de barricas. Crianza de 12 meses en barrica francesa y 12 en botella.<br \/>\n<strong>\u2022 Certification:<\/strong> Sustainable viticulture.<\/p>","protected":false},"excerpt":{"rendered":"<p><strong>\u2022 The winery:<\/strong> <a href=\"https:\/\/www.vinoslof.com\/\"><span style=\"text-decoration: underline;\">LOF<\/span><\/a>.<br \/>\n<strong>\u2022 Location:<\/strong> Valtuille de Abajo<br \/>\n<strong>\u2022 Variety:<\/strong> 100% Menc\u00eda<br \/>\n<strong>\u2022 Geographical indication:<\/strong> D.O. Bierzo<br \/>\n<strong>\u2022 Alcohol:<\/strong> 13 %<br \/>\n<strong>\u2022 Vineyard:<\/strong> La Fonti\u00f1a de Nai procede de una \u00fanica parcela en el paraje de Las Villegas. Su riquisimo terru\u00f1o, permite un cultivo con mucha actividad biodin\u00e1mica, de producci\u00f3n regulada y sostenible en sus cepas centenarias, otorgando unos matices finos y minerales manteniendo el car\u00e1cter afrutado caracter\u00edstico de la Menc\u00eda.<br \/>\n<strong>\u2022 Soil type:<\/strong> Clayey-sandy soil<br \/>\n<strong>\u2022 Climate:<\/strong> Continental Mediterranean with Atlantic influence, characterised by extreme temperature differences between winter and summer.<br \/>\n<strong>\u2022 Processing method:<\/strong> La entrada de uvas en la bodega se realiza con los raspones maduros y mediante el m\u00e9todo tradicional los racimos son pisados en el dep\u00f3sito de acero inoxidable. Fermentaci\u00f3n espontanea con levaduras aut\u00f3ctonas a temperatura ambiente. Se remonta diariamente para ayudar a la fermentaci\u00f3n y producir aireos. Al final de la fermentaci\u00f3n alcoh\u00f3lica el mosto es trasegado y decantado para proceder al llenado de barricas. Crianza de 12 meses en barrica francesa y 12 en botella.<br \/>\n<strong>\u2022 Certification:<\/strong> Sustainable viticulture.<\/p>","protected":false},"featured_media":5025,"template":"","meta":{"ocean_post_layout":"","ocean_both_sidebars_style":"","ocean_both_sidebars_content_width":0,"ocean_both_sidebars_sidebars_width":0,"ocean_sidebar":"0","ocean_second_sidebar":"0","ocean_disable_margins":"enable","ocean_add_body_class":"","ocean_shortcode_before_top_bar":"","ocean_shortcode_after_top_bar":"","ocean_shortcode_before_header":"","ocean_shortcode_after_header":"","ocean_has_shortcode":"","ocean_shortcode_after_title":"","ocean_shortcode_before_footer_widgets":"","ocean_shortcode_after_footer_widgets":"","ocean_shortcode_before_footer_bottom":"","ocean_shortcode_after_footer_bottom":"","ocean_display_top_bar":"default","ocean_display_header":"default","ocean_header_style":"","ocean_center_header_left_menu":"0","ocean_custom_header_template":"0","ocean_custom_logo":0,"ocean_custom_retina_logo":0,"ocean_custom_logo_max_width":0,"ocean_custom_logo_tablet_max_width":0,"ocean_custom_logo_mobile_max_width":0,"ocean_custom_logo_max_height":0,"ocean_custom_logo_tablet_max_height":0,"ocean_custom_logo_mobile_max_height":0,"ocean_header_custom_menu":"0","ocean_menu_typo_font_family":"0","ocean_menu_typo_font_subset":"","ocean_menu_typo_font_size":0,"ocean_menu_typo_font_size_tablet":0,"ocean_menu_typo_font_size_mobile":0,"ocean_menu_typo_font_size_unit":"px","ocean_menu_typo_font_weight":"","ocean_menu_typo_font_weight_tablet":"","ocean_menu_typo_font_weight_mobile":"","ocean_menu_typo_transform":"","ocean_menu_typo_transform_tablet":"","ocean_menu_typo_transform_mobile":"","ocean_menu_typo_line_height":0,"ocean_menu_typo_line_height_tablet":0,"ocean_menu_typo_line_height_mobile":0,"ocean_menu_typo_line_height_unit":"","ocean_menu_typo_spacing":0,"ocean_menu_typo_spacing_tablet":0,"ocean_menu_typo_spacing_mobile":0,"ocean_menu_typo_spacing_unit":"","ocean_menu_link_color":"","ocean_menu_link_color_hover":"","ocean_menu_link_color_active":"","ocean_menu_link_background":"","ocean_menu_link_hover_background":"","ocean_menu_link_active_background":"","ocean_menu_social_links_bg":"","ocean_menu_social_hover_links_bg":"","ocean_menu_social_links_color":"","ocean_menu_social_hover_links_color":"","ocean_disable_title":"default","ocean_disable_heading":"default","ocean_post_title":"","ocean_post_subheading":"","ocean_post_title_style":"","ocean_post_title_background_color":"","ocean_post_title_background":0,"ocean_post_title_bg_image_position":"","ocean_post_title_bg_image_attachment":"","ocean_post_title_bg_image_repeat":"","ocean_post_title_bg_image_size":"","ocean_post_title_height":0,"ocean_post_title_bg_overlay":0.5,"ocean_post_title_bg_overlay_color":"","ocean_disable_breadcrumbs":"default","ocean_breadcrumbs_color":"","ocean_breadcrumbs_separator_color":"","ocean_breadcrumbs_links_color":"","ocean_breadcrumbs_links_hover_color":"","ocean_display_footer_widgets":"default","ocean_display_footer_bottom":"default","ocean_custom_footer_template":"0"},"product_brand":[],"product_cat":[176,232,192,193],"product_tag":[234,237,238],"class_list":{"0":"post-4957","1":"product","2":"type-product","3":"status-publish","4":"has-post-thumbnail","6":"product_cat-colaboracion-el-salgueral","7":"product_cat-vinos","8":"product_cat-vinos-tintos","9":"product_cat-vinos-tintos-bierzo","10":"product_tag-vino","11":"product_tag-vino-do-bierzo","12":"product_tag-vino-tinto","14":"entry","15":"has-media","17":"first","18":"instock","19":"taxable","20":"shipping-taxable","21":"purchasable","22":"product-type-variable","23":"has-product-nav","24":"col","25":"span_1_of_4","26":"owp-content-center","27":"item-entry","28":"owp-thumbs-layout-horizontal","29":"owp-btn-very-big","30":"owp-tabs-layout-vertical"},"acf":[],"yoast_head":"<!-- This site is optimized with the Yoast SEO plugin v26.5 - https:\/\/yoast.com\/wordpress\/plugins\/seo\/ -->\n<title>LA FONTI\u00d1A DE NAI - Colaboraciones Mar de Especias<\/title>\n<meta name=\"description\" content=\"LA FONTI\u00d1A DE NAI, su riquisimo terru\u00f1o, permite un cultivo con muchaactividad biodin\u00e1mica, de producci\u00f3n regulada y sostenible en suscepas centenarias...\" \/>\n<meta name=\"robots\" content=\"index, follow, max-snippet:-1, max-image-preview:large, max-video-preview:-1\" \/>\n<link rel=\"canonical\" href=\"https:\/\/colaboraciones.mardeespecias.com\/en\/product\/la-fontina-nai\/\" \/>\n<meta property=\"og:locale\" content=\"en_GB\" \/>\n<meta property=\"og:type\" content=\"article\" \/>\n<meta property=\"og:title\" content=\"LA FONTI\u00d1A DE NAI - Colaboraciones Mar de Especias\" \/>\n<meta property=\"og:description\" content=\"LA FONTI\u00d1A DE NAI, su riquisimo terru\u00f1o, permite un cultivo con muchaactividad biodin\u00e1mica, de producci\u00f3n regulada y sostenible en suscepas centenarias...\" \/>\n<meta property=\"og:url\" content=\"https:\/\/colaboraciones.mardeespecias.com\/en\/product\/la-fontina-nai\/\" \/>\n<meta property=\"og:site_name\" content=\"Colaboraciones Mar de Especias\" \/>\n<meta property=\"article:publisher\" content=\"https:\/\/www.facebook.com\/mardeespeciasoficial\/\" \/>\n<meta property=\"article:modified_time\" content=\"2024-03-04T05:47:53+00:00\" \/>\n<meta property=\"og:image\" content=\"https:\/\/colaboraciones.mardeespecias.com\/wp-content\/uploads\/2023\/05\/Fontina-de-nai-blanco-1.jpg\" \/>\n\t<meta property=\"og:image:width\" content=\"612\" \/>\n\t<meta property=\"og:image:height\" content=\"612\" \/>\n\t<meta property=\"og:image:type\" content=\"image\/jpeg\" \/>\n<meta name=\"twitter:card\" content=\"summary_large_image\" \/>\n<meta name=\"twitter:site\" content=\"@MardeEspecias\" \/>\n<meta name=\"twitter:label1\" content=\"Estimated reading time\" \/>\n\t<meta name=\"twitter:data1\" content=\"1 minute\" \/>\n<script type=\"application\/ld+json\" class=\"yoast-schema-graph\">{\"@context\":\"https:\/\/schema.org\",\"@graph\":[{\"@type\":\"WebPage\",\"@id\":\"https:\/\/colaboraciones.mardeespecias.com\/producto\/la-fontina-nai\/\",\"url\":\"https:\/\/colaboraciones.mardeespecias.com\/producto\/la-fontina-nai\/\",\"name\":\"LA FONTI\u00d1A DE NAI - Colaboraciones Mar de Especias\",\"isPartOf\":{\"@id\":\"https:\/\/colaboraciones.mardeespecias.com\/#website\"},\"primaryImageOfPage\":{\"@id\":\"https:\/\/colaboraciones.mardeespecias.com\/producto\/la-fontina-nai\/#primaryimage\"},\"image\":{\"@id\":\"https:\/\/colaboraciones.mardeespecias.com\/producto\/la-fontina-nai\/#primaryimage\"},\"thumbnailUrl\":\"https:\/\/colaboraciones.mardeespecias.com\/wp-content\/uploads\/2023\/05\/Fontina-de-nai-blanco-1.jpg\",\"datePublished\":\"2023-05-17T19:32:27+00:00\",\"dateModified\":\"2024-03-04T05:47:53+00:00\",\"description\":\"LA FONTI\u00d1A DE NAI, su riquisimo terru\u00f1o, permite un cultivo con muchaactividad biodin\u00e1mica, de producci\u00f3n regulada y sostenible en suscepas centenarias...\",\"breadcrumb\":{\"@id\":\"https:\/\/colaboraciones.mardeespecias.com\/producto\/la-fontina-nai\/#breadcrumb\"},\"inLanguage\":\"en-GB\",\"potentialAction\":[{\"@type\":\"ReadAction\",\"target\":[\"https:\/\/colaboraciones.mardeespecias.com\/producto\/la-fontina-nai\/\"]}]},{\"@type\":\"ImageObject\",\"inLanguage\":\"en-GB\",\"@id\":\"https:\/\/colaboraciones.mardeespecias.com\/producto\/la-fontina-nai\/#primaryimage\",\"url\":\"https:\/\/colaboraciones.mardeespecias.com\/wp-content\/uploads\/2023\/05\/Fontina-de-nai-blanco-1.jpg\",\"contentUrl\":\"https:\/\/colaboraciones.mardeespecias.com\/wp-content\/uploads\/2023\/05\/Fontina-de-nai-blanco-1.jpg\",\"width\":612,\"height\":612,\"caption\":\"Fonti\u00f1a de nai\"},{\"@type\":\"BreadcrumbList\",\"@id\":\"https:\/\/colaboraciones.mardeespecias.com\/producto\/la-fontina-nai\/#breadcrumb\",\"itemListElement\":[{\"@type\":\"ListItem\",\"position\":1,\"name\":\"INICIO\",\"item\":\"https:\/\/colaboraciones.mardeespecias.com\/\"},{\"@type\":\"ListItem\",\"position\":2,\"name\":\"Tienda\",\"item\":\"https:\/\/colaboraciones.mardeespecias.com\/tienda\/\"},{\"@type\":\"ListItem\",\"position\":3,\"name\":\"LA FONTI\u00d1A DE NAI\"}]},{\"@type\":\"WebSite\",\"@id\":\"https:\/\/colaboraciones.mardeespecias.com\/#website\",\"url\":\"https:\/\/colaboraciones.mardeespecias.com\/\",\"name\":\"Colaboraciones Mar de Especias\",\"description\":\"Portal de venta de productos Selectos.\",\"publisher\":{\"@id\":\"https:\/\/colaboraciones.mardeespecias.com\/#organization\"},\"potentialAction\":[{\"@type\":\"SearchAction\",\"target\":{\"@type\":\"EntryPoint\",\"urlTemplate\":\"https:\/\/colaboraciones.mardeespecias.com\/?s={search_term_string}\"},\"query-input\":{\"@type\":\"PropertyValueSpecification\",\"valueRequired\":true,\"valueName\":\"search_term_string\"}}],\"inLanguage\":\"en-GB\"},{\"@type\":\"Organization\",\"@id\":\"https:\/\/colaboraciones.mardeespecias.com\/#organization\",\"name\":\"Mar de Especias\",\"url\":\"https:\/\/colaboraciones.mardeespecias.com\/\",\"logo\":{\"@type\":\"ImageObject\",\"inLanguage\":\"en-GB\",\"@id\":\"https:\/\/colaboraciones.mardeespecias.com\/#\/schema\/logo\/image\/\",\"url\":\"https:\/\/colaboraciones.mardeespecias.com\/wp-content\/uploads\/2018\/05\/LOGO_MDE-TRANSP.png\",\"contentUrl\":\"https:\/\/colaboraciones.mardeespecias.com\/wp-content\/uploads\/2018\/05\/LOGO_MDE-TRANSP.png\",\"width\":244,\"height\":115,\"caption\":\"Mar de Especias\"},\"image\":{\"@id\":\"https:\/\/colaboraciones.mardeespecias.com\/#\/schema\/logo\/image\/\"},\"sameAs\":[\"https:\/\/www.facebook.com\/mardeespeciasoficial\/\",\"https:\/\/x.com\/MardeEspecias\",\"https:\/\/www.instagram.com\/mardeespeciasoficial\/\"]}]}<\/script>\n<!-- \/ Yoast SEO plugin. -->","yoast_head_json":{"title":"LA FONTI\u00d1A DE NAI - Colaboraciones Mar de Especias","description":"LA FONTI\u00d1A DE NAI, su riquisimo terru\u00f1o, permite un cultivo con muchaactividad biodin\u00e1mica, de producci\u00f3n regulada y sostenible en suscepas centenarias...","robots":{"index":"index","follow":"follow","max-snippet":"max-snippet:-1","max-image-preview":"max-image-preview:large","max-video-preview":"max-video-preview:-1"},"canonical":"https:\/\/colaboraciones.mardeespecias.com\/en\/product\/la-fontina-nai\/","og_locale":"en_GB","og_type":"article","og_title":"LA FONTI\u00d1A DE NAI - Colaboraciones Mar de Especias","og_description":"LA FONTI\u00d1A DE NAI, su riquisimo terru\u00f1o, permite un cultivo con muchaactividad biodin\u00e1mica, de producci\u00f3n regulada y sostenible en suscepas centenarias...","og_url":"https:\/\/colaboraciones.mardeespecias.com\/en\/product\/la-fontina-nai\/","og_site_name":"Colaboraciones Mar de Especias","article_publisher":"https:\/\/www.facebook.com\/mardeespeciasoficial\/","article_modified_time":"2024-03-04T05:47:53+00:00","og_image":[{"width":612,"height":612,"url":"https:\/\/colaboraciones.mardeespecias.com\/wp-content\/uploads\/2023\/05\/Fontina-de-nai-blanco-1.jpg","type":"image\/jpeg"}],"twitter_card":"summary_large_image","twitter_site":"@MardeEspecias","twitter_misc":{"Estimated reading time":"1 minute"},"schema":{"@context":"https:\/\/schema.org","@graph":[{"@type":"WebPage","@id":"https:\/\/colaboraciones.mardeespecias.com\/producto\/la-fontina-nai\/","url":"https:\/\/colaboraciones.mardeespecias.com\/producto\/la-fontina-nai\/","name":"LA FONTI\u00d1A DE NAI - Colaboraciones Mar de Especias","isPartOf":{"@id":"https:\/\/colaboraciones.mardeespecias.com\/#website"},"primaryImageOfPage":{"@id":"https:\/\/colaboraciones.mardeespecias.com\/producto\/la-fontina-nai\/#primaryimage"},"image":{"@id":"https:\/\/colaboraciones.mardeespecias.com\/producto\/la-fontina-nai\/#primaryimage"},"thumbnailUrl":"https:\/\/colaboraciones.mardeespecias.com\/wp-content\/uploads\/2023\/05\/Fontina-de-nai-blanco-1.jpg","datePublished":"2023-05-17T19:32:27+00:00","dateModified":"2024-03-04T05:47:53+00:00","description":"LA FONTI\u00d1A DE NAI, su riquisimo terru\u00f1o, permite un cultivo con muchaactividad biodin\u00e1mica, de producci\u00f3n regulada y sostenible en suscepas centenarias...","breadcrumb":{"@id":"https:\/\/colaboraciones.mardeespecias.com\/producto\/la-fontina-nai\/#breadcrumb"},"inLanguage":"en-GB","potentialAction":[{"@type":"ReadAction","target":["https:\/\/colaboraciones.mardeespecias.com\/producto\/la-fontina-nai\/"]}]},{"@type":"ImageObject","inLanguage":"en-GB","@id":"https:\/\/colaboraciones.mardeespecias.com\/producto\/la-fontina-nai\/#primaryimage","url":"https:\/\/colaboraciones.mardeespecias.com\/wp-content\/uploads\/2023\/05\/Fontina-de-nai-blanco-1.jpg","contentUrl":"https:\/\/colaboraciones.mardeespecias.com\/wp-content\/uploads\/2023\/05\/Fontina-de-nai-blanco-1.jpg","width":612,"height":612,"caption":"Fonti\u00f1a de nai"},{"@type":"BreadcrumbList","@id":"https:\/\/colaboraciones.mardeespecias.com\/producto\/la-fontina-nai\/#breadcrumb","itemListElement":[{"@type":"ListItem","position":1,"name":"INICIO","item":"https:\/\/colaboraciones.mardeespecias.com\/"},{"@type":"ListItem","position":2,"name":"Tienda","item":"https:\/\/colaboraciones.mardeespecias.com\/tienda\/"},{"@type":"ListItem","position":3,"name":"LA FONTI\u00d1A DE NAI"}]},{"@type":"WebSite","@id":"https:\/\/colaboraciones.mardeespecias.com\/#website","url":"https:\/\/colaboraciones.mardeespecias.com\/","name":"Colaboraciones Mar de Especias","description":"Portal de venta de productos Selectos.","publisher":{"@id":"https:\/\/colaboraciones.mardeespecias.com\/#organization"},"potentialAction":[{"@type":"SearchAction","target":{"@type":"EntryPoint","urlTemplate":"https:\/\/colaboraciones.mardeespecias.com\/?s={search_term_string}"},"query-input":{"@type":"PropertyValueSpecification","valueRequired":true,"valueName":"search_term_string"}}],"inLanguage":"en-GB"},{"@type":"Organization","@id":"https:\/\/colaboraciones.mardeespecias.com\/#organization","name":"Mar de Especias","url":"https:\/\/colaboraciones.mardeespecias.com\/","logo":{"@type":"ImageObject","inLanguage":"en-GB","@id":"https:\/\/colaboraciones.mardeespecias.com\/#\/schema\/logo\/image\/","url":"https:\/\/colaboraciones.mardeespecias.com\/wp-content\/uploads\/2018\/05\/LOGO_MDE-TRANSP.png","contentUrl":"https:\/\/colaboraciones.mardeespecias.com\/wp-content\/uploads\/2018\/05\/LOGO_MDE-TRANSP.png","width":244,"height":115,"caption":"Mar de Especias"},"image":{"@id":"https:\/\/colaboraciones.mardeespecias.com\/#\/schema\/logo\/image\/"},"sameAs":["https:\/\/www.facebook.com\/mardeespeciasoficial\/","https:\/\/x.com\/MardeEspecias","https:\/\/www.instagram.com\/mardeespeciasoficial\/"]}]}},"_links":{"self":[{"href":"https:\/\/colaboraciones.mardeespecias.com\/en\/wp-json\/wp\/v2\/product\/4957","targetHints":{"allow":["GET"]}}],"collection":[{"href":"https:\/\/colaboraciones.mardeespecias.com\/en\/wp-json\/wp\/v2\/product"}],"about":[{"href":"https:\/\/colaboraciones.mardeespecias.com\/en\/wp-json\/wp\/v2\/types\/product"}],"version-history":[{"count":4,"href":"https:\/\/colaboraciones.mardeespecias.com\/en\/wp-json\/wp\/v2\/product\/4957\/revisions"}],"predecessor-version":[{"id":5088,"href":"https:\/\/colaboraciones.mardeespecias.com\/en\/wp-json\/wp\/v2\/product\/4957\/revisions\/5088"}],"wp:featuredmedia":[{"embeddable":true,"href":"https:\/\/colaboraciones.mardeespecias.com\/en\/wp-json\/wp\/v2\/media\/5025"}],"wp:attachment":[{"href":"https:\/\/colaboraciones.mardeespecias.com\/en\/wp-json\/wp\/v2\/media?parent=4957"}],"wp:term":[{"taxonomy":"product_brand","embeddable":true,"href":"https:\/\/colaboraciones.mardeespecias.com\/en\/wp-json\/wp\/v2\/product_brand?post=4957"},{"taxonomy":"product_cat","embeddable":true,"href":"https:\/\/colaboraciones.mardeespecias.com\/en\/wp-json\/wp\/v2\/product_cat?post=4957"},{"taxonomy":"product_tag","embeddable":true,"href":"https:\/\/colaboraciones.mardeespecias.com\/en\/wp-json\/wp\/v2\/product_tag?post=4957"}],"curies":[{"name":"wp","href":"https:\/\/api.w.org\/{rel}","templated":true}]}}