{"id":4895,"date":"2023-05-14T00:13:46","date_gmt":"2023-05-13T22:13:46","guid":{"rendered":"https:\/\/colaboraciones.mardeespecias.com\/?post_type=product&#038;p=4895"},"modified":"2024-03-04T06:49:26","modified_gmt":"2024-03-04T05:49:26","slug":"angelita","status":"publish","type":"product","link":"https:\/\/colaboraciones.mardeespecias.com\/en\/product\/angelita\/","title":{"rendered":"ANGELITA"},"content":{"rendered":"<p><strong>\u201cUn Chardonnay diferente\u201d<\/strong><br \/>\nAngelita sin duda es un Chardonnay diferente al de otras zonas de Espa\u00f1a por las peculiaridades del terru\u00f1o berciano as\u00ed como del microclima que hay en esta comarca del Bierzo. Y es que, lo diferente en este Chardonnay es su toque a vino atl\u00e1ntico, frente a otros vinos elaborados con la misma varietal en otras zonas de Espa\u00f1a. Es una alegor\u00eda a la primavera con los colores de la flor del Almendro, la primera que florece en la primavera as\u00ed como este vino es uno de los primeros elaborados en toda la comarca debido a la precocidad de maduraci\u00f3n del Chardonnay en el paraje.<\/p>\n<p><strong>\u2022 The winery:<\/strong> <span style=\"text-decoration: underline;\"><a href=\"https:\/\/www.vinoslof.com\/\">LOF<\/a>.<\/span><br \/>\n<strong>\u2022 Location:<\/strong> Valtuille de Abajo<br \/>\n<strong>\u2022 Variety:<\/strong> 100% Chardonnay<br \/>\n<strong>\u2022 Geographical indication:<\/strong> Vino de mesa<br \/>\n<strong>\u2022 Alcohol:<\/strong> 13,5 %<br \/>\n<strong>\u2022 Vineyard:<\/strong> Angelita procede de una parcela de 28 a\u00f1os plantada en el 1994 en espaldera a 900 metros de altitud y con orientaci\u00f3n este. Se obtienen rendimientos muy bajos en racimos de porte muy peque\u00f1o con lo que la concentraci\u00f3n y maduraci\u00f3n es elevada.<br \/>\n<strong>\u2022 Soil type:<\/strong> Terru\u00f1o mayoritario de canto rodado y arcilla.<br \/>\n<strong>\u2022 Climate:<\/strong> Continental Mediterranean with Atlantic influence, characterised by extreme temperature differences between winter and summer.<br \/>\n<strong>\u2022 Processing method:<\/strong> Las uvas son despalilladas y prensadas manualmente. El mosto se desfanga a baja temperatura durante 24h. Es decantado para su clarificaci\u00f3n, se trasiega y deja listo para la fermentaci\u00f3n, que empieza en dep\u00f3sito de acero inoxidable y termina en barricas de 225 litros de roble .Se hacen movimientos peri\u00f3dicos de las l\u00edas buscando un aporte estructural y buen cuerpo. Al cabo de 12 meses en barrica es clarificado y embotellado.<br \/>\n<strong>\u2022 Certification:<\/strong> Sustainable viticulture.<\/p>","protected":false},"excerpt":{"rendered":"<p><strong>\u2022 The winery:<\/strong> <a href=\"https:\/\/www.vinoslof.com\/\"><span style=\"text-decoration: underline;\">LOF<\/span><\/a>.<br \/>\n<strong>\u2022 Location:<\/strong> Valtuille de Abajo<br \/>\n<strong>\u2022 Variety:<\/strong> 100% Chardonnay<br \/>\n<strong>\u2022 Geographical indication:<\/strong> Vino de mesa<br \/>\n<strong>\u2022 Alcohol:<\/strong> 13,5 %<br \/>\n<strong>\u2022 Vineyard:<\/strong> Angelita procede de una parcela de 28 a\u00f1os plantada en el 1994 en espaldera a 900 metros de altitud y con orientaci\u00f3n este. Se obtienen rendimientos muy bajos en racimos de porte muy peque\u00f1o con lo que la concentraci\u00f3n y maduraci\u00f3n es elevada.<br \/>\n<strong>\u2022 Soil type:<\/strong> Terru\u00f1o mayoritario de canto rodado y arcilla.<br \/>\n<strong>\u2022 Climate:<\/strong> Continental Mediterranean with Atlantic influence, characterised by extreme temperature differences between winter and summer.<br \/>\n<strong>\u2022 Processing method:<\/strong> Las uvas son despalilladas y prensadas manualmente. El mosto se desfanga a baja temperatura durante 24h. Es decantado para su clarificaci\u00f3n, se trasiega y deja listo para la fermentaci\u00f3n, que empieza en dep\u00f3sito de acero inoxidable y termina en barricas de 225 litros de roble .Se hacen movimientos peri\u00f3dicos de las l\u00edas buscando un aporte estructural y buen cuerpo. Al cabo de 12 meses en barrica es clarificado y embotellado.<br \/>\n<strong>\u2022 Certification:<\/strong> Sustainable viticulture.<\/p>","protected":false},"featured_media":5023,"template":"","meta":{"ocean_post_layout":"","ocean_both_sidebars_style":"","ocean_both_sidebars_content_width":0,"ocean_both_sidebars_sidebars_width":0,"ocean_sidebar":"0","ocean_second_sidebar":"0","ocean_disable_margins":"enable","ocean_add_body_class":"","ocean_shortcode_before_top_bar":"","ocean_shortcode_after_top_bar":"","ocean_shortcode_before_header":"","ocean_shortcode_after_header":"","ocean_has_shortcode":"","ocean_shortcode_after_title":"","ocean_shortcode_before_footer_widgets":"","ocean_shortcode_after_footer_widgets":"","ocean_shortcode_before_footer_bottom":"","ocean_shortcode_after_footer_bottom":"","ocean_display_top_bar":"default","ocean_display_header":"default","ocean_header_style":"","ocean_center_header_left_menu":"0","ocean_custom_header_template":"0","ocean_custom_logo":0,"ocean_custom_retina_logo":0,"ocean_custom_logo_max_width":0,"ocean_custom_logo_tablet_max_width":0,"ocean_custom_logo_mobile_max_width":0,"ocean_custom_logo_max_height":0,"ocean_custom_logo_tablet_max_height":0,"ocean_custom_logo_mobile_max_height":0,"ocean_header_custom_menu":"0","ocean_menu_typo_font_family":"0","ocean_menu_typo_font_subset":"","ocean_menu_typo_font_size":0,"ocean_menu_typo_font_size_tablet":0,"ocean_menu_typo_font_size_mobile":0,"ocean_menu_typo_font_size_unit":"px","ocean_menu_typo_font_weight":"","ocean_menu_typo_font_weight_tablet":"","ocean_menu_typo_font_weight_mobile":"","ocean_menu_typo_transform":"","ocean_menu_typo_transform_tablet":"","ocean_menu_typo_transform_mobile":"","ocean_menu_typo_line_height":0,"ocean_menu_typo_line_height_tablet":0,"ocean_menu_typo_line_height_mobile":0,"ocean_menu_typo_line_height_unit":"","ocean_menu_typo_spacing":0,"ocean_menu_typo_spacing_tablet":0,"ocean_menu_typo_spacing_mobile":0,"ocean_menu_typo_spacing_unit":"","ocean_menu_link_color":"","ocean_menu_link_color_hover":"","ocean_menu_link_color_active":"","ocean_menu_link_background":"","ocean_menu_link_hover_background":"","ocean_menu_link_active_background":"","ocean_menu_social_links_bg":"","ocean_menu_social_hover_links_bg":"","ocean_menu_social_links_color":"","ocean_menu_social_hover_links_color":"","ocean_disable_title":"default","ocean_disable_heading":"default","ocean_post_title":"","ocean_post_subheading":"","ocean_post_title_style":"","ocean_post_title_background_color":"","ocean_post_title_background":0,"ocean_post_title_bg_image_position":"","ocean_post_title_bg_image_attachment":"","ocean_post_title_bg_image_repeat":"","ocean_post_title_bg_image_size":"","ocean_post_title_height":0,"ocean_post_title_bg_overlay":0.5,"ocean_post_title_bg_overlay_color":"","ocean_disable_breadcrumbs":"default","ocean_breadcrumbs_color":"","ocean_breadcrumbs_separator_color":"","ocean_breadcrumbs_links_color":"","ocean_breadcrumbs_links_hover_color":"","ocean_display_footer_widgets":"default","ocean_display_footer_bottom":"default","ocean_custom_footer_template":"0"},"product_brand":[],"product_cat":[176,232,195],"product_tag":[249,234,235],"class_list":{"0":"post-4895","1":"product","2":"type-product","3":"status-publish","4":"has-post-thumbnail","6":"product_cat-colaboracion-el-salgueral","7":"product_cat-vinos","8":"product_cat-vinos-blancos","9":"product_tag-chardonnay","10":"product_tag-vino","11":"product_tag-vino-blanco","13":"entry","14":"has-media","16":"first","17":"instock","18":"taxable","19":"shipping-taxable","20":"purchasable","21":"product-type-variable","22":"has-product-nav","23":"col","24":"span_1_of_4","25":"owp-content-center","26":"item-entry","27":"owp-thumbs-layout-horizontal","28":"owp-btn-very-big","29":"owp-tabs-layout-vertical"},"acf":[],"yoast_head":"<!-- This site is optimized with the Yoast SEO plugin v26.5 - https:\/\/yoast.com\/wordpress\/plugins\/seo\/ -->\n<title>ANGELITA - Colaboraciones Mar de Especias<\/title>\n<meta name=\"description\" content=\"Angelita sin duda es un Chardonnay diferente por las peculiaridades del terru\u00f1o berciano as\u00ed como del microclima que hay en esta comarca del Bierzo\" \/>\n<meta name=\"robots\" content=\"index, follow, max-snippet:-1, max-image-preview:large, max-video-preview:-1\" \/>\n<link rel=\"canonical\" href=\"https:\/\/colaboraciones.mardeespecias.com\/en\/product\/angelita\/\" \/>\n<meta property=\"og:locale\" content=\"en_GB\" \/>\n<meta property=\"og:type\" content=\"article\" \/>\n<meta property=\"og:title\" content=\"ANGELITA - Colaboraciones Mar de Especias\" \/>\n<meta property=\"og:description\" content=\"Angelita sin duda es un Chardonnay diferente por las peculiaridades del terru\u00f1o berciano as\u00ed como del microclima que hay en esta comarca del Bierzo\" \/>\n<meta property=\"og:url\" content=\"https:\/\/colaboraciones.mardeespecias.com\/en\/product\/angelita\/\" \/>\n<meta property=\"og:site_name\" content=\"Colaboraciones Mar de Especias\" \/>\n<meta property=\"article:publisher\" content=\"https:\/\/www.facebook.com\/mardeespeciasoficial\/\" \/>\n<meta property=\"article:modified_time\" content=\"2024-03-04T05:49:26+00:00\" \/>\n<meta property=\"og:image\" content=\"https:\/\/colaboraciones.mardeespecias.com\/wp-content\/uploads\/2023\/05\/Angelita-fondo-blanco-1.jpg\" \/>\n\t<meta property=\"og:image:width\" content=\"612\" \/>\n\t<meta property=\"og:image:height\" content=\"612\" \/>\n\t<meta property=\"og:image:type\" content=\"image\/jpeg\" \/>\n<meta name=\"twitter:card\" content=\"summary_large_image\" \/>\n<meta name=\"twitter:site\" content=\"@MardeEspecias\" \/>\n<meta name=\"twitter:label1\" content=\"Estimated reading time\" \/>\n\t<meta name=\"twitter:data1\" content=\"1 minute\" \/>\n<script type=\"application\/ld+json\" class=\"yoast-schema-graph\">{\"@context\":\"https:\/\/schema.org\",\"@graph\":[{\"@type\":\"WebPage\",\"@id\":\"https:\/\/colaboraciones.mardeespecias.com\/producto\/angelita\/\",\"url\":\"https:\/\/colaboraciones.mardeespecias.com\/producto\/angelita\/\",\"name\":\"ANGELITA - Colaboraciones Mar de Especias\",\"isPartOf\":{\"@id\":\"https:\/\/colaboraciones.mardeespecias.com\/#website\"},\"primaryImageOfPage\":{\"@id\":\"https:\/\/colaboraciones.mardeespecias.com\/producto\/angelita\/#primaryimage\"},\"image\":{\"@id\":\"https:\/\/colaboraciones.mardeespecias.com\/producto\/angelita\/#primaryimage\"},\"thumbnailUrl\":\"https:\/\/colaboraciones.mardeespecias.com\/wp-content\/uploads\/2023\/05\/Angelita-fondo-blanco-1.jpg\",\"datePublished\":\"2023-05-13T22:13:46+00:00\",\"dateModified\":\"2024-03-04T05:49:26+00:00\",\"description\":\"Angelita sin duda es un Chardonnay diferente por las peculiaridades del terru\u00f1o berciano as\u00ed como del microclima que hay en esta comarca del Bierzo\",\"breadcrumb\":{\"@id\":\"https:\/\/colaboraciones.mardeespecias.com\/producto\/angelita\/#breadcrumb\"},\"inLanguage\":\"en-GB\",\"potentialAction\":[{\"@type\":\"ReadAction\",\"target\":[\"https:\/\/colaboraciones.mardeespecias.com\/producto\/angelita\/\"]}]},{\"@type\":\"ImageObject\",\"inLanguage\":\"en-GB\",\"@id\":\"https:\/\/colaboraciones.mardeespecias.com\/producto\/angelita\/#primaryimage\",\"url\":\"https:\/\/colaboraciones.mardeespecias.com\/wp-content\/uploads\/2023\/05\/Angelita-fondo-blanco-1.jpg\",\"contentUrl\":\"https:\/\/colaboraciones.mardeespecias.com\/wp-content\/uploads\/2023\/05\/Angelita-fondo-blanco-1.jpg\",\"width\":612,\"height\":612,\"caption\":\"Angelita\"},{\"@type\":\"BreadcrumbList\",\"@id\":\"https:\/\/colaboraciones.mardeespecias.com\/producto\/angelita\/#breadcrumb\",\"itemListElement\":[{\"@type\":\"ListItem\",\"position\":1,\"name\":\"INICIO\",\"item\":\"https:\/\/colaboraciones.mardeespecias.com\/\"},{\"@type\":\"ListItem\",\"position\":2,\"name\":\"Tienda\",\"item\":\"https:\/\/colaboraciones.mardeespecias.com\/tienda\/\"},{\"@type\":\"ListItem\",\"position\":3,\"name\":\"ANGELITA\"}]},{\"@type\":\"WebSite\",\"@id\":\"https:\/\/colaboraciones.mardeespecias.com\/#website\",\"url\":\"https:\/\/colaboraciones.mardeespecias.com\/\",\"name\":\"Colaboraciones Mar de Especias\",\"description\":\"Portal de venta de productos Selectos.\",\"publisher\":{\"@id\":\"https:\/\/colaboraciones.mardeespecias.com\/#organization\"},\"potentialAction\":[{\"@type\":\"SearchAction\",\"target\":{\"@type\":\"EntryPoint\",\"urlTemplate\":\"https:\/\/colaboraciones.mardeespecias.com\/?s={search_term_string}\"},\"query-input\":{\"@type\":\"PropertyValueSpecification\",\"valueRequired\":true,\"valueName\":\"search_term_string\"}}],\"inLanguage\":\"en-GB\"},{\"@type\":\"Organization\",\"@id\":\"https:\/\/colaboraciones.mardeespecias.com\/#organization\",\"name\":\"Mar de Especias\",\"url\":\"https:\/\/colaboraciones.mardeespecias.com\/\",\"logo\":{\"@type\":\"ImageObject\",\"inLanguage\":\"en-GB\",\"@id\":\"https:\/\/colaboraciones.mardeespecias.com\/#\/schema\/logo\/image\/\",\"url\":\"https:\/\/colaboraciones.mardeespecias.com\/wp-content\/uploads\/2018\/05\/LOGO_MDE-TRANSP.png\",\"contentUrl\":\"https:\/\/colaboraciones.mardeespecias.com\/wp-content\/uploads\/2018\/05\/LOGO_MDE-TRANSP.png\",\"width\":244,\"height\":115,\"caption\":\"Mar de Especias\"},\"image\":{\"@id\":\"https:\/\/colaboraciones.mardeespecias.com\/#\/schema\/logo\/image\/\"},\"sameAs\":[\"https:\/\/www.facebook.com\/mardeespeciasoficial\/\",\"https:\/\/x.com\/MardeEspecias\",\"https:\/\/www.instagram.com\/mardeespeciasoficial\/\"]}]}<\/script>\n<!-- \/ Yoast SEO plugin. -->","yoast_head_json":{"title":"ANGELITA - Colaboraciones Mar de Especias","description":"Angelita sin duda es un Chardonnay diferente por las peculiaridades del terru\u00f1o berciano as\u00ed como del microclima que hay en esta comarca del Bierzo","robots":{"index":"index","follow":"follow","max-snippet":"max-snippet:-1","max-image-preview":"max-image-preview:large","max-video-preview":"max-video-preview:-1"},"canonical":"https:\/\/colaboraciones.mardeespecias.com\/en\/product\/angelita\/","og_locale":"en_GB","og_type":"article","og_title":"ANGELITA - Colaboraciones Mar de Especias","og_description":"Angelita sin duda es un Chardonnay diferente por las peculiaridades del terru\u00f1o berciano as\u00ed como del microclima que hay en esta comarca del Bierzo","og_url":"https:\/\/colaboraciones.mardeespecias.com\/en\/product\/angelita\/","og_site_name":"Colaboraciones Mar de Especias","article_publisher":"https:\/\/www.facebook.com\/mardeespeciasoficial\/","article_modified_time":"2024-03-04T05:49:26+00:00","og_image":[{"width":612,"height":612,"url":"https:\/\/colaboraciones.mardeespecias.com\/wp-content\/uploads\/2023\/05\/Angelita-fondo-blanco-1.jpg","type":"image\/jpeg"}],"twitter_card":"summary_large_image","twitter_site":"@MardeEspecias","twitter_misc":{"Estimated reading time":"1 minute"},"schema":{"@context":"https:\/\/schema.org","@graph":[{"@type":"WebPage","@id":"https:\/\/colaboraciones.mardeespecias.com\/producto\/angelita\/","url":"https:\/\/colaboraciones.mardeespecias.com\/producto\/angelita\/","name":"ANGELITA - Colaboraciones Mar de Especias","isPartOf":{"@id":"https:\/\/colaboraciones.mardeespecias.com\/#website"},"primaryImageOfPage":{"@id":"https:\/\/colaboraciones.mardeespecias.com\/producto\/angelita\/#primaryimage"},"image":{"@id":"https:\/\/colaboraciones.mardeespecias.com\/producto\/angelita\/#primaryimage"},"thumbnailUrl":"https:\/\/colaboraciones.mardeespecias.com\/wp-content\/uploads\/2023\/05\/Angelita-fondo-blanco-1.jpg","datePublished":"2023-05-13T22:13:46+00:00","dateModified":"2024-03-04T05:49:26+00:00","description":"Angelita sin duda es un Chardonnay diferente por las peculiaridades del terru\u00f1o berciano as\u00ed como del microclima que hay en esta comarca del Bierzo","breadcrumb":{"@id":"https:\/\/colaboraciones.mardeespecias.com\/producto\/angelita\/#breadcrumb"},"inLanguage":"en-GB","potentialAction":[{"@type":"ReadAction","target":["https:\/\/colaboraciones.mardeespecias.com\/producto\/angelita\/"]}]},{"@type":"ImageObject","inLanguage":"en-GB","@id":"https:\/\/colaboraciones.mardeespecias.com\/producto\/angelita\/#primaryimage","url":"https:\/\/colaboraciones.mardeespecias.com\/wp-content\/uploads\/2023\/05\/Angelita-fondo-blanco-1.jpg","contentUrl":"https:\/\/colaboraciones.mardeespecias.com\/wp-content\/uploads\/2023\/05\/Angelita-fondo-blanco-1.jpg","width":612,"height":612,"caption":"Angelita"},{"@type":"BreadcrumbList","@id":"https:\/\/colaboraciones.mardeespecias.com\/producto\/angelita\/#breadcrumb","itemListElement":[{"@type":"ListItem","position":1,"name":"INICIO","item":"https:\/\/colaboraciones.mardeespecias.com\/"},{"@type":"ListItem","position":2,"name":"Tienda","item":"https:\/\/colaboraciones.mardeespecias.com\/tienda\/"},{"@type":"ListItem","position":3,"name":"ANGELITA"}]},{"@type":"WebSite","@id":"https:\/\/colaboraciones.mardeespecias.com\/#website","url":"https:\/\/colaboraciones.mardeespecias.com\/","name":"Colaboraciones Mar de Especias","description":"Portal de venta de productos Selectos.","publisher":{"@id":"https:\/\/colaboraciones.mardeespecias.com\/#organization"},"potentialAction":[{"@type":"SearchAction","target":{"@type":"EntryPoint","urlTemplate":"https:\/\/colaboraciones.mardeespecias.com\/?s={search_term_string}"},"query-input":{"@type":"PropertyValueSpecification","valueRequired":true,"valueName":"search_term_string"}}],"inLanguage":"en-GB"},{"@type":"Organization","@id":"https:\/\/colaboraciones.mardeespecias.com\/#organization","name":"Mar de Especias","url":"https:\/\/colaboraciones.mardeespecias.com\/","logo":{"@type":"ImageObject","inLanguage":"en-GB","@id":"https:\/\/colaboraciones.mardeespecias.com\/#\/schema\/logo\/image\/","url":"https:\/\/colaboraciones.mardeespecias.com\/wp-content\/uploads\/2018\/05\/LOGO_MDE-TRANSP.png","contentUrl":"https:\/\/colaboraciones.mardeespecias.com\/wp-content\/uploads\/2018\/05\/LOGO_MDE-TRANSP.png","width":244,"height":115,"caption":"Mar de Especias"},"image":{"@id":"https:\/\/colaboraciones.mardeespecias.com\/#\/schema\/logo\/image\/"},"sameAs":["https:\/\/www.facebook.com\/mardeespeciasoficial\/","https:\/\/x.com\/MardeEspecias","https:\/\/www.instagram.com\/mardeespeciasoficial\/"]}]}},"_links":{"self":[{"href":"https:\/\/colaboraciones.mardeespecias.com\/en\/wp-json\/wp\/v2\/product\/4895","targetHints":{"allow":["GET"]}}],"collection":[{"href":"https:\/\/colaboraciones.mardeespecias.com\/en\/wp-json\/wp\/v2\/product"}],"about":[{"href":"https:\/\/colaboraciones.mardeespecias.com\/en\/wp-json\/wp\/v2\/types\/product"}],"version-history":[{"count":3,"href":"https:\/\/colaboraciones.mardeespecias.com\/en\/wp-json\/wp\/v2\/product\/4895\/revisions"}],"predecessor-version":[{"id":5149,"href":"https:\/\/colaboraciones.mardeespecias.com\/en\/wp-json\/wp\/v2\/product\/4895\/revisions\/5149"}],"wp:featuredmedia":[{"embeddable":true,"href":"https:\/\/colaboraciones.mardeespecias.com\/en\/wp-json\/wp\/v2\/media\/5023"}],"wp:attachment":[{"href":"https:\/\/colaboraciones.mardeespecias.com\/en\/wp-json\/wp\/v2\/media?parent=4895"}],"wp:term":[{"taxonomy":"product_brand","embeddable":true,"href":"https:\/\/colaboraciones.mardeespecias.com\/en\/wp-json\/wp\/v2\/product_brand?post=4895"},{"taxonomy":"product_cat","embeddable":true,"href":"https:\/\/colaboraciones.mardeespecias.com\/en\/wp-json\/wp\/v2\/product_cat?post=4895"},{"taxonomy":"product_tag","embeddable":true,"href":"https:\/\/colaboraciones.mardeespecias.com\/en\/wp-json\/wp\/v2\/product_tag?post=4895"}],"curies":[{"name":"wp","href":"https:\/\/api.w.org\/{rel}","templated":true}]}}