{"id":4887,"date":"2023-05-13T20:57:45","date_gmt":"2023-05-13T18:57:45","guid":{"rendered":"https:\/\/colaboraciones.mardeespecias.com\/?post_type=product&#038;p=4887"},"modified":"2024-02-20T20:37:15","modified_gmt":"2024-02-20T19:37:15","slug":"placet","status":"publish","type":"product","link":"https:\/\/colaboraciones.mardeespecias.com\/en\/product\/placet\/","title":{"rendered":"PLACET"},"content":{"rendered":"<p><strong>\u201cUna Viura muy personal\u201d<\/strong><br \/>\nPlacet es el \u00fanico blanco que elabora el reconocido y admirado en\u00f3logo \u00c1lvaro Palacios, que posee un don para interpretar el paisaje y extraer lo mejor de cada una de las variedades de los vi\u00f1edos donde trabaja. Un vino blanco perfilado con aromas de fruta madura tropical, notas de flores blancas y toques especiados. En boca es n\u00edtido, fresco y sabroso. Un vino con una tensi\u00f3n muy atractiva, un paso fluido y un final sutilmente salado.<\/p>\n<p>\u2022 <strong>The winery<\/strong>: <a href=\"http:\/\/www.gruporioja.es\/es\/bodegas-palacios-remondo-s-a\"><span style=\"text-decoration: underline;\">Bodegas Palacios Remondo<\/span><\/a>.<br \/>\n\u2022 <strong>Location<\/strong>: Alfaro (Rioja oriental)<br \/>\n\u2022 <strong>Variety<\/strong>: 100% Viura (macabeo).<br \/>\n\u2022 <strong>Geographical indication<\/strong>: D.O. Rioja<br \/>\n\u2022 <strong>Alcohol:<\/strong>: 14 %<br \/>\n\u2022 <strong>Vineyard<\/strong>: Los racimos con los que se elabora el vino Pl\u00e1cet de Valtomelloso provienen de la finca La Montesa donde predominan los suelos de materiales de composici\u00f3n c\u00e1lcica y crecen cepas de alrededor de 30 a\u00f1os de edad, vi\u00f1edo que se trabaja bajo los principios de la agricultura ecol\u00f3gica y que se encuentra sobre una larga ladera de suave pendiente sobre las faldas del monte Yerga.<br \/>\n\u2022 <strong>Soil type<\/strong>: From the Quaternary Era with a very varied composition: from volcanic rock to slate and sandstone, including silt and sand.<br \/>\n\u2022 <strong>Climate<\/strong>: Continental Mediterranean with Atlantic influence, characterised by extreme temperature differences between winter and summer.<br \/>\n\u2022 <strong>Processing method<\/strong>: La vendimia se lleva a cabo a mano y bajo una estricta selecci\u00f3n. Cuando los racimos llegan a la bodega se despalillan parcialmente y se prensan con suavidad para comenzar la fermentaci\u00f3n alcoh\u00f3lica que se lleva a cabo en fudres ovalados, a baja temperatura y con sus levaduras aut\u00f3ctonas. El vino resultante pasa por una crianza en dep\u00f3sitos ovales de roble alrededor de 10 meses, dependiendo de la a\u00f1ada.<br \/>\n\u2022 <strong>Certification<\/strong>:<\/p>","protected":false},"excerpt":{"rendered":"<p>\u2022 <strong>The winery<\/strong>: <a href=\"http:\/\/www.gruporioja.es\/es\/bodegas-palacios-remondo-s-a\"><span style=\"text-decoration: underline;\">Bodegas Palacios Remondo<\/span><\/a>.<br \/>\n\u2022 <strong>Location<\/strong>: Alfaro (Rioja oriental)<br \/>\n\u2022 <strong>Variety<\/strong>: 100% Viura (macabeo).<br \/>\n\u2022 <strong>Geographical indication<\/strong>: D.O. Rioja<br \/>\n\u2022 <strong>Alcohol:<\/strong>: 14 %<br \/>\n\u2022 <strong>Vineyard<\/strong>: Los racimos con los que se elabora el vino Pl\u00e1cet de Valtomelloso provienen de la finca La Montesa donde predominan los suelos de materiales de composici\u00f3n c\u00e1lcica y crecen cepas de alrededor de 30 a\u00f1os de edad, vi\u00f1edo que se trabaja bajo los principios de la agricultura ecol\u00f3gica y que se encuentra sobre una larga ladera de suave pendiente sobre las faldas del monte Yerga.<br \/>\n\u2022 <strong>Soil type<\/strong>: From the Quaternary Era with a very varied composition: from volcanic rock to slate and sandstone, including silt and sand.<br \/>\n\u2022 <strong>Climate<\/strong>: Continental Mediterranean with Atlantic influence, characterised by extreme temperature differences between winter and summer.<br \/>\n\u2022 <strong>Processing method<\/strong>: La vendimia se lleva a cabo a mano y bajo una estricta selecci\u00f3n. Cuando los racimos llegan a la bodega se despalillan parcialmente y se prensan con suavidad para comenzar la fermentaci\u00f3n alcoh\u00f3lica que se lleva a cabo en fudres ovalados, a baja temperatura y con sus levaduras aut\u00f3ctonas. El vino resultante pasa por una crianza en dep\u00f3sitos ovales de roble alrededor de 10 meses, dependiendo de la a\u00f1ada.<br \/>\n\u2022 <strong>Certification<\/strong>:<\/p>","protected":false},"featured_media":5037,"template":"","meta":{"ocean_post_layout":"","ocean_both_sidebars_style":"","ocean_both_sidebars_content_width":0,"ocean_both_sidebars_sidebars_width":0,"ocean_sidebar":"0","ocean_second_sidebar":"0","ocean_disable_margins":"enable","ocean_add_body_class":"","ocean_shortcode_before_top_bar":"","ocean_shortcode_after_top_bar":"","ocean_shortcode_before_header":"","ocean_shortcode_after_header":"","ocean_has_shortcode":"","ocean_shortcode_after_title":"","ocean_shortcode_before_footer_widgets":"","ocean_shortcode_after_footer_widgets":"","ocean_shortcode_before_footer_bottom":"","ocean_shortcode_after_footer_bottom":"","ocean_display_top_bar":"default","ocean_display_header":"default","ocean_header_style":"","ocean_center_header_left_menu":"0","ocean_custom_header_template":"0","ocean_custom_logo":0,"ocean_custom_retina_logo":0,"ocean_custom_logo_max_width":0,"ocean_custom_logo_tablet_max_width":0,"ocean_custom_logo_mobile_max_width":0,"ocean_custom_logo_max_height":0,"ocean_custom_logo_tablet_max_height":0,"ocean_custom_logo_mobile_max_height":0,"ocean_header_custom_menu":"0","ocean_menu_typo_font_family":"0","ocean_menu_typo_font_subset":"","ocean_menu_typo_font_size":0,"ocean_menu_typo_font_size_tablet":0,"ocean_menu_typo_font_size_mobile":0,"ocean_menu_typo_font_size_unit":"px","ocean_menu_typo_font_weight":"","ocean_menu_typo_font_weight_tablet":"","ocean_menu_typo_font_weight_mobile":"","ocean_menu_typo_transform":"","ocean_menu_typo_transform_tablet":"","ocean_menu_typo_transform_mobile":"","ocean_menu_typo_line_height":0,"ocean_menu_typo_line_height_tablet":0,"ocean_menu_typo_line_height_mobile":0,"ocean_menu_typo_line_height_unit":"","ocean_menu_typo_spacing":0,"ocean_menu_typo_spacing_tablet":0,"ocean_menu_typo_spacing_mobile":0,"ocean_menu_typo_spacing_unit":"","ocean_menu_link_color":"","ocean_menu_link_color_hover":"","ocean_menu_link_color_active":"","ocean_menu_link_background":"","ocean_menu_link_hover_background":"","ocean_menu_link_active_background":"","ocean_menu_social_links_bg":"","ocean_menu_social_hover_links_bg":"","ocean_menu_social_links_color":"","ocean_menu_social_hover_links_color":"","ocean_disable_title":"default","ocean_disable_heading":"default","ocean_post_title":"","ocean_post_subheading":"","ocean_post_title_style":"","ocean_post_title_background_color":"","ocean_post_title_background":0,"ocean_post_title_bg_image_position":"","ocean_post_title_bg_image_attachment":"","ocean_post_title_bg_image_repeat":"","ocean_post_title_bg_image_size":"","ocean_post_title_height":0,"ocean_post_title_bg_overlay":0.5,"ocean_post_title_bg_overlay_color":"","ocean_disable_breadcrumbs":"default","ocean_breadcrumbs_color":"","ocean_breadcrumbs_separator_color":"","ocean_breadcrumbs_links_color":"","ocean_breadcrumbs_links_hover_color":"","ocean_display_footer_widgets":"default","ocean_display_footer_bottom":"default","ocean_custom_footer_template":"0"},"product_brand":[],"product_cat":[176,232,247],"product_tag":[234,235,239],"class_list":{"0":"post-4887","1":"product","2":"type-product","3":"status-publish","4":"has-post-thumbnail","6":"product_cat-colaboracion-el-salgueral","7":"product_cat-vinos","8":"product_cat-vinos-blancos-do-rioja","9":"product_tag-vino","10":"product_tag-vino-blanco","11":"product_tag-vino-do-rioja","13":"entry","14":"has-media","16":"first","17":"outofstock","18":"taxable","19":"shipping-taxable","20":"product-type-variable","21":"has-product-nav","22":"col","23":"span_1_of_4","24":"owp-content-center","25":"item-entry","26":"owp-thumbs-layout-horizontal","27":"owp-btn-very-big","28":"owp-tabs-layout-vertical"},"acf":[],"yoast_head":"<!-- This site is optimized with the Yoast SEO plugin v26.5 - https:\/\/yoast.com\/wordpress\/plugins\/seo\/ -->\n<title>PLACET - Colaboraciones Mar de Especias<\/title>\n<meta name=\"description\" content=\"Placet un vino blanco perfilado con aromas de fruta madura tropical, notas de flores blancas y toques especiados. En boca es n\u00edtido, fresco y sabroso.\" \/>\n<meta name=\"robots\" content=\"index, follow, max-snippet:-1, max-image-preview:large, max-video-preview:-1\" \/>\n<link rel=\"canonical\" href=\"https:\/\/colaboraciones.mardeespecias.com\/en\/product\/placet\/\" \/>\n<meta property=\"og:locale\" content=\"en_GB\" \/>\n<meta property=\"og:type\" content=\"article\" \/>\n<meta property=\"og:title\" content=\"PLACET - Colaboraciones Mar de Especias\" \/>\n<meta property=\"og:description\" content=\"Placet un vino blanco perfilado con aromas de fruta madura tropical, notas de flores blancas y toques especiados. En boca es n\u00edtido, fresco y sabroso.\" \/>\n<meta property=\"og:url\" content=\"https:\/\/colaboraciones.mardeespecias.com\/en\/product\/placet\/\" \/>\n<meta property=\"og:site_name\" content=\"Colaboraciones Mar de Especias\" \/>\n<meta property=\"article:publisher\" content=\"https:\/\/www.facebook.com\/mardeespeciasoficial\/\" \/>\n<meta property=\"article:modified_time\" content=\"2024-02-20T19:37:15+00:00\" \/>\n<meta property=\"og:image\" content=\"https:\/\/colaboraciones.mardeespecias.com\/wp-content\/uploads\/2023\/05\/Placet-Valtomelloso-fondo-blanco-1.jpg\" \/>\n\t<meta property=\"og:image:width\" content=\"612\" \/>\n\t<meta property=\"og:image:height\" content=\"612\" \/>\n\t<meta property=\"og:image:type\" content=\"image\/jpeg\" \/>\n<meta name=\"twitter:card\" content=\"summary_large_image\" \/>\n<meta name=\"twitter:site\" content=\"@MardeEspecias\" \/>\n<meta name=\"twitter:label1\" content=\"Estimated reading time\" \/>\n\t<meta name=\"twitter:data1\" content=\"2 minutes\" \/>\n<script type=\"application\/ld+json\" class=\"yoast-schema-graph\">{\"@context\":\"https:\/\/schema.org\",\"@graph\":[{\"@type\":\"WebPage\",\"@id\":\"https:\/\/colaboraciones.mardeespecias.com\/producto\/placet\/\",\"url\":\"https:\/\/colaboraciones.mardeespecias.com\/producto\/placet\/\",\"name\":\"PLACET - Colaboraciones Mar de Especias\",\"isPartOf\":{\"@id\":\"https:\/\/colaboraciones.mardeespecias.com\/#website\"},\"primaryImageOfPage\":{\"@id\":\"https:\/\/colaboraciones.mardeespecias.com\/producto\/placet\/#primaryimage\"},\"image\":{\"@id\":\"https:\/\/colaboraciones.mardeespecias.com\/producto\/placet\/#primaryimage\"},\"thumbnailUrl\":\"https:\/\/colaboraciones.mardeespecias.com\/wp-content\/uploads\/2023\/05\/Placet-Valtomelloso-fondo-blanco-1.jpg\",\"datePublished\":\"2023-05-13T18:57:45+00:00\",\"dateModified\":\"2024-02-20T19:37:15+00:00\",\"description\":\"Placet un vino blanco perfilado con aromas de fruta madura tropical, notas de flores blancas y toques especiados. En boca es n\u00edtido, fresco y sabroso.\",\"breadcrumb\":{\"@id\":\"https:\/\/colaboraciones.mardeespecias.com\/producto\/placet\/#breadcrumb\"},\"inLanguage\":\"en-GB\",\"potentialAction\":[{\"@type\":\"ReadAction\",\"target\":[\"https:\/\/colaboraciones.mardeespecias.com\/producto\/placet\/\"]}]},{\"@type\":\"ImageObject\",\"inLanguage\":\"en-GB\",\"@id\":\"https:\/\/colaboraciones.mardeespecias.com\/producto\/placet\/#primaryimage\",\"url\":\"https:\/\/colaboraciones.mardeespecias.com\/wp-content\/uploads\/2023\/05\/Placet-Valtomelloso-fondo-blanco-1.jpg\",\"contentUrl\":\"https:\/\/colaboraciones.mardeespecias.com\/wp-content\/uploads\/2023\/05\/Placet-Valtomelloso-fondo-blanco-1.jpg\",\"width\":612,\"height\":612,\"caption\":\"Placet de Valtomelloso\"},{\"@type\":\"BreadcrumbList\",\"@id\":\"https:\/\/colaboraciones.mardeespecias.com\/producto\/placet\/#breadcrumb\",\"itemListElement\":[{\"@type\":\"ListItem\",\"position\":1,\"name\":\"INICIO\",\"item\":\"https:\/\/colaboraciones.mardeespecias.com\/\"},{\"@type\":\"ListItem\",\"position\":2,\"name\":\"Tienda\",\"item\":\"https:\/\/colaboraciones.mardeespecias.com\/tienda\/\"},{\"@type\":\"ListItem\",\"position\":3,\"name\":\"PLACET\"}]},{\"@type\":\"WebSite\",\"@id\":\"https:\/\/colaboraciones.mardeespecias.com\/#website\",\"url\":\"https:\/\/colaboraciones.mardeespecias.com\/\",\"name\":\"Colaboraciones Mar de Especias\",\"description\":\"Portal de venta de productos Selectos.\",\"publisher\":{\"@id\":\"https:\/\/colaboraciones.mardeespecias.com\/#organization\"},\"potentialAction\":[{\"@type\":\"SearchAction\",\"target\":{\"@type\":\"EntryPoint\",\"urlTemplate\":\"https:\/\/colaboraciones.mardeespecias.com\/?s={search_term_string}\"},\"query-input\":{\"@type\":\"PropertyValueSpecification\",\"valueRequired\":true,\"valueName\":\"search_term_string\"}}],\"inLanguage\":\"en-GB\"},{\"@type\":\"Organization\",\"@id\":\"https:\/\/colaboraciones.mardeespecias.com\/#organization\",\"name\":\"Mar de Especias\",\"url\":\"https:\/\/colaboraciones.mardeespecias.com\/\",\"logo\":{\"@type\":\"ImageObject\",\"inLanguage\":\"en-GB\",\"@id\":\"https:\/\/colaboraciones.mardeespecias.com\/#\/schema\/logo\/image\/\",\"url\":\"https:\/\/colaboraciones.mardeespecias.com\/wp-content\/uploads\/2018\/05\/LOGO_MDE-TRANSP.png\",\"contentUrl\":\"https:\/\/colaboraciones.mardeespecias.com\/wp-content\/uploads\/2018\/05\/LOGO_MDE-TRANSP.png\",\"width\":244,\"height\":115,\"caption\":\"Mar de Especias\"},\"image\":{\"@id\":\"https:\/\/colaboraciones.mardeespecias.com\/#\/schema\/logo\/image\/\"},\"sameAs\":[\"https:\/\/www.facebook.com\/mardeespeciasoficial\/\",\"https:\/\/x.com\/MardeEspecias\",\"https:\/\/www.instagram.com\/mardeespeciasoficial\/\"]}]}<\/script>\n<!-- \/ Yoast SEO plugin. -->","yoast_head_json":{"title":"PLACET - Colaboraciones Mar de Especias","description":"Placet un vino blanco perfilado con aromas de fruta madura tropical, notas de flores blancas y toques especiados. En boca es n\u00edtido, fresco y sabroso.","robots":{"index":"index","follow":"follow","max-snippet":"max-snippet:-1","max-image-preview":"max-image-preview:large","max-video-preview":"max-video-preview:-1"},"canonical":"https:\/\/colaboraciones.mardeespecias.com\/en\/product\/placet\/","og_locale":"en_GB","og_type":"article","og_title":"PLACET - Colaboraciones Mar de Especias","og_description":"Placet un vino blanco perfilado con aromas de fruta madura tropical, notas de flores blancas y toques especiados. En boca es n\u00edtido, fresco y sabroso.","og_url":"https:\/\/colaboraciones.mardeespecias.com\/en\/product\/placet\/","og_site_name":"Colaboraciones Mar de Especias","article_publisher":"https:\/\/www.facebook.com\/mardeespeciasoficial\/","article_modified_time":"2024-02-20T19:37:15+00:00","og_image":[{"width":612,"height":612,"url":"https:\/\/colaboraciones.mardeespecias.com\/wp-content\/uploads\/2023\/05\/Placet-Valtomelloso-fondo-blanco-1.jpg","type":"image\/jpeg"}],"twitter_card":"summary_large_image","twitter_site":"@MardeEspecias","twitter_misc":{"Estimated reading time":"2 minutes"},"schema":{"@context":"https:\/\/schema.org","@graph":[{"@type":"WebPage","@id":"https:\/\/colaboraciones.mardeespecias.com\/producto\/placet\/","url":"https:\/\/colaboraciones.mardeespecias.com\/producto\/placet\/","name":"PLACET - Colaboraciones Mar de Especias","isPartOf":{"@id":"https:\/\/colaboraciones.mardeespecias.com\/#website"},"primaryImageOfPage":{"@id":"https:\/\/colaboraciones.mardeespecias.com\/producto\/placet\/#primaryimage"},"image":{"@id":"https:\/\/colaboraciones.mardeespecias.com\/producto\/placet\/#primaryimage"},"thumbnailUrl":"https:\/\/colaboraciones.mardeespecias.com\/wp-content\/uploads\/2023\/05\/Placet-Valtomelloso-fondo-blanco-1.jpg","datePublished":"2023-05-13T18:57:45+00:00","dateModified":"2024-02-20T19:37:15+00:00","description":"Placet un vino blanco perfilado con aromas de fruta madura tropical, notas de flores blancas y toques especiados. En boca es n\u00edtido, fresco y sabroso.","breadcrumb":{"@id":"https:\/\/colaboraciones.mardeespecias.com\/producto\/placet\/#breadcrumb"},"inLanguage":"en-GB","potentialAction":[{"@type":"ReadAction","target":["https:\/\/colaboraciones.mardeespecias.com\/producto\/placet\/"]}]},{"@type":"ImageObject","inLanguage":"en-GB","@id":"https:\/\/colaboraciones.mardeespecias.com\/producto\/placet\/#primaryimage","url":"https:\/\/colaboraciones.mardeespecias.com\/wp-content\/uploads\/2023\/05\/Placet-Valtomelloso-fondo-blanco-1.jpg","contentUrl":"https:\/\/colaboraciones.mardeespecias.com\/wp-content\/uploads\/2023\/05\/Placet-Valtomelloso-fondo-blanco-1.jpg","width":612,"height":612,"caption":"Placet de Valtomelloso"},{"@type":"BreadcrumbList","@id":"https:\/\/colaboraciones.mardeespecias.com\/producto\/placet\/#breadcrumb","itemListElement":[{"@type":"ListItem","position":1,"name":"INICIO","item":"https:\/\/colaboraciones.mardeespecias.com\/"},{"@type":"ListItem","position":2,"name":"Tienda","item":"https:\/\/colaboraciones.mardeespecias.com\/tienda\/"},{"@type":"ListItem","position":3,"name":"PLACET"}]},{"@type":"WebSite","@id":"https:\/\/colaboraciones.mardeespecias.com\/#website","url":"https:\/\/colaboraciones.mardeespecias.com\/","name":"Colaboraciones Mar de Especias","description":"Portal de venta de productos Selectos.","publisher":{"@id":"https:\/\/colaboraciones.mardeespecias.com\/#organization"},"potentialAction":[{"@type":"SearchAction","target":{"@type":"EntryPoint","urlTemplate":"https:\/\/colaboraciones.mardeespecias.com\/?s={search_term_string}"},"query-input":{"@type":"PropertyValueSpecification","valueRequired":true,"valueName":"search_term_string"}}],"inLanguage":"en-GB"},{"@type":"Organization","@id":"https:\/\/colaboraciones.mardeespecias.com\/#organization","name":"Mar de Especias","url":"https:\/\/colaboraciones.mardeespecias.com\/","logo":{"@type":"ImageObject","inLanguage":"en-GB","@id":"https:\/\/colaboraciones.mardeespecias.com\/#\/schema\/logo\/image\/","url":"https:\/\/colaboraciones.mardeespecias.com\/wp-content\/uploads\/2018\/05\/LOGO_MDE-TRANSP.png","contentUrl":"https:\/\/colaboraciones.mardeespecias.com\/wp-content\/uploads\/2018\/05\/LOGO_MDE-TRANSP.png","width":244,"height":115,"caption":"Mar de Especias"},"image":{"@id":"https:\/\/colaboraciones.mardeespecias.com\/#\/schema\/logo\/image\/"},"sameAs":["https:\/\/www.facebook.com\/mardeespeciasoficial\/","https:\/\/x.com\/MardeEspecias","https:\/\/www.instagram.com\/mardeespeciasoficial\/"]}]}},"_links":{"self":[{"href":"https:\/\/colaboraciones.mardeespecias.com\/en\/wp-json\/wp\/v2\/product\/4887","targetHints":{"allow":["GET"]}}],"collection":[{"href":"https:\/\/colaboraciones.mardeespecias.com\/en\/wp-json\/wp\/v2\/product"}],"about":[{"href":"https:\/\/colaboraciones.mardeespecias.com\/en\/wp-json\/wp\/v2\/types\/product"}],"version-history":[{"count":2,"href":"https:\/\/colaboraciones.mardeespecias.com\/en\/wp-json\/wp\/v2\/product\/4887\/revisions"}],"predecessor-version":[{"id":5150,"href":"https:\/\/colaboraciones.mardeespecias.com\/en\/wp-json\/wp\/v2\/product\/4887\/revisions\/5150"}],"wp:featuredmedia":[{"embeddable":true,"href":"https:\/\/colaboraciones.mardeespecias.com\/en\/wp-json\/wp\/v2\/media\/5037"}],"wp:attachment":[{"href":"https:\/\/colaboraciones.mardeespecias.com\/en\/wp-json\/wp\/v2\/media?parent=4887"}],"wp:term":[{"taxonomy":"product_brand","embeddable":true,"href":"https:\/\/colaboraciones.mardeespecias.com\/en\/wp-json\/wp\/v2\/product_brand?post=4887"},{"taxonomy":"product_cat","embeddable":true,"href":"https:\/\/colaboraciones.mardeespecias.com\/en\/wp-json\/wp\/v2\/product_cat?post=4887"},{"taxonomy":"product_tag","embeddable":true,"href":"https:\/\/colaboraciones.mardeespecias.com\/en\/wp-json\/wp\/v2\/product_tag?post=4887"}],"curies":[{"name":"wp","href":"https:\/\/api.w.org\/{rel}","templated":true}]}}