{"id":4603,"date":"2023-02-09T09:42:17","date_gmt":"2023-02-09T08:42:17","guid":{"rendered":"https:\/\/colaboraciones.mardeespecias.com\/?post_type=product&#038;p=4603"},"modified":"2024-02-20T20:38:30","modified_gmt":"2024-02-20T19:38:30","slug":"los-cantos-de-torremilanos","status":"publish","type":"product","link":"https:\/\/colaboraciones.mardeespecias.com\/en\/product\/los-cantos-de-torremilanos\/","title":{"rendered":"LOS CANTOS DE TORREMILANOS"},"content":{"rendered":"<p><strong>\"THE MAXIMUM EXPRESSION OF RIBERA DEL DUERO\".<\/strong><br \/>\nOrganically farmed vineyards on their estate in Aranda de Duero, following the precepts of biodynamic agriculture and years of experience result in a high quality D.O. Ribera del Duero wine. Los Cantos is characterised by the combination of tradition and modernity and with the quality of the Torremilanos seal as its hallmark.<\/p>\n<p>The quality of the grapes, the soil, the climate, our own cooperage and the special conditions of the winery ensure the optimal ageing and quality of this essential wine in your cellar at an unbeatable value for money.<\/p>\n<p>\u2022 <strong>The winery<\/strong>: <a href=\"https:\/\/www.torremilanos.com\/\"><span style=\"text-decoration: underline;\">Finca Torremilanos<\/span><\/a>.<br \/>\n\u2022 <strong>Location<\/strong>: Aranda de Duero<br \/>\n\u2022 <strong>Variety<\/strong>: 96% Tempanillo, 4% Merlot<br \/>\n\u2022 <strong>Geographical indication<\/strong>: D.O.Ribera del Duero<br \/>\n\u2022 <strong>Alcohol:<\/strong>: 14\u00ba<br \/>\n\u2022 <strong>Vineyard<\/strong>: The average age of the vineyards is over 40 years.<br \/>\n\u2022 <strong>Soil type<\/strong>: The composition of the terrain is diverse due to the erosion and sedimentation of the Duero River. Alluvial soils with boulders predominate.<br \/>\n\u2022 <strong>Climate<\/strong>: Finca Torremilanos enjoys different microclimates marked by the Atlantic-Mediterranean confluence.<br \/>\n\u2022 <strong>Elaboraci\u00f3n<\/strong>: Maceration for 10 to 15 days. Temperature-controlled fermentation in stainless steel and concrete tanks with the grapes' own yeasts and those of the harvest (half of the alcoholic fermentation was completed in the barrel). Malolactic fermentation in barrels. Aged for a total of 13 months in 225-litre French and American oak barrels (25% second-use barrels). Clarified with natural, fresh, local and organic egg whites (35 g\/hl). Filtered by a nominal micron before bottling.<br \/>\n\u2022 <strong>Certification<\/strong>: Organic and biodynamic certified wine<\/p>","protected":false},"excerpt":{"rendered":"<p>\u2022 <strong>The winery<\/strong>: <a href=\"https:\/\/www.torremilanos.com\/\"><span style=\"text-decoration: underline;\">Finca Torremilanos<\/span><\/a>.<br \/>\n\u2022 <strong>Location<\/strong>: Aranda de Duero<br \/>\n\u2022 <strong>Variety<\/strong>: 96% Tempanillo, 4% Merlot<br \/>\n\u2022 <strong>Geographical indication<\/strong>: D.O.Ribera del Duero<br \/>\n\u2022 <strong>Alcohol:<\/strong>: 14\u00ba<br \/>\n\u2022 <strong>Vineyard<\/strong>: The average age of the vineyards is over 40 years.<br \/>\n\u2022 <strong>Soil type<\/strong>: The composition of the terrain is diverse due to the erosion and sedimentation of the Duero River. Alluvial soils with boulders predominate.<br \/>\n\u2022 <strong>Climate<\/strong>: Finca Torremilanos enjoys different microclimates marked by the Atlantic-Mediterranean confluence.<br \/>\n\u2022 <strong>Elaboraci\u00f3n<\/strong>: Maceration for 10 to 15 days. Temperature-controlled fermentation in stainless steel and concrete tanks with the grapes' own yeasts and those of the harvest (half of the alcoholic fermentation was completed in the barrel). Malolactic fermentation in barrels. Aged for a total of 13 months in 225-litre French and American oak barrels (25% second-use barrels). Clarified with natural, fresh, local and organic egg whites (35 g\/hl). Filtered by a nominal micron before bottling.<br \/>\n\u2022 <strong>Certification<\/strong>: Organic and biodynamic certified wine<\/p>","protected":false},"featured_media":5041,"template":"","meta":{"ocean_post_layout":"","ocean_both_sidebars_style":"","ocean_both_sidebars_content_width":0,"ocean_both_sidebars_sidebars_width":0,"ocean_sidebar":"0","ocean_second_sidebar":"0","ocean_disable_margins":"enable","ocean_add_body_class":"","ocean_shortcode_before_top_bar":"","ocean_shortcode_after_top_bar":"","ocean_shortcode_before_header":"","ocean_shortcode_after_header":"","ocean_has_shortcode":"","ocean_shortcode_after_title":"","ocean_shortcode_before_footer_widgets":"","ocean_shortcode_after_footer_widgets":"","ocean_shortcode_before_footer_bottom":"","ocean_shortcode_after_footer_bottom":"","ocean_display_top_bar":"default","ocean_display_header":"default","ocean_header_style":"","ocean_center_header_left_menu":"0","ocean_custom_header_template":"0","ocean_custom_logo":0,"ocean_custom_retina_logo":0,"ocean_custom_logo_max_width":0,"ocean_custom_logo_tablet_max_width":0,"ocean_custom_logo_mobile_max_width":0,"ocean_custom_logo_max_height":0,"ocean_custom_logo_tablet_max_height":0,"ocean_custom_logo_mobile_max_height":0,"ocean_header_custom_menu":"0","ocean_menu_typo_font_family":"0","ocean_menu_typo_font_subset":"","ocean_menu_typo_font_size":0,"ocean_menu_typo_font_size_tablet":0,"ocean_menu_typo_font_size_mobile":0,"ocean_menu_typo_font_size_unit":"px","ocean_menu_typo_font_weight":"","ocean_menu_typo_font_weight_tablet":"","ocean_menu_typo_font_weight_mobile":"","ocean_menu_typo_transform":"","ocean_menu_typo_transform_tablet":"","ocean_menu_typo_transform_mobile":"","ocean_menu_typo_line_height":0,"ocean_menu_typo_line_height_tablet":0,"ocean_menu_typo_line_height_mobile":0,"ocean_menu_typo_line_height_unit":"","ocean_menu_typo_spacing":0,"ocean_menu_typo_spacing_tablet":0,"ocean_menu_typo_spacing_mobile":0,"ocean_menu_typo_spacing_unit":"","ocean_menu_link_color":"","ocean_menu_link_color_hover":"","ocean_menu_link_color_active":"","ocean_menu_link_background":"","ocean_menu_link_hover_background":"","ocean_menu_link_active_background":"","ocean_menu_social_links_bg":"","ocean_menu_social_hover_links_bg":"","ocean_menu_social_links_color":"","ocean_menu_social_hover_links_color":"","ocean_disable_title":"default","ocean_disable_heading":"default","ocean_post_title":"","ocean_post_subheading":"","ocean_post_title_style":"","ocean_post_title_background_color":"","ocean_post_title_background":0,"ocean_post_title_bg_image_position":"","ocean_post_title_bg_image_attachment":"","ocean_post_title_bg_image_repeat":"","ocean_post_title_bg_image_size":"","ocean_post_title_height":0,"ocean_post_title_bg_overlay":0.5,"ocean_post_title_bg_overlay_color":"","ocean_disable_breadcrumbs":"default","ocean_breadcrumbs_color":"","ocean_breadcrumbs_separator_color":"","ocean_breadcrumbs_links_color":"","ocean_breadcrumbs_links_hover_color":"","ocean_display_footer_widgets":"default","ocean_display_footer_bottom":"default","ocean_custom_footer_template":"0"},"product_brand":[],"product_cat":[176,232,192,233],"product_tag":[234,241,238],"class_list":{"0":"post-4603","1":"product","2":"type-product","3":"status-publish","4":"has-post-thumbnail","6":"product_cat-colaboracion-el-salgueral","7":"product_cat-vinos","8":"product_cat-vinos-tintos","9":"product_cat-vinos-tintos-ribera-del-duero","10":"product_tag-vino","11":"product_tag-vino-do-ribera","12":"product_tag-vino-tinto","14":"entry","15":"has-media","17":"first","18":"outofstock","19":"taxable","20":"shipping-taxable","21":"product-type-variable","22":"has-product-nav","23":"col","24":"span_1_of_4","25":"owp-content-center","26":"item-entry","27":"owp-thumbs-layout-horizontal","28":"owp-btn-very-big","29":"owp-tabs-layout-vertical"},"acf":[],"yoast_head":"<!-- This site is optimized with the Yoast SEO plugin v26.5 - https:\/\/yoast.com\/wordpress\/plugins\/seo\/ -->\n<title>LOS CANTOS DE TORREMILANOS - Colaboraciones Mar de Especias<\/title>\n<meta name=\"description\" content=\"LOS CANTOS DE TORREMILANOS se caracteriza por la combinaci\u00f3n de tradici\u00f3n y modernidad y con la calidad del sello Torremilanos como se\u00f1a de identidad.\" \/>\n<meta name=\"robots\" content=\"index, follow, max-snippet:-1, max-image-preview:large, max-video-preview:-1\" \/>\n<link rel=\"canonical\" href=\"https:\/\/colaboraciones.mardeespecias.com\/en\/product\/los-cantos-de-torremilanos\/\" \/>\n<meta property=\"og:locale\" content=\"en_GB\" \/>\n<meta property=\"og:type\" content=\"article\" \/>\n<meta property=\"og:title\" content=\"LOS CANTOS DE TORREMILANOS - Colaboraciones Mar de Especias\" \/>\n<meta property=\"og:description\" content=\"LOS CANTOS DE TORREMILANOS se caracteriza por la combinaci\u00f3n de tradici\u00f3n y modernidad y con la calidad del sello Torremilanos como se\u00f1a de identidad.\" \/>\n<meta property=\"og:url\" content=\"https:\/\/colaboraciones.mardeespecias.com\/en\/product\/los-cantos-de-torremilanos\/\" \/>\n<meta property=\"og:site_name\" content=\"Colaboraciones Mar de Especias\" \/>\n<meta property=\"article:publisher\" content=\"https:\/\/www.facebook.com\/mardeespeciasoficial\/\" \/>\n<meta property=\"article:modified_time\" content=\"2024-02-20T19:38:30+00:00\" \/>\n<meta property=\"og:image\" content=\"https:\/\/colaboraciones.mardeespecias.com\/wp-content\/uploads\/2023\/05\/Los-cantos-Torremillanos-fondo-blanco-1.jpg\" \/>\n\t<meta property=\"og:image:width\" content=\"612\" \/>\n\t<meta property=\"og:image:height\" content=\"612\" \/>\n\t<meta property=\"og:image:type\" content=\"image\/jpeg\" \/>\n<meta name=\"twitter:card\" content=\"summary_large_image\" \/>\n<meta name=\"twitter:site\" content=\"@MardeEspecias\" \/>\n<meta name=\"twitter:label1\" content=\"Estimated reading time\" \/>\n\t<meta name=\"twitter:data1\" content=\"1 minute\" \/>\n<script type=\"application\/ld+json\" class=\"yoast-schema-graph\">{\"@context\":\"https:\/\/schema.org\",\"@graph\":[{\"@type\":\"WebPage\",\"@id\":\"https:\/\/colaboraciones.mardeespecias.com\/producto\/los-cantos-de-torremilanos\/\",\"url\":\"https:\/\/colaboraciones.mardeespecias.com\/producto\/los-cantos-de-torremilanos\/\",\"name\":\"LOS CANTOS DE TORREMILANOS - Colaboraciones Mar de Especias\",\"isPartOf\":{\"@id\":\"https:\/\/colaboraciones.mardeespecias.com\/#website\"},\"primaryImageOfPage\":{\"@id\":\"https:\/\/colaboraciones.mardeespecias.com\/producto\/los-cantos-de-torremilanos\/#primaryimage\"},\"image\":{\"@id\":\"https:\/\/colaboraciones.mardeespecias.com\/producto\/los-cantos-de-torremilanos\/#primaryimage\"},\"thumbnailUrl\":\"https:\/\/colaboraciones.mardeespecias.com\/wp-content\/uploads\/2023\/05\/Los-cantos-Torremillanos-fondo-blanco-1.jpg\",\"datePublished\":\"2023-02-09T08:42:17+00:00\",\"dateModified\":\"2024-02-20T19:38:30+00:00\",\"description\":\"LOS CANTOS DE TORREMILANOS se caracteriza por la combinaci\u00f3n de tradici\u00f3n y modernidad y con la calidad del sello Torremilanos como se\u00f1a de identidad.\",\"breadcrumb\":{\"@id\":\"https:\/\/colaboraciones.mardeespecias.com\/producto\/los-cantos-de-torremilanos\/#breadcrumb\"},\"inLanguage\":\"en-GB\",\"potentialAction\":[{\"@type\":\"ReadAction\",\"target\":[\"https:\/\/colaboraciones.mardeespecias.com\/producto\/los-cantos-de-torremilanos\/\"]}]},{\"@type\":\"ImageObject\",\"inLanguage\":\"en-GB\",\"@id\":\"https:\/\/colaboraciones.mardeespecias.com\/producto\/los-cantos-de-torremilanos\/#primaryimage\",\"url\":\"https:\/\/colaboraciones.mardeespecias.com\/wp-content\/uploads\/2023\/05\/Los-cantos-Torremillanos-fondo-blanco-1.jpg\",\"contentUrl\":\"https:\/\/colaboraciones.mardeespecias.com\/wp-content\/uploads\/2023\/05\/Los-cantos-Torremillanos-fondo-blanco-1.jpg\",\"width\":612,\"height\":612,\"caption\":\"Los cantos Torremillanos\"},{\"@type\":\"BreadcrumbList\",\"@id\":\"https:\/\/colaboraciones.mardeespecias.com\/producto\/los-cantos-de-torremilanos\/#breadcrumb\",\"itemListElement\":[{\"@type\":\"ListItem\",\"position\":1,\"name\":\"INICIO\",\"item\":\"https:\/\/colaboraciones.mardeespecias.com\/\"},{\"@type\":\"ListItem\",\"position\":2,\"name\":\"Tienda\",\"item\":\"https:\/\/colaboraciones.mardeespecias.com\/tienda\/\"},{\"@type\":\"ListItem\",\"position\":3,\"name\":\"LOS CANTOS DE TORREMILANOS\"}]},{\"@type\":\"WebSite\",\"@id\":\"https:\/\/colaboraciones.mardeespecias.com\/#website\",\"url\":\"https:\/\/colaboraciones.mardeespecias.com\/\",\"name\":\"Colaboraciones Mar de Especias\",\"description\":\"Portal de venta de productos Selectos.\",\"publisher\":{\"@id\":\"https:\/\/colaboraciones.mardeespecias.com\/#organization\"},\"potentialAction\":[{\"@type\":\"SearchAction\",\"target\":{\"@type\":\"EntryPoint\",\"urlTemplate\":\"https:\/\/colaboraciones.mardeespecias.com\/?s={search_term_string}\"},\"query-input\":{\"@type\":\"PropertyValueSpecification\",\"valueRequired\":true,\"valueName\":\"search_term_string\"}}],\"inLanguage\":\"en-GB\"},{\"@type\":\"Organization\",\"@id\":\"https:\/\/colaboraciones.mardeespecias.com\/#organization\",\"name\":\"Mar de Especias\",\"url\":\"https:\/\/colaboraciones.mardeespecias.com\/\",\"logo\":{\"@type\":\"ImageObject\",\"inLanguage\":\"en-GB\",\"@id\":\"https:\/\/colaboraciones.mardeespecias.com\/#\/schema\/logo\/image\/\",\"url\":\"https:\/\/colaboraciones.mardeespecias.com\/wp-content\/uploads\/2018\/05\/LOGO_MDE-TRANSP.png\",\"contentUrl\":\"https:\/\/colaboraciones.mardeespecias.com\/wp-content\/uploads\/2018\/05\/LOGO_MDE-TRANSP.png\",\"width\":244,\"height\":115,\"caption\":\"Mar de Especias\"},\"image\":{\"@id\":\"https:\/\/colaboraciones.mardeespecias.com\/#\/schema\/logo\/image\/\"},\"sameAs\":[\"https:\/\/www.facebook.com\/mardeespeciasoficial\/\",\"https:\/\/x.com\/MardeEspecias\",\"https:\/\/www.instagram.com\/mardeespeciasoficial\/\"]}]}<\/script>\n<!-- \/ Yoast SEO plugin. -->","yoast_head_json":{"title":"LOS CANTOS DE TORREMILANOS - Colaboraciones Mar de Especias","description":"LOS CANTOS DE TORREMILANOS se caracteriza por la combinaci\u00f3n de tradici\u00f3n y modernidad y con la calidad del sello Torremilanos como se\u00f1a de identidad.","robots":{"index":"index","follow":"follow","max-snippet":"max-snippet:-1","max-image-preview":"max-image-preview:large","max-video-preview":"max-video-preview:-1"},"canonical":"https:\/\/colaboraciones.mardeespecias.com\/en\/product\/los-cantos-de-torremilanos\/","og_locale":"en_GB","og_type":"article","og_title":"LOS CANTOS DE TORREMILANOS - Colaboraciones Mar de Especias","og_description":"LOS CANTOS DE TORREMILANOS se caracteriza por la combinaci\u00f3n de tradici\u00f3n y modernidad y con la calidad del sello Torremilanos como se\u00f1a de identidad.","og_url":"https:\/\/colaboraciones.mardeespecias.com\/en\/product\/los-cantos-de-torremilanos\/","og_site_name":"Colaboraciones Mar de Especias","article_publisher":"https:\/\/www.facebook.com\/mardeespeciasoficial\/","article_modified_time":"2024-02-20T19:38:30+00:00","og_image":[{"width":612,"height":612,"url":"https:\/\/colaboraciones.mardeespecias.com\/wp-content\/uploads\/2023\/05\/Los-cantos-Torremillanos-fondo-blanco-1.jpg","type":"image\/jpeg"}],"twitter_card":"summary_large_image","twitter_site":"@MardeEspecias","twitter_misc":{"Estimated reading time":"1 minute"},"schema":{"@context":"https:\/\/schema.org","@graph":[{"@type":"WebPage","@id":"https:\/\/colaboraciones.mardeespecias.com\/producto\/los-cantos-de-torremilanos\/","url":"https:\/\/colaboraciones.mardeespecias.com\/producto\/los-cantos-de-torremilanos\/","name":"LOS CANTOS DE TORREMILANOS - Colaboraciones Mar de Especias","isPartOf":{"@id":"https:\/\/colaboraciones.mardeespecias.com\/#website"},"primaryImageOfPage":{"@id":"https:\/\/colaboraciones.mardeespecias.com\/producto\/los-cantos-de-torremilanos\/#primaryimage"},"image":{"@id":"https:\/\/colaboraciones.mardeespecias.com\/producto\/los-cantos-de-torremilanos\/#primaryimage"},"thumbnailUrl":"https:\/\/colaboraciones.mardeespecias.com\/wp-content\/uploads\/2023\/05\/Los-cantos-Torremillanos-fondo-blanco-1.jpg","datePublished":"2023-02-09T08:42:17+00:00","dateModified":"2024-02-20T19:38:30+00:00","description":"LOS CANTOS DE TORREMILANOS se caracteriza por la combinaci\u00f3n de tradici\u00f3n y modernidad y con la calidad del sello Torremilanos como se\u00f1a de identidad.","breadcrumb":{"@id":"https:\/\/colaboraciones.mardeespecias.com\/producto\/los-cantos-de-torremilanos\/#breadcrumb"},"inLanguage":"en-GB","potentialAction":[{"@type":"ReadAction","target":["https:\/\/colaboraciones.mardeespecias.com\/producto\/los-cantos-de-torremilanos\/"]}]},{"@type":"ImageObject","inLanguage":"en-GB","@id":"https:\/\/colaboraciones.mardeespecias.com\/producto\/los-cantos-de-torremilanos\/#primaryimage","url":"https:\/\/colaboraciones.mardeespecias.com\/wp-content\/uploads\/2023\/05\/Los-cantos-Torremillanos-fondo-blanco-1.jpg","contentUrl":"https:\/\/colaboraciones.mardeespecias.com\/wp-content\/uploads\/2023\/05\/Los-cantos-Torremillanos-fondo-blanco-1.jpg","width":612,"height":612,"caption":"Los cantos Torremillanos"},{"@type":"BreadcrumbList","@id":"https:\/\/colaboraciones.mardeespecias.com\/producto\/los-cantos-de-torremilanos\/#breadcrumb","itemListElement":[{"@type":"ListItem","position":1,"name":"INICIO","item":"https:\/\/colaboraciones.mardeespecias.com\/"},{"@type":"ListItem","position":2,"name":"Tienda","item":"https:\/\/colaboraciones.mardeespecias.com\/tienda\/"},{"@type":"ListItem","position":3,"name":"LOS CANTOS DE TORREMILANOS"}]},{"@type":"WebSite","@id":"https:\/\/colaboraciones.mardeespecias.com\/#website","url":"https:\/\/colaboraciones.mardeespecias.com\/","name":"Colaboraciones Mar de Especias","description":"Portal de venta de productos Selectos.","publisher":{"@id":"https:\/\/colaboraciones.mardeespecias.com\/#organization"},"potentialAction":[{"@type":"SearchAction","target":{"@type":"EntryPoint","urlTemplate":"https:\/\/colaboraciones.mardeespecias.com\/?s={search_term_string}"},"query-input":{"@type":"PropertyValueSpecification","valueRequired":true,"valueName":"search_term_string"}}],"inLanguage":"en-GB"},{"@type":"Organization","@id":"https:\/\/colaboraciones.mardeespecias.com\/#organization","name":"Mar de Especias","url":"https:\/\/colaboraciones.mardeespecias.com\/","logo":{"@type":"ImageObject","inLanguage":"en-GB","@id":"https:\/\/colaboraciones.mardeespecias.com\/#\/schema\/logo\/image\/","url":"https:\/\/colaboraciones.mardeespecias.com\/wp-content\/uploads\/2018\/05\/LOGO_MDE-TRANSP.png","contentUrl":"https:\/\/colaboraciones.mardeespecias.com\/wp-content\/uploads\/2018\/05\/LOGO_MDE-TRANSP.png","width":244,"height":115,"caption":"Mar de Especias"},"image":{"@id":"https:\/\/colaboraciones.mardeespecias.com\/#\/schema\/logo\/image\/"},"sameAs":["https:\/\/www.facebook.com\/mardeespeciasoficial\/","https:\/\/x.com\/MardeEspecias","https:\/\/www.instagram.com\/mardeespeciasoficial\/"]}]}},"_links":{"self":[{"href":"https:\/\/colaboraciones.mardeespecias.com\/en\/wp-json\/wp\/v2\/product\/4603","targetHints":{"allow":["GET"]}}],"collection":[{"href":"https:\/\/colaboraciones.mardeespecias.com\/en\/wp-json\/wp\/v2\/product"}],"about":[{"href":"https:\/\/colaboraciones.mardeespecias.com\/en\/wp-json\/wp\/v2\/types\/product"}],"version-history":[{"count":6,"href":"https:\/\/colaboraciones.mardeespecias.com\/en\/wp-json\/wp\/v2\/product\/4603\/revisions"}],"predecessor-version":[{"id":4777,"href":"https:\/\/colaboraciones.mardeespecias.com\/en\/wp-json\/wp\/v2\/product\/4603\/revisions\/4777"}],"wp:featuredmedia":[{"embeddable":true,"href":"https:\/\/colaboraciones.mardeespecias.com\/en\/wp-json\/wp\/v2\/media\/5041"}],"wp:attachment":[{"href":"https:\/\/colaboraciones.mardeespecias.com\/en\/wp-json\/wp\/v2\/media?parent=4603"}],"wp:term":[{"taxonomy":"product_brand","embeddable":true,"href":"https:\/\/colaboraciones.mardeespecias.com\/en\/wp-json\/wp\/v2\/product_brand?post=4603"},{"taxonomy":"product_cat","embeddable":true,"href":"https:\/\/colaboraciones.mardeespecias.com\/en\/wp-json\/wp\/v2\/product_cat?post=4603"},{"taxonomy":"product_tag","embeddable":true,"href":"https:\/\/colaboraciones.mardeespecias.com\/en\/wp-json\/wp\/v2\/product_tag?post=4603"}],"curies":[{"name":"wp","href":"https:\/\/api.w.org\/{rel}","templated":true}]}}