{"id":3291,"date":"2021-06-16T00:09:20","date_gmt":"2021-06-15T22:09:20","guid":{"rendered":"https:\/\/colaboraciones.mardeespecias.com\/?post_type=product&#038;p=3291"},"modified":"2023-11-05T17:15:33","modified_gmt":"2023-11-05T16:15:33","slug":"pack-especial-botanicos","status":"publish","type":"product","link":"https:\/\/colaboraciones.mardeespecias.com\/en\/product\/pack-especial-botanicos\/","title":{"rendered":"Botanicals Special Pack"},"content":{"rendered":"<p>Mar de Especias ha dise\u00f1ado este &#8220;Pack Especial Bot\u00e1nicos&#8221; para los amantes de lo c\u00f3cteles. Hemos elegido las <a href=\"https:\/\/colaboraciones.mardeespecias.com\/en\/product\/bayas-de-enebro\/\"><span style=\"text-decoration: underline;\">Juniper berries<\/span><\/a>, the <a href=\"https:\/\/colaboraciones.mardeespecias.com\/en\/product\/anis-estrellado\/\"><span style=\"text-decoration: underline;\">Star anise<\/span><\/a>, the <a href=\"https:\/\/colaboraciones.mardeespecias.com\/en\/product\/cardamomo-verde\/\"><span style=\"text-decoration: underline;\">Green Cardamom grain<\/span><\/a> and the <a href=\"https:\/\/colaboraciones.mardeespecias.com\/en\/product\/pimienta-rosa-en-grano\/\"><span style=\"text-decoration: underline;\">Pink Pepper<\/span><\/a> as they are the most widely used in the world of cocktails. We present it in a wooden box and our products packaged in our Gourmet packaging.<\/p>\n<p><strong>Recommended Use: <\/strong><i>I<\/i><i>nfusions or cocktails with gin, vodka, tequila, cava and beer. Cooking and confectionery.<\/i><\/p>\n<p><strong>IDEAL FOR:<\/strong> Gift.<\/p>\n<p><strong>Ingredients:<\/strong> <a href=\"https:\/\/colaboraciones.mardeespecias.com\/en\/product\/bayas-de-enebro\/\"><span style=\"text-decoration: underline;\">Juniper berries<\/span><\/a>, <a href=\"https:\/\/colaboraciones.mardeespecias.com\/en\/product\/anis-estrellado\/\"><span style=\"text-decoration: underline;\">Star anise<\/span><\/a>, <a href=\"https:\/\/colaboraciones.mardeespecias.com\/en\/product\/cardamomo-verde\/\"><span style=\"text-decoration: underline;\">Green Cardamom grain<\/span><\/a> and <a href=\"https:\/\/colaboraciones.mardeespecias.com\/en\/product\/pimienta-rosa-en-grano\/\"><span style=\"text-decoration: underline;\">Pink Pepper<\/span><\/a>.<\/p>","protected":false},"excerpt":{"rendered":"<p>Mar de Especias ha dise\u00f1ado este &#8220;Pack Especial Bot\u00e1nicos&#8221; para los amantes de lo c\u00f3cteles. Hemos elegido las <a href=\"https:\/\/colaboraciones.mardeespecias.com\/en\/product\/bayas-de-enebro\/\"><span style=\"text-decoration: underline;\">Juniper berries<\/span><\/a>, the <a href=\"https:\/\/colaboraciones.mardeespecias.com\/en\/product\/anis-estrellado\/\"><span style=\"text-decoration: underline;\">Star anise<\/span><\/a>, the <a href=\"https:\/\/colaboraciones.mardeespecias.com\/en\/product\/cardamomo-verde\/\"><span style=\"text-decoration: underline;\">Green Cardamom grain<\/span><\/a> and the <a href=\"https:\/\/colaboraciones.mardeespecias.com\/en\/product\/pimienta-rosa-en-grano\/\"><span style=\"text-decoration: underline;\">Pink Pepper<\/span><\/a> as they are the most widely used in the world of cocktails. We present it in a wooden box and our products packaged in our Gourmet packaging.<\/p>\n<p><strong>Recommended Use: <\/strong><i>I<\/i><i>nfusions or cocktails with gin, vodka, tequila, cava and beer. Cooking and confectionery.<\/i><\/p>\n<p><strong>IDEAL FOR:<\/strong> Gift.<\/p>\n<p><strong>Ingredients:<\/strong> <a href=\"https:\/\/colaboraciones.mardeespecias.com\/en\/product\/bayas-de-enebro\/\"><span style=\"text-decoration: underline;\">Juniper berries<\/span><\/a>, <a href=\"https:\/\/colaboraciones.mardeespecias.com\/en\/product\/anis-estrellado\/\"><span style=\"text-decoration: underline;\">Star anise<\/span><\/a>, <a href=\"https:\/\/colaboraciones.mardeespecias.com\/en\/product\/cardamomo-verde\/\"><span style=\"text-decoration: underline;\">Green Cardamom grain<\/span><\/a> and <a href=\"https:\/\/colaboraciones.mardeespecias.com\/en\/product\/pimienta-rosa-en-grano\/\"><span style=\"text-decoration: underline;\">Pink Pepper<\/span><\/a>.<\/p>","protected":false},"featured_media":3728,"template":"","meta":{"ocean_post_layout":"","ocean_both_sidebars_style":"","ocean_both_sidebars_content_width":0,"ocean_both_sidebars_sidebars_width":0,"ocean_sidebar":"0","ocean_second_sidebar":"0","ocean_disable_margins":"enable","ocean_add_body_class":"","ocean_shortcode_before_top_bar":"","ocean_shortcode_after_top_bar":"","ocean_shortcode_before_header":"","ocean_shortcode_after_header":"","ocean_has_shortcode":"","ocean_shortcode_after_title":"","ocean_shortcode_before_footer_widgets":"","ocean_shortcode_after_footer_widgets":"","ocean_shortcode_before_footer_bottom":"","ocean_shortcode_after_footer_bottom":"","ocean_display_top_bar":"default","ocean_display_header":"default","ocean_header_style":"","ocean_center_header_left_menu":"0","ocean_custom_header_template":"0","ocean_custom_logo":0,"ocean_custom_retina_logo":0,"ocean_custom_logo_max_width":0,"ocean_custom_logo_tablet_max_width":0,"ocean_custom_logo_mobile_max_width":0,"ocean_custom_logo_max_height":0,"ocean_custom_logo_tablet_max_height":0,"ocean_custom_logo_mobile_max_height":0,"ocean_header_custom_menu":"0","ocean_menu_typo_font_family":"0","ocean_menu_typo_font_subset":"","ocean_menu_typo_font_size":0,"ocean_menu_typo_font_size_tablet":0,"ocean_menu_typo_font_size_mobile":0,"ocean_menu_typo_font_size_unit":"px","ocean_menu_typo_font_weight":"","ocean_menu_typo_font_weight_tablet":"","ocean_menu_typo_font_weight_mobile":"","ocean_menu_typo_transform":"","ocean_menu_typo_transform_tablet":"","ocean_menu_typo_transform_mobile":"","ocean_menu_typo_line_height":0,"ocean_menu_typo_line_height_tablet":0,"ocean_menu_typo_line_height_mobile":0,"ocean_menu_typo_line_height_unit":"","ocean_menu_typo_spacing":0,"ocean_menu_typo_spacing_tablet":0,"ocean_menu_typo_spacing_mobile":0,"ocean_menu_typo_spacing_unit":"","ocean_menu_link_color":"","ocean_menu_link_color_hover":"","ocean_menu_link_color_active":"","ocean_menu_link_background":"","ocean_menu_link_hover_background":"","ocean_menu_link_active_background":"","ocean_menu_social_links_bg":"","ocean_menu_social_hover_links_bg":"","ocean_menu_social_links_color":"","ocean_menu_social_hover_links_color":"","ocean_disable_title":"default","ocean_disable_heading":"default","ocean_post_title":"","ocean_post_subheading":"","ocean_post_title_style":"","ocean_post_title_background_color":"","ocean_post_title_background":0,"ocean_post_title_bg_image_position":"","ocean_post_title_bg_image_attachment":"","ocean_post_title_bg_image_repeat":"","ocean_post_title_bg_image_size":"","ocean_post_title_height":0,"ocean_post_title_bg_overlay":0.5,"ocean_post_title_bg_overlay_color":"","ocean_disable_breadcrumbs":"default","ocean_breadcrumbs_color":"","ocean_breadcrumbs_separator_color":"","ocean_breadcrumbs_links_color":"","ocean_breadcrumbs_links_hover_color":"","ocean_display_footer_widgets":"default","ocean_display_footer_bottom":"default","ocean_custom_footer_template":"0"},"product_brand":[],"product_cat":[175,173],"product_tag":[109,115,112,183,180,122],"class_list":{"0":"post-3291","1":"product","2":"type-product","3":"status-publish","4":"has-post-thumbnail","6":"product_cat-packs-4uni-mar-vc","7":"product_cat-packs-mar-de-especias","8":"product_tag-anis-estrellado","9":"product_tag-bayas-de-enebro","10":"product_tag-cardamomo","11":"product_tag-pack-especial-botanicos","12":"product_tag-packs-mar-de-especias","13":"product_tag-pimienta-rosa","14":"product_shipping_class-familia-packs-4uni-vc","16":"entry","17":"has-media","19":"first","20":"instock","21":"taxable","22":"shipping-taxable","23":"purchasable","24":"product-type-woosb","25":"has-product-nav","26":"col","27":"span_1_of_4","28":"owp-content-center","29":"item-entry","30":"owp-thumbs-layout-horizontal","31":"owp-btn-very-big","32":"owp-tabs-layout-vertical"},"acf":[],"yoast_head":"<!-- This site is optimized with the Yoast SEO plugin v26.5 - https:\/\/yoast.com\/wordpress\/plugins\/seo\/ -->\n<title>Pack Especial Bot\u00e1nicos - Colaboraciones Mar de Especias<\/title>\n<meta name=\"description\" content=\"Pack Especial Bot\u00e1nicos para los amantes de lo c\u00f3cteles. Hemos elegido las Bayas de Enebro, el An\u00eds Estrellado, el Cardamomo Verde y la Pimienta Rosa.\" \/>\n<meta name=\"robots\" content=\"index, follow, max-snippet:-1, max-image-preview:large, max-video-preview:-1\" \/>\n<link rel=\"canonical\" href=\"https:\/\/colaboraciones.mardeespecias.com\/en\/product\/pack-especial-botanicos\/\" \/>\n<meta property=\"og:locale\" content=\"en_GB\" \/>\n<meta property=\"og:type\" content=\"article\" \/>\n<meta property=\"og:title\" content=\"Pack Especial Bot\u00e1nicos - Colaboraciones Mar de Especias\" \/>\n<meta property=\"og:description\" content=\"Pack Especial Bot\u00e1nicos para los amantes de lo c\u00f3cteles. Hemos elegido las Bayas de Enebro, el An\u00eds Estrellado, el Cardamomo Verde y la Pimienta Rosa.\" \/>\n<meta property=\"og:url\" content=\"https:\/\/colaboraciones.mardeespecias.com\/en\/product\/pack-especial-botanicos\/\" \/>\n<meta property=\"og:site_name\" content=\"Colaboraciones Mar de Especias\" \/>\n<meta property=\"article:publisher\" content=\"https:\/\/www.facebook.com\/mardeespeciasoficial\/\" \/>\n<meta property=\"article:modified_time\" content=\"2023-11-05T16:15:33+00:00\" \/>\n<meta property=\"og:image\" content=\"https:\/\/colaboraciones.mardeespecias.com\/wp-content\/uploads\/2021\/06\/PACK-ESP-BOT.jpg\" \/>\n\t<meta property=\"og:image:width\" content=\"750\" \/>\n\t<meta property=\"og:image:height\" content=\"500\" \/>\n\t<meta property=\"og:image:type\" content=\"image\/jpeg\" \/>\n<meta name=\"twitter:card\" content=\"summary_large_image\" \/>\n<meta name=\"twitter:site\" content=\"@MardeEspecias\" \/>\n<meta name=\"twitter:label1\" content=\"Estimated reading time\" \/>\n\t<meta name=\"twitter:data1\" content=\"1 minute\" \/>\n<script type=\"application\/ld+json\" class=\"yoast-schema-graph\">{\"@context\":\"https:\/\/schema.org\",\"@graph\":[{\"@type\":\"WebPage\",\"@id\":\"https:\/\/colaboraciones.mardeespecias.com\/producto\/pack-especial-botanicos\/\",\"url\":\"https:\/\/colaboraciones.mardeespecias.com\/producto\/pack-especial-botanicos\/\",\"name\":\"Pack Especial Bot\u00e1nicos - Colaboraciones Mar de Especias\",\"isPartOf\":{\"@id\":\"https:\/\/colaboraciones.mardeespecias.com\/#website\"},\"primaryImageOfPage\":{\"@id\":\"https:\/\/colaboraciones.mardeespecias.com\/producto\/pack-especial-botanicos\/#primaryimage\"},\"image\":{\"@id\":\"https:\/\/colaboraciones.mardeespecias.com\/producto\/pack-especial-botanicos\/#primaryimage\"},\"thumbnailUrl\":\"https:\/\/colaboraciones.mardeespecias.com\/wp-content\/uploads\/2021\/06\/PACK-ESP-BOT.jpg\",\"datePublished\":\"2021-06-15T22:09:20+00:00\",\"dateModified\":\"2023-11-05T16:15:33+00:00\",\"description\":\"Pack Especial Bot\u00e1nicos para los amantes de lo c\u00f3cteles. Hemos elegido las Bayas de Enebro, el An\u00eds Estrellado, el Cardamomo Verde y la Pimienta Rosa.\",\"breadcrumb\":{\"@id\":\"https:\/\/colaboraciones.mardeespecias.com\/producto\/pack-especial-botanicos\/#breadcrumb\"},\"inLanguage\":\"en-GB\",\"potentialAction\":[{\"@type\":\"ReadAction\",\"target\":[\"https:\/\/colaboraciones.mardeespecias.com\/producto\/pack-especial-botanicos\/\"]}]},{\"@type\":\"ImageObject\",\"inLanguage\":\"en-GB\",\"@id\":\"https:\/\/colaboraciones.mardeespecias.com\/producto\/pack-especial-botanicos\/#primaryimage\",\"url\":\"https:\/\/colaboraciones.mardeespecias.com\/wp-content\/uploads\/2021\/06\/PACK-ESP-BOT.jpg\",\"contentUrl\":\"https:\/\/colaboraciones.mardeespecias.com\/wp-content\/uploads\/2021\/06\/PACK-ESP-BOT.jpg\",\"width\":750,\"height\":500,\"caption\":\"Bayas de Enebro, An\u00eds Estrellado, Cardamomo Verde y Pimienta Rosa.\"},{\"@type\":\"BreadcrumbList\",\"@id\":\"https:\/\/colaboraciones.mardeespecias.com\/producto\/pack-especial-botanicos\/#breadcrumb\",\"itemListElement\":[{\"@type\":\"ListItem\",\"position\":1,\"name\":\"INICIO\",\"item\":\"https:\/\/colaboraciones.mardeespecias.com\/\"},{\"@type\":\"ListItem\",\"position\":2,\"name\":\"Tienda\",\"item\":\"https:\/\/colaboraciones.mardeespecias.com\/tienda\/\"},{\"@type\":\"ListItem\",\"position\":3,\"name\":\"Pack Especial Bot\u00e1nicos\"}]},{\"@type\":\"WebSite\",\"@id\":\"https:\/\/colaboraciones.mardeespecias.com\/#website\",\"url\":\"https:\/\/colaboraciones.mardeespecias.com\/\",\"name\":\"Colaboraciones Mar de Especias\",\"description\":\"Portal de venta de productos Selectos.\",\"publisher\":{\"@id\":\"https:\/\/colaboraciones.mardeespecias.com\/#organization\"},\"potentialAction\":[{\"@type\":\"SearchAction\",\"target\":{\"@type\":\"EntryPoint\",\"urlTemplate\":\"https:\/\/colaboraciones.mardeespecias.com\/?s={search_term_string}\"},\"query-input\":{\"@type\":\"PropertyValueSpecification\",\"valueRequired\":true,\"valueName\":\"search_term_string\"}}],\"inLanguage\":\"en-GB\"},{\"@type\":\"Organization\",\"@id\":\"https:\/\/colaboraciones.mardeespecias.com\/#organization\",\"name\":\"Mar de Especias\",\"url\":\"https:\/\/colaboraciones.mardeespecias.com\/\",\"logo\":{\"@type\":\"ImageObject\",\"inLanguage\":\"en-GB\",\"@id\":\"https:\/\/colaboraciones.mardeespecias.com\/#\/schema\/logo\/image\/\",\"url\":\"https:\/\/colaboraciones.mardeespecias.com\/wp-content\/uploads\/2018\/05\/LOGO_MDE-TRANSP.png\",\"contentUrl\":\"https:\/\/colaboraciones.mardeespecias.com\/wp-content\/uploads\/2018\/05\/LOGO_MDE-TRANSP.png\",\"width\":244,\"height\":115,\"caption\":\"Mar de Especias\"},\"image\":{\"@id\":\"https:\/\/colaboraciones.mardeespecias.com\/#\/schema\/logo\/image\/\"},\"sameAs\":[\"https:\/\/www.facebook.com\/mardeespeciasoficial\/\",\"https:\/\/x.com\/MardeEspecias\",\"https:\/\/www.instagram.com\/mardeespeciasoficial\/\"]}]}<\/script>\n<!-- \/ Yoast SEO plugin. -->","yoast_head_json":{"title":"Pack Especial Bot\u00e1nicos - Colaboraciones Mar de Especias","description":"Pack Especial Bot\u00e1nicos para los amantes de lo c\u00f3cteles. Hemos elegido las Bayas de Enebro, el An\u00eds Estrellado, el Cardamomo Verde y la Pimienta Rosa.","robots":{"index":"index","follow":"follow","max-snippet":"max-snippet:-1","max-image-preview":"max-image-preview:large","max-video-preview":"max-video-preview:-1"},"canonical":"https:\/\/colaboraciones.mardeespecias.com\/en\/product\/pack-especial-botanicos\/","og_locale":"en_GB","og_type":"article","og_title":"Pack Especial Bot\u00e1nicos - Colaboraciones Mar de Especias","og_description":"Pack Especial Bot\u00e1nicos para los amantes de lo c\u00f3cteles. Hemos elegido las Bayas de Enebro, el An\u00eds Estrellado, el Cardamomo Verde y la Pimienta Rosa.","og_url":"https:\/\/colaboraciones.mardeespecias.com\/en\/product\/pack-especial-botanicos\/","og_site_name":"Colaboraciones Mar de Especias","article_publisher":"https:\/\/www.facebook.com\/mardeespeciasoficial\/","article_modified_time":"2023-11-05T16:15:33+00:00","og_image":[{"width":750,"height":500,"url":"https:\/\/colaboraciones.mardeespecias.com\/wp-content\/uploads\/2021\/06\/PACK-ESP-BOT.jpg","type":"image\/jpeg"}],"twitter_card":"summary_large_image","twitter_site":"@MardeEspecias","twitter_misc":{"Estimated reading time":"1 minute"},"schema":{"@context":"https:\/\/schema.org","@graph":[{"@type":"WebPage","@id":"https:\/\/colaboraciones.mardeespecias.com\/producto\/pack-especial-botanicos\/","url":"https:\/\/colaboraciones.mardeespecias.com\/producto\/pack-especial-botanicos\/","name":"Pack Especial Bot\u00e1nicos - Colaboraciones Mar de Especias","isPartOf":{"@id":"https:\/\/colaboraciones.mardeespecias.com\/#website"},"primaryImageOfPage":{"@id":"https:\/\/colaboraciones.mardeespecias.com\/producto\/pack-especial-botanicos\/#primaryimage"},"image":{"@id":"https:\/\/colaboraciones.mardeespecias.com\/producto\/pack-especial-botanicos\/#primaryimage"},"thumbnailUrl":"https:\/\/colaboraciones.mardeespecias.com\/wp-content\/uploads\/2021\/06\/PACK-ESP-BOT.jpg","datePublished":"2021-06-15T22:09:20+00:00","dateModified":"2023-11-05T16:15:33+00:00","description":"Pack Especial Bot\u00e1nicos para los amantes de lo c\u00f3cteles. Hemos elegido las Bayas de Enebro, el An\u00eds Estrellado, el Cardamomo Verde y la Pimienta Rosa.","breadcrumb":{"@id":"https:\/\/colaboraciones.mardeespecias.com\/producto\/pack-especial-botanicos\/#breadcrumb"},"inLanguage":"en-GB","potentialAction":[{"@type":"ReadAction","target":["https:\/\/colaboraciones.mardeespecias.com\/producto\/pack-especial-botanicos\/"]}]},{"@type":"ImageObject","inLanguage":"en-GB","@id":"https:\/\/colaboraciones.mardeespecias.com\/producto\/pack-especial-botanicos\/#primaryimage","url":"https:\/\/colaboraciones.mardeespecias.com\/wp-content\/uploads\/2021\/06\/PACK-ESP-BOT.jpg","contentUrl":"https:\/\/colaboraciones.mardeespecias.com\/wp-content\/uploads\/2021\/06\/PACK-ESP-BOT.jpg","width":750,"height":500,"caption":"Bayas de Enebro, An\u00eds Estrellado, Cardamomo Verde y Pimienta Rosa."},{"@type":"BreadcrumbList","@id":"https:\/\/colaboraciones.mardeespecias.com\/producto\/pack-especial-botanicos\/#breadcrumb","itemListElement":[{"@type":"ListItem","position":1,"name":"INICIO","item":"https:\/\/colaboraciones.mardeespecias.com\/"},{"@type":"ListItem","position":2,"name":"Tienda","item":"https:\/\/colaboraciones.mardeespecias.com\/tienda\/"},{"@type":"ListItem","position":3,"name":"Pack Especial Bot\u00e1nicos"}]},{"@type":"WebSite","@id":"https:\/\/colaboraciones.mardeespecias.com\/#website","url":"https:\/\/colaboraciones.mardeespecias.com\/","name":"Colaboraciones Mar de Especias","description":"Portal de venta de productos Selectos.","publisher":{"@id":"https:\/\/colaboraciones.mardeespecias.com\/#organization"},"potentialAction":[{"@type":"SearchAction","target":{"@type":"EntryPoint","urlTemplate":"https:\/\/colaboraciones.mardeespecias.com\/?s={search_term_string}"},"query-input":{"@type":"PropertyValueSpecification","valueRequired":true,"valueName":"search_term_string"}}],"inLanguage":"en-GB"},{"@type":"Organization","@id":"https:\/\/colaboraciones.mardeespecias.com\/#organization","name":"Mar de Especias","url":"https:\/\/colaboraciones.mardeespecias.com\/","logo":{"@type":"ImageObject","inLanguage":"en-GB","@id":"https:\/\/colaboraciones.mardeespecias.com\/#\/schema\/logo\/image\/","url":"https:\/\/colaboraciones.mardeespecias.com\/wp-content\/uploads\/2018\/05\/LOGO_MDE-TRANSP.png","contentUrl":"https:\/\/colaboraciones.mardeespecias.com\/wp-content\/uploads\/2018\/05\/LOGO_MDE-TRANSP.png","width":244,"height":115,"caption":"Mar de Especias"},"image":{"@id":"https:\/\/colaboraciones.mardeespecias.com\/#\/schema\/logo\/image\/"},"sameAs":["https:\/\/www.facebook.com\/mardeespeciasoficial\/","https:\/\/x.com\/MardeEspecias","https:\/\/www.instagram.com\/mardeespeciasoficial\/"]}]}},"_links":{"self":[{"href":"https:\/\/colaboraciones.mardeespecias.com\/en\/wp-json\/wp\/v2\/product\/3291","targetHints":{"allow":["GET"]}}],"collection":[{"href":"https:\/\/colaboraciones.mardeespecias.com\/en\/wp-json\/wp\/v2\/product"}],"about":[{"href":"https:\/\/colaboraciones.mardeespecias.com\/en\/wp-json\/wp\/v2\/types\/product"}],"version-history":[{"count":2,"href":"https:\/\/colaboraciones.mardeespecias.com\/en\/wp-json\/wp\/v2\/product\/3291\/revisions"}],"predecessor-version":[{"id":5143,"href":"https:\/\/colaboraciones.mardeespecias.com\/en\/wp-json\/wp\/v2\/product\/3291\/revisions\/5143"}],"wp:featuredmedia":[{"embeddable":true,"href":"https:\/\/colaboraciones.mardeespecias.com\/en\/wp-json\/wp\/v2\/media\/3728"}],"wp:attachment":[{"href":"https:\/\/colaboraciones.mardeespecias.com\/en\/wp-json\/wp\/v2\/media?parent=3291"}],"wp:term":[{"taxonomy":"product_brand","embeddable":true,"href":"https:\/\/colaboraciones.mardeespecias.com\/en\/wp-json\/wp\/v2\/product_brand?post=3291"},{"taxonomy":"product_cat","embeddable":true,"href":"https:\/\/colaboraciones.mardeespecias.com\/en\/wp-json\/wp\/v2\/product_cat?post=3291"},{"taxonomy":"product_tag","embeddable":true,"href":"https:\/\/colaboraciones.mardeespecias.com\/en\/wp-json\/wp\/v2\/product_tag?post=3291"}],"curies":[{"name":"wp","href":"https:\/\/api.w.org\/{rel}","templated":true}]}}