{"id":1750,"date":"2020-07-23T22:33:18","date_gmt":"2020-07-23T22:33:18","guid":{"rendered":"https:\/\/colaboraciones.mardeespecias.com\/?post_type=product&#038;p=1750"},"modified":"2023-10-25T19:59:50","modified_gmt":"2023-10-25T17:59:50","slug":"arandano-silvestre-liofilizado","status":"publish","type":"product","link":"https:\/\/colaboraciones.mardeespecias.com\/en\/product\/arandano-silvestre-liofilizado\/","title":{"rendered":"Freeze-dried Blueberry"},"content":{"rendered":"<p class=\"p1\">The Wild Blueberry has a superior taste and texture, despite being smaller in size than those offered commercially. We recommend our Freeze Dried Wild Blueberry with Fruity Gins such as: <a href=\"https:\/\/es.brockmansgin.com\/\"><span style=\"text-decoration: underline;\">Brockmans,<\/span><\/a> <a href=\"https:\/\/g-vine.com\/es\/\"><span style=\"text-decoration: underline;\">G&#8217;Vine Floraison<\/span><\/a>, <a href=\"https:\/\/sikkimgin.com\/\"><span style=\"text-decoration: underline;\">Sikkim sea.<\/span><\/a><\/p>\n<p class=\"p1\"><b>IDEAL FOR:<\/b> Infusions or cocktails with gin, vodka, tequila. Cava or beer. Cooking and confectionery.<\/p>\n<p><strong>How to use it: <\/strong>Mainly to finish the cocktail and to perfume the cocktail.<\/p>\n<p class=\"p1\"><b>Ingredients:<\/b> Blueberry.<\/p>\n<p><strong>Al\u00e9rgenos (RD 126\/2015):\u00a0<\/strong>No contiene Al\u00e9rgenos.<\/p>\n<p><img fetchpriority=\"high\" decoding=\"async\" class=\"alignnone size-full wp-image-4814\" src=\"https:\/\/colaboraciones.mardeespecias.com\/wp-content\/uploads\/2020\/04\/FICHA-TECNICA-sal-en-escamas-limon-rev-1.jpg\" alt=\"\" width=\"600\" height=\"229\" srcset=\"https:\/\/colaboraciones.mardeespecias.com\/wp-content\/uploads\/2020\/04\/FICHA-TECNICA-sal-en-escamas-limon-rev-1.jpg 600w, https:\/\/colaboraciones.mardeespecias.com\/wp-content\/uploads\/2020\/04\/FICHA-TECNICA-sal-en-escamas-limon-rev-1-18x7.jpg 18w\" sizes=\"(max-width: 600px) 100vw, 600px\" \/><\/p>\n<p><strong>Valores Nutricionales:<\/strong><\/p>\n<table style=\"height: 270px; width: 26.1036%; border-collapse: collapse; border-color: #000000; background-color: #ffffff; border-style: solid;\">\n<tbody>\n<tr>\n<td style=\"width: 24.5546%; text-align: center; border-style: solid; border-color: #000000;\"><strong>PAR\u00c1METRO<\/strong><\/td>\n<td style=\"width: 15.8916%; text-align: center; border-style: solid; border-color: #000000;\"><strong>RESULTADO<\/strong><\/td>\n<td style=\"width: 17.986%; text-align: center; border-style: solid; border-color: #000000;\"><strong>UNIDADES<\/strong><\/td>\n<\/tr>\n<tr>\n<td style=\"width: 24.5546%; border-style: solid; border-color: #000000;\" rowspan=\"2\">Valor nutricional<\/td>\n<td style=\"width: 15.8916%; text-align: center; border-style: solid; border-color: #000000;\">1415<\/td>\n<td style=\"width: 17.986%; text-align: center; border-style: solid; border-color: #000000;\">kj\/100gr<\/td>\n<\/tr>\n<tr>\n<td style=\"width: 15.8916%; text-align: center; border-style: solid; border-color: #000000;\">336<\/td>\n<td style=\"width: 17.986%; text-align: center; border-style: solid; border-color: #000000;\">kcal\/100gr<\/td>\n<\/tr>\n<tr>\n<td style=\"width: 24.5546%; border-style: solid; border-color: #000000;\">Hidratos de carbono<\/td>\n<td style=\"width: 15.8916%; text-align: center; border-style: solid; border-color: #000000;\">64,45<\/td>\n<td style=\"width: 17.986%; text-align: center; border-style: solid; border-color: #000000;\">gr\/100gr<\/td>\n<\/tr>\n<tr>\n<td style=\"width: 24.5546%; border-style: solid; border-color: #000000;\">De los cuales az\u00facares<\/td>\n<td style=\"width: 15.8916%; text-align: center; border-style: solid; border-color: #000000;\">32,88<\/td>\n<td style=\"width: 17.986%; text-align: center; border-style: solid; border-color: #000000;\">gr\/100gr<\/td>\n<\/tr>\n<tr>\n<td style=\"width: 24.5546%; border-style: solid; border-color: #000000;\">Prote\u00ednas<\/td>\n<td style=\"width: 15.8916%; text-align: center; border-style: solid; border-color: #000000;\">3,54<\/td>\n<td style=\"width: 17.986%; text-align: center; border-style: solid; border-color: #000000;\">gr\/100gr<\/td>\n<\/tr>\n<tr>\n<td style=\"width: 24.5546%; border-style: solid; border-color: #000000;\">Grasas<\/td>\n<td style=\"width: 15.8916%; text-align: center; border-style: solid; border-color: #000000;\">1<\/td>\n<td style=\"width: 17.986%; text-align: center; border-style: solid; border-color: #000000;\">gr\/100gr<\/td>\n<\/tr>\n<tr>\n<td style=\"width: 24.5546%; border-style: solid; border-color: #000000;\">Grasas saturadas<\/td>\n<td style=\"width: 15.8916%; text-align: center; border-style: solid; border-color: #000000;\">0,06<\/td>\n<td style=\"width: 17.986%; text-align: center; border-style: solid; border-color: #000000;\">gr\/100gr<\/td>\n<\/tr>\n<tr>\n<td style=\"width: 24.5546%; border-style: solid; border-color: #000000;\">Fibra total<\/td>\n<td style=\"width: 15.8916%; text-align: center; border-style: solid; border-color: #000000;\">27,72<\/td>\n<td style=\"width: 17.986%; text-align: center; border-style: solid; border-color: #000000;\">gr\/100gr<\/td>\n<\/tr>\n<tr>\n<td style=\"width: 24.5546%; border-style: solid; border-color: #000000;\">Sal (sodio)<\/td>\n<td style=\"width: 15.8916%; text-align: center; border-style: solid; border-color: #000000;\">0,04<\/td>\n<td style=\"width: 17.986%; text-align: center; border-style: solid; border-color: #000000;\">mgr\/100gr<\/td>\n<\/tr>\n<tr>\n<td style=\"width: 24.5546%; border-style: solid; border-color: #000000;\">Humedad<\/td>\n<td style=\"width: 15.8916%; text-align: center; border-style: solid; border-color: #000000;\">\u02c2 5<\/td>\n<td style=\"width: 17.986%; text-align: center; border-style: solid; border-color: #000000;\">gr\/100gr<\/td>\n<\/tr>\n<\/tbody>\n<\/table>\n<p>Conservar en lugar fresco y seco.<\/p>\n<p>Producto de Europa.<\/p>\n<p><a href=\"https:\/\/colaboraciones.mardeespecias.com\/wp-content\/uploads\/2023\/06\/FICHA-TECNICA-cocteleria-Arandano-silvestre-liofilizado.pdf\" target=\"_blank\" rel=\"noopener\" data-wp-editing=\"1\"><strong><img decoding=\"async\" class=\"wp-image-4835 alignnone lazyload\" data-src=\"https:\/\/colaboraciones.mardeespecias.com\/wp-content\/uploads\/2023\/05\/descarga-pdf.jpg\" alt=\"\" width=\"45\" height=\"47\" data-srcset=\"https:\/\/colaboraciones.mardeespecias.com\/wp-content\/uploads\/2023\/05\/descarga-pdf.jpg 220w, https:\/\/colaboraciones.mardeespecias.com\/wp-content\/uploads\/2023\/05\/descarga-pdf-12x12.jpg 12w\" data-sizes=\"(max-width: 45px) 100vw, 45px\" src=\"data:image\/svg+xml;base64,PHN2ZyB3aWR0aD0iMSIgaGVpZ2h0PSIxIiB4bWxucz0iaHR0cDovL3d3dy53My5vcmcvMjAwMC9zdmciPjwvc3ZnPg==\" style=\"--smush-placeholder-width: 45px; --smush-placeholder-aspect-ratio: 45\/47;\" \/><\/strong><strong>\u00a0 D<\/strong><strong>escarga Ficha T\u00e9cnica<\/strong><\/a><\/p>","protected":false},"excerpt":{"rendered":"<p class=\"p1\">The Blueberry has a superior flavor and texture, despite being smaller than those offered commercially.<\/p>\n<p class=\"p1\"><b>IDEAL FOR:<\/b> Infusions or cocktails with gin, vodka, tequila. Cava or beer. Cooking and confectionery.<\/p>\n<p><strong>How to use it: <\/strong>Mainly to finish the cocktail and to perfume the cocktail.<\/p>\n<p class=\"p1\"><b>Ingredients:<\/b> Blueberry.<\/p>\n<p class=\"p1\">Europe's product<\/p>","protected":false},"featured_media":1699,"template":"","meta":{"ocean_post_layout":"","ocean_both_sidebars_style":"","ocean_both_sidebars_content_width":0,"ocean_both_sidebars_sidebars_width":0,"ocean_sidebar":"0","ocean_second_sidebar":"0","ocean_disable_margins":"enable","ocean_add_body_class":"","ocean_shortcode_before_top_bar":"","ocean_shortcode_after_top_bar":"","ocean_shortcode_before_header":"","ocean_shortcode_after_header":"","ocean_has_shortcode":"","ocean_shortcode_after_title":"","ocean_shortcode_before_footer_widgets":"","ocean_shortcode_after_footer_widgets":"","ocean_shortcode_before_footer_bottom":"","ocean_shortcode_after_footer_bottom":"","ocean_display_top_bar":"default","ocean_display_header":"default","ocean_header_style":"","ocean_center_header_left_menu":"0","ocean_custom_header_template":"0","ocean_custom_logo":0,"ocean_custom_retina_logo":0,"ocean_custom_logo_max_width":0,"ocean_custom_logo_tablet_max_width":0,"ocean_custom_logo_mobile_max_width":0,"ocean_custom_logo_max_height":0,"ocean_custom_logo_tablet_max_height":0,"ocean_custom_logo_mobile_max_height":0,"ocean_header_custom_menu":"0","ocean_menu_typo_font_family":"0","ocean_menu_typo_font_subset":"","ocean_menu_typo_font_size":0,"ocean_menu_typo_font_size_tablet":0,"ocean_menu_typo_font_size_mobile":0,"ocean_menu_typo_font_size_unit":"px","ocean_menu_typo_font_weight":"","ocean_menu_typo_font_weight_tablet":"","ocean_menu_typo_font_weight_mobile":"","ocean_menu_typo_transform":"","ocean_menu_typo_transform_tablet":"","ocean_menu_typo_transform_mobile":"","ocean_menu_typo_line_height":0,"ocean_menu_typo_line_height_tablet":0,"ocean_menu_typo_line_height_mobile":0,"ocean_menu_typo_line_height_unit":"","ocean_menu_typo_spacing":0,"ocean_menu_typo_spacing_tablet":0,"ocean_menu_typo_spacing_mobile":0,"ocean_menu_typo_spacing_unit":"","ocean_menu_link_color":"","ocean_menu_link_color_hover":"","ocean_menu_link_color_active":"","ocean_menu_link_background":"","ocean_menu_link_hover_background":"","ocean_menu_link_active_background":"","ocean_menu_social_links_bg":"","ocean_menu_social_hover_links_bg":"","ocean_menu_social_links_color":"","ocean_menu_social_hover_links_color":"","ocean_disable_title":"default","ocean_disable_heading":"default","ocean_post_title":"","ocean_post_subheading":"","ocean_post_title_style":"","ocean_post_title_background_color":"","ocean_post_title_background":0,"ocean_post_title_bg_image_position":"","ocean_post_title_bg_image_attachment":"","ocean_post_title_bg_image_repeat":"","ocean_post_title_bg_image_size":"","ocean_post_title_height":0,"ocean_post_title_bg_overlay":0.5,"ocean_post_title_bg_overlay_color":"","ocean_disable_breadcrumbs":"default","ocean_breadcrumbs_color":"","ocean_breadcrumbs_separator_color":"","ocean_breadcrumbs_links_color":"","ocean_breadcrumbs_links_hover_color":"","ocean_display_footer_widgets":"default","ocean_display_footer_bottom":"default","ocean_custom_footer_template":"0"},"product_brand":[],"product_cat":[108,167],"product_tag":[132,133,134,157],"class_list":{"0":"post-1750","1":"product","2":"type-product","3":"status-publish","4":"has-post-thumbnail","6":"product_cat-botanicos","7":"product_cat-frutas-liofilizadas","8":"product_tag-arandano-azul-liofilizado","9":"product_tag-arandano-silvestre","10":"product_tag-arandano-silvestre-liofilizado","11":"product_tag-liofilizado","13":"entry","14":"has-media","16":"first","17":"instock","18":"taxable","19":"shipping-taxable","20":"purchasable","21":"product-type-variable","22":"has-product-nav","23":"col","24":"span_1_of_4","25":"owp-content-center","26":"item-entry","27":"owp-thumbs-layout-horizontal","28":"owp-btn-very-big","29":"owp-tabs-layout-vertical"},"acf":[],"yoast_head":"<!-- This site is optimized with the Yoast SEO plugin v26.5 - https:\/\/yoast.com\/wordpress\/plugins\/seo\/ -->\n<title>Ar\u00e1ndano Silvestre Liofilizado - Colaboraciones Mar de Especias<\/title>\n<meta name=\"description\" content=\"El Ar\u00e1ndano Silvestre o Ar\u00e1ndano azul liofilizado posee un sabor y una textura superior al resto, a pesar de ser de menor tama\u00f1o.\" \/>\n<meta name=\"robots\" content=\"index, follow, max-snippet:-1, max-image-preview:large, max-video-preview:-1\" \/>\n<link rel=\"canonical\" href=\"https:\/\/colaboraciones.mardeespecias.com\/en\/product\/arandano-silvestre-liofilizado\/\" \/>\n<meta property=\"og:locale\" content=\"en_GB\" \/>\n<meta property=\"og:type\" content=\"article\" \/>\n<meta property=\"og:title\" content=\"Ar\u00e1ndano Silvestre Liofilizado - Colaboraciones Mar de Especias\" \/>\n<meta property=\"og:description\" content=\"El Ar\u00e1ndano Silvestre o Ar\u00e1ndano azul liofilizado posee un sabor y una textura superior al resto, a pesar de ser de menor tama\u00f1o.\" \/>\n<meta property=\"og:url\" content=\"https:\/\/colaboraciones.mardeespecias.com\/en\/product\/arandano-silvestre-liofilizado\/\" \/>\n<meta property=\"og:site_name\" content=\"Colaboraciones Mar de Especias\" \/>\n<meta property=\"article:publisher\" content=\"https:\/\/www.facebook.com\/mardeespeciasoficial\/\" \/>\n<meta property=\"article:modified_time\" content=\"2023-10-25T17:59:50+00:00\" \/>\n<meta property=\"og:image\" content=\"https:\/\/colaboraciones.mardeespecias.com\/wp-content\/uploads\/2020\/07\/ARANDANO.jpg\" \/>\n\t<meta property=\"og:image:width\" content=\"600\" \/>\n\t<meta property=\"og:image:height\" content=\"600\" \/>\n\t<meta property=\"og:image:type\" content=\"image\/jpeg\" \/>\n<meta name=\"twitter:card\" content=\"summary_large_image\" \/>\n<meta name=\"twitter:site\" content=\"@MardeEspecias\" \/>\n<meta name=\"twitter:label1\" content=\"Estimated reading time\" \/>\n\t<meta name=\"twitter:data1\" content=\"1 minute\" \/>\n<script type=\"application\/ld+json\" class=\"yoast-schema-graph\">{\"@context\":\"https:\/\/schema.org\",\"@graph\":[{\"@type\":\"WebPage\",\"@id\":\"https:\/\/colaboraciones.mardeespecias.com\/producto\/arandano-silvestre-liofilizado\/\",\"url\":\"https:\/\/colaboraciones.mardeespecias.com\/producto\/arandano-silvestre-liofilizado\/\",\"name\":\"Ar\u00e1ndano Silvestre Liofilizado - Colaboraciones Mar de Especias\",\"isPartOf\":{\"@id\":\"https:\/\/colaboraciones.mardeespecias.com\/#website\"},\"primaryImageOfPage\":{\"@id\":\"https:\/\/colaboraciones.mardeespecias.com\/producto\/arandano-silvestre-liofilizado\/#primaryimage\"},\"image\":{\"@id\":\"https:\/\/colaboraciones.mardeespecias.com\/producto\/arandano-silvestre-liofilizado\/#primaryimage\"},\"thumbnailUrl\":\"https:\/\/colaboraciones.mardeespecias.com\/wp-content\/uploads\/2020\/07\/ARANDANO.jpg\",\"datePublished\":\"2020-07-23T22:33:18+00:00\",\"dateModified\":\"2023-10-25T17:59:50+00:00\",\"description\":\"El Ar\u00e1ndano Silvestre o Ar\u00e1ndano azul liofilizado posee un sabor y una textura superior al resto, a pesar de ser de menor tama\u00f1o.\",\"breadcrumb\":{\"@id\":\"https:\/\/colaboraciones.mardeespecias.com\/producto\/arandano-silvestre-liofilizado\/#breadcrumb\"},\"inLanguage\":\"en-GB\",\"potentialAction\":[{\"@type\":\"ReadAction\",\"target\":[\"https:\/\/colaboraciones.mardeespecias.com\/producto\/arandano-silvestre-liofilizado\/\"]}]},{\"@type\":\"ImageObject\",\"inLanguage\":\"en-GB\",\"@id\":\"https:\/\/colaboraciones.mardeespecias.com\/producto\/arandano-silvestre-liofilizado\/#primaryimage\",\"url\":\"https:\/\/colaboraciones.mardeespecias.com\/wp-content\/uploads\/2020\/07\/ARANDANO.jpg\",\"contentUrl\":\"https:\/\/colaboraciones.mardeespecias.com\/wp-content\/uploads\/2020\/07\/ARANDANO.jpg\",\"width\":600,\"height\":600,\"caption\":\"Ar\u00e1ndano Silvestre Liofilizado\"},{\"@type\":\"BreadcrumbList\",\"@id\":\"https:\/\/colaboraciones.mardeespecias.com\/producto\/arandano-silvestre-liofilizado\/#breadcrumb\",\"itemListElement\":[{\"@type\":\"ListItem\",\"position\":1,\"name\":\"INICIO\",\"item\":\"https:\/\/colaboraciones.mardeespecias.com\/\"},{\"@type\":\"ListItem\",\"position\":2,\"name\":\"Tienda\",\"item\":\"https:\/\/colaboraciones.mardeespecias.com\/tienda\/\"},{\"@type\":\"ListItem\",\"position\":3,\"name\":\"Ar\u00e1ndano Silvestre Liofilizado\"}]},{\"@type\":\"WebSite\",\"@id\":\"https:\/\/colaboraciones.mardeespecias.com\/#website\",\"url\":\"https:\/\/colaboraciones.mardeespecias.com\/\",\"name\":\"Colaboraciones Mar de Especias\",\"description\":\"Portal de venta de productos Selectos.\",\"publisher\":{\"@id\":\"https:\/\/colaboraciones.mardeespecias.com\/#organization\"},\"potentialAction\":[{\"@type\":\"SearchAction\",\"target\":{\"@type\":\"EntryPoint\",\"urlTemplate\":\"https:\/\/colaboraciones.mardeespecias.com\/?s={search_term_string}\"},\"query-input\":{\"@type\":\"PropertyValueSpecification\",\"valueRequired\":true,\"valueName\":\"search_term_string\"}}],\"inLanguage\":\"en-GB\"},{\"@type\":\"Organization\",\"@id\":\"https:\/\/colaboraciones.mardeespecias.com\/#organization\",\"name\":\"Mar de Especias\",\"url\":\"https:\/\/colaboraciones.mardeespecias.com\/\",\"logo\":{\"@type\":\"ImageObject\",\"inLanguage\":\"en-GB\",\"@id\":\"https:\/\/colaboraciones.mardeespecias.com\/#\/schema\/logo\/image\/\",\"url\":\"https:\/\/colaboraciones.mardeespecias.com\/wp-content\/uploads\/2018\/05\/LOGO_MDE-TRANSP.png\",\"contentUrl\":\"https:\/\/colaboraciones.mardeespecias.com\/wp-content\/uploads\/2018\/05\/LOGO_MDE-TRANSP.png\",\"width\":244,\"height\":115,\"caption\":\"Mar de Especias\"},\"image\":{\"@id\":\"https:\/\/colaboraciones.mardeespecias.com\/#\/schema\/logo\/image\/\"},\"sameAs\":[\"https:\/\/www.facebook.com\/mardeespeciasoficial\/\",\"https:\/\/x.com\/MardeEspecias\",\"https:\/\/www.instagram.com\/mardeespeciasoficial\/\"]}]}<\/script>\n<!-- \/ Yoast SEO plugin. -->","yoast_head_json":{"title":"Ar\u00e1ndano Silvestre Liofilizado - Colaboraciones Mar de Especias","description":"El Ar\u00e1ndano Silvestre o Ar\u00e1ndano azul liofilizado posee un sabor y una textura superior al resto, a pesar de ser de menor tama\u00f1o.","robots":{"index":"index","follow":"follow","max-snippet":"max-snippet:-1","max-image-preview":"max-image-preview:large","max-video-preview":"max-video-preview:-1"},"canonical":"https:\/\/colaboraciones.mardeespecias.com\/en\/product\/arandano-silvestre-liofilizado\/","og_locale":"en_GB","og_type":"article","og_title":"Ar\u00e1ndano Silvestre Liofilizado - Colaboraciones Mar de Especias","og_description":"El Ar\u00e1ndano Silvestre o Ar\u00e1ndano azul liofilizado posee un sabor y una textura superior al resto, a pesar de ser de menor tama\u00f1o.","og_url":"https:\/\/colaboraciones.mardeespecias.com\/en\/product\/arandano-silvestre-liofilizado\/","og_site_name":"Colaboraciones Mar de Especias","article_publisher":"https:\/\/www.facebook.com\/mardeespeciasoficial\/","article_modified_time":"2023-10-25T17:59:50+00:00","og_image":[{"width":600,"height":600,"url":"https:\/\/colaboraciones.mardeespecias.com\/wp-content\/uploads\/2020\/07\/ARANDANO.jpg","type":"image\/jpeg"}],"twitter_card":"summary_large_image","twitter_site":"@MardeEspecias","twitter_misc":{"Estimated reading time":"1 minute"},"schema":{"@context":"https:\/\/schema.org","@graph":[{"@type":"WebPage","@id":"https:\/\/colaboraciones.mardeespecias.com\/producto\/arandano-silvestre-liofilizado\/","url":"https:\/\/colaboraciones.mardeespecias.com\/producto\/arandano-silvestre-liofilizado\/","name":"Ar\u00e1ndano Silvestre Liofilizado - Colaboraciones Mar de Especias","isPartOf":{"@id":"https:\/\/colaboraciones.mardeespecias.com\/#website"},"primaryImageOfPage":{"@id":"https:\/\/colaboraciones.mardeespecias.com\/producto\/arandano-silvestre-liofilizado\/#primaryimage"},"image":{"@id":"https:\/\/colaboraciones.mardeespecias.com\/producto\/arandano-silvestre-liofilizado\/#primaryimage"},"thumbnailUrl":"https:\/\/colaboraciones.mardeespecias.com\/wp-content\/uploads\/2020\/07\/ARANDANO.jpg","datePublished":"2020-07-23T22:33:18+00:00","dateModified":"2023-10-25T17:59:50+00:00","description":"El Ar\u00e1ndano Silvestre o Ar\u00e1ndano azul liofilizado posee un sabor y una textura superior al resto, a pesar de ser de menor tama\u00f1o.","breadcrumb":{"@id":"https:\/\/colaboraciones.mardeespecias.com\/producto\/arandano-silvestre-liofilizado\/#breadcrumb"},"inLanguage":"en-GB","potentialAction":[{"@type":"ReadAction","target":["https:\/\/colaboraciones.mardeespecias.com\/producto\/arandano-silvestre-liofilizado\/"]}]},{"@type":"ImageObject","inLanguage":"en-GB","@id":"https:\/\/colaboraciones.mardeespecias.com\/producto\/arandano-silvestre-liofilizado\/#primaryimage","url":"https:\/\/colaboraciones.mardeespecias.com\/wp-content\/uploads\/2020\/07\/ARANDANO.jpg","contentUrl":"https:\/\/colaboraciones.mardeespecias.com\/wp-content\/uploads\/2020\/07\/ARANDANO.jpg","width":600,"height":600,"caption":"Ar\u00e1ndano Silvestre Liofilizado"},{"@type":"BreadcrumbList","@id":"https:\/\/colaboraciones.mardeespecias.com\/producto\/arandano-silvestre-liofilizado\/#breadcrumb","itemListElement":[{"@type":"ListItem","position":1,"name":"INICIO","item":"https:\/\/colaboraciones.mardeespecias.com\/"},{"@type":"ListItem","position":2,"name":"Tienda","item":"https:\/\/colaboraciones.mardeespecias.com\/tienda\/"},{"@type":"ListItem","position":3,"name":"Ar\u00e1ndano Silvestre Liofilizado"}]},{"@type":"WebSite","@id":"https:\/\/colaboraciones.mardeespecias.com\/#website","url":"https:\/\/colaboraciones.mardeespecias.com\/","name":"Colaboraciones Mar de Especias","description":"Portal de venta de productos Selectos.","publisher":{"@id":"https:\/\/colaboraciones.mardeespecias.com\/#organization"},"potentialAction":[{"@type":"SearchAction","target":{"@type":"EntryPoint","urlTemplate":"https:\/\/colaboraciones.mardeespecias.com\/?s={search_term_string}"},"query-input":{"@type":"PropertyValueSpecification","valueRequired":true,"valueName":"search_term_string"}}],"inLanguage":"en-GB"},{"@type":"Organization","@id":"https:\/\/colaboraciones.mardeespecias.com\/#organization","name":"Mar de Especias","url":"https:\/\/colaboraciones.mardeespecias.com\/","logo":{"@type":"ImageObject","inLanguage":"en-GB","@id":"https:\/\/colaboraciones.mardeespecias.com\/#\/schema\/logo\/image\/","url":"https:\/\/colaboraciones.mardeespecias.com\/wp-content\/uploads\/2018\/05\/LOGO_MDE-TRANSP.png","contentUrl":"https:\/\/colaboraciones.mardeespecias.com\/wp-content\/uploads\/2018\/05\/LOGO_MDE-TRANSP.png","width":244,"height":115,"caption":"Mar de Especias"},"image":{"@id":"https:\/\/colaboraciones.mardeespecias.com\/#\/schema\/logo\/image\/"},"sameAs":["https:\/\/www.facebook.com\/mardeespeciasoficial\/","https:\/\/x.com\/MardeEspecias","https:\/\/www.instagram.com\/mardeespeciasoficial\/"]}]}},"_links":{"self":[{"href":"https:\/\/colaboraciones.mardeespecias.com\/en\/wp-json\/wp\/v2\/product\/1750","targetHints":{"allow":["GET"]}}],"collection":[{"href":"https:\/\/colaboraciones.mardeespecias.com\/en\/wp-json\/wp\/v2\/product"}],"about":[{"href":"https:\/\/colaboraciones.mardeespecias.com\/en\/wp-json\/wp\/v2\/types\/product"}],"version-history":[{"count":4,"href":"https:\/\/colaboraciones.mardeespecias.com\/en\/wp-json\/wp\/v2\/product\/1750\/revisions"}],"predecessor-version":[{"id":5182,"href":"https:\/\/colaboraciones.mardeespecias.com\/en\/wp-json\/wp\/v2\/product\/1750\/revisions\/5182"}],"wp:featuredmedia":[{"embeddable":true,"href":"https:\/\/colaboraciones.mardeespecias.com\/en\/wp-json\/wp\/v2\/media\/1699"}],"wp:attachment":[{"href":"https:\/\/colaboraciones.mardeespecias.com\/en\/wp-json\/wp\/v2\/media?parent=1750"}],"wp:term":[{"taxonomy":"product_brand","embeddable":true,"href":"https:\/\/colaboraciones.mardeespecias.com\/en\/wp-json\/wp\/v2\/product_brand?post=1750"},{"taxonomy":"product_cat","embeddable":true,"href":"https:\/\/colaboraciones.mardeespecias.com\/en\/wp-json\/wp\/v2\/product_cat?post=1750"},{"taxonomy":"product_tag","embeddable":true,"href":"https:\/\/colaboraciones.mardeespecias.com\/en\/wp-json\/wp\/v2\/product_tag?post=1750"}],"curies":[{"name":"wp","href":"https:\/\/api.w.org\/{rel}","templated":true}]}}