{"id":1151,"date":"2020-04-06T11:45:09","date_gmt":"2020-04-06T11:45:09","guid":{"rendered":"https:\/\/colaboraciones.mardeespecias.com\/?post_type=product&#038;p=1151"},"modified":"2023-10-25T19:51:08","modified_gmt":"2023-10-25T17:51:08","slug":"anis-estrellado","status":"publish","type":"product","link":"https:\/\/colaboraciones.mardeespecias.com\/en\/product\/anis-estrellado\/","title":{"rendered":"Star anise"},"content":{"rendered":"<p class=\"p1\">Star Anise is the brown fruit obtained from the badian or badiana tree, its aroma is reminiscent of green aniseed and its flavour, slightly sweet, is reminiscent of liquorice. One of the 9 essential botanicals for your cocktails. The fruits of this spice are star-shaped, which is why it is so eye-catching. We recommend Spiced Gins such as: <strong><a href=\"http:\/\/www.magellangin.es\/\">Magellan<\/a>, <a href=\"https:\/\/penderyn.wales\/brecon-gin\/\"><span style=\"text-decoration: underline;\">Brecon Gin Botanical\u00b4s<\/span><\/a> and\u00a0<a href=\"https:\/\/penderyn.wales\/brecon-gin\/\">Brecon Gin Special Reserve<\/a>, <a href=\"http:\/\/citadellegin.com\/es\/\">Citadelle.<\/a><\/strong><\/p>\n<p class=\"p1\"><b>IDEAL FOR:<\/b> <i>Infusions or cocktails with gin, vodka Cooking and baking.<\/i><\/p>\n<p><strong>How to use it: <\/strong>Mainly to finish the cocktail and to perfume the cocktail.<\/p>\n<p class=\"p1\"><b>Ingredients:<\/b> Star Anise.<\/p>\n<p><strong>Al\u00e9rgenos (RD 126\/2015):\u00a0<\/strong>No contiene Al\u00e9rgenos.<\/p>\n<p><img fetchpriority=\"high\" decoding=\"async\" class=\"alignnone size-full wp-image-4814\" src=\"https:\/\/colaboraciones.mardeespecias.com\/wp-content\/uploads\/2020\/04\/FICHA-TECNICA-sal-en-escamas-limon-rev-1.jpg\" alt=\"\" width=\"600\" height=\"229\" srcset=\"https:\/\/colaboraciones.mardeespecias.com\/wp-content\/uploads\/2020\/04\/FICHA-TECNICA-sal-en-escamas-limon-rev-1.jpg 600w, https:\/\/colaboraciones.mardeespecias.com\/wp-content\/uploads\/2020\/04\/FICHA-TECNICA-sal-en-escamas-limon-rev-1-18x7.jpg 18w\" sizes=\"(max-width: 600px) 100vw, 600px\" \/><\/p>\n<p><strong>Advertencias:<\/strong> NO APTO PARA LACTANTES.<\/p>\n<p><strong>Valores Nutricionales:<\/strong><\/p>\n<table style=\"height: 270px; width: 26.1036%; border-collapse: collapse; border-color: #000000; background-color: #ffffff; border-style: solid;\">\n<tbody>\n<tr>\n<td style=\"width: 24.5546%; text-align: center; border-style: solid; border-color: #000000;\"><strong>PAR\u00c1METRO<\/strong><\/td>\n<td style=\"width: 15.8916%; text-align: center; border-style: solid; border-color: #000000;\"><strong>RESULTADO<\/strong><\/td>\n<td style=\"width: 17.986%; text-align: center; border-style: solid; border-color: #000000;\"><strong>UNIDADES<\/strong><\/td>\n<\/tr>\n<tr>\n<td style=\"width: 24.5546%; border-style: solid; border-color: #000000;\" rowspan=\"2\">Valor nutricional<\/td>\n<td style=\"width: 15.8916%; text-align: center; border-style: solid; border-color: #000000;\">337<\/td>\n<td style=\"width: 17.986%; text-align: center; border-style: solid; border-color: #000000;\">kj\/100gr<\/td>\n<\/tr>\n<tr>\n<td style=\"width: 15.8916%; text-align: center; border-style: solid; border-color: #000000;\">80,55<\/td>\n<td style=\"width: 17.986%; text-align: center; border-style: solid; border-color: #000000;\">kcal\/100gr<\/td>\n<\/tr>\n<tr>\n<td style=\"width: 24.5546%; border-style: solid; border-color: #000000;\">Hidratos de carbono<\/td>\n<td style=\"width: 15.8916%; text-align: center; border-style: solid; border-color: #000000;\">50,00<\/td>\n<td style=\"width: 17.986%; text-align: center; border-style: solid; border-color: #000000;\">gr\/100gr<\/td>\n<\/tr>\n<tr>\n<td style=\"width: 24.5546%; border-style: solid; border-color: #000000;\">De los cuales az\u00facares<\/td>\n<td style=\"width: 15.8916%; text-align: center; border-style: solid; border-color: #000000;\">0,00<\/td>\n<td style=\"width: 17.986%; text-align: center; border-style: solid; border-color: #000000;\">gr\/100gr<\/td>\n<\/tr>\n<tr>\n<td style=\"width: 24.5546%; border-style: solid; border-color: #000000;\">Prote\u00ednas<\/td>\n<td style=\"width: 15.8916%; text-align: center; border-style: solid; border-color: #000000;\">17,60<\/td>\n<td style=\"width: 17.986%; text-align: center; border-style: solid; border-color: #000000;\">gr\/100gr<\/td>\n<\/tr>\n<tr>\n<td style=\"width: 24.5546%; border-style: solid; border-color: #000000;\">Grasas<\/td>\n<td style=\"width: 15.8916%; text-align: center; border-style: solid; border-color: #000000;\">15,90<\/td>\n<td style=\"width: 17.986%; text-align: center; border-style: solid; border-color: #000000;\">gr\/100gr<\/td>\n<\/tr>\n<tr>\n<td style=\"width: 24.5546%; border-style: solid; border-color: #000000;\">Grasas saturadas<\/td>\n<td style=\"width: 15.8916%; text-align: center; border-style: solid; border-color: #000000;\">9,78<\/td>\n<td style=\"width: 17.986%; text-align: center; border-style: solid; border-color: #000000;\">gr\/100gr<\/td>\n<\/tr>\n<tr>\n<td style=\"width: 24.5546%; border-style: solid; border-color: #000000;\">Fibra total<\/td>\n<td style=\"width: 15.8916%; text-align: center; border-style: solid; border-color: #000000;\">14,60<\/td>\n<td style=\"width: 17.986%; text-align: center; border-style: solid; border-color: #000000;\">gr\/100gr<\/td>\n<\/tr>\n<tr>\n<td style=\"width: 24.5546%; border-style: solid; border-color: #000000;\">Sal (sodio)<\/td>\n<td style=\"width: 15.8916%; text-align: center; border-style: solid; border-color: #000000;\">0,016<\/td>\n<td style=\"width: 17.986%; text-align: center; border-style: solid; border-color: #000000;\">gr\/100gr<\/td>\n<\/tr>\n<tr>\n<td style=\"width: 24.5546%; border-style: solid; border-color: #000000;\">Humedad<\/td>\n<td style=\"width: 15.8916%; text-align: center; border-style: solid; border-color: #000000;\">0,10<\/td>\n<td style=\"width: 17.986%; text-align: center; border-style: solid; border-color: #000000;\">gr\/100gr<\/td>\n<\/tr>\n<\/tbody>\n<\/table>\n<p>Conservar en lugar fresco y seco.<\/p>\n<p>Producto de Vietnam.<\/p>\n<p><a href=\"https:\/\/colaboraciones.mardeespecias.com\/wp-content\/uploads\/2023\/05\/FICHA-TECNICA-cocteleria-anis-estrellado-REV-1.pdf\" target=\"_blank\" rel=\"noopener\"><strong><img decoding=\"async\" class=\"wp-image-4835 alignnone lazyload\" data-src=\"https:\/\/colaboraciones.mardeespecias.com\/wp-content\/uploads\/2023\/05\/descarga-pdf.jpg\" alt=\"\" width=\"45\" height=\"47\" data-srcset=\"https:\/\/colaboraciones.mardeespecias.com\/wp-content\/uploads\/2023\/05\/descarga-pdf.jpg 220w, https:\/\/colaboraciones.mardeespecias.com\/wp-content\/uploads\/2023\/05\/descarga-pdf-12x12.jpg 12w\" data-sizes=\"(max-width: 45px) 100vw, 45px\" src=\"data:image\/svg+xml;base64,PHN2ZyB3aWR0aD0iMSIgaGVpZ2h0PSIxIiB4bWxucz0iaHR0cDovL3d3dy53My5vcmcvMjAwMC9zdmciPjwvc3ZnPg==\" style=\"--smush-placeholder-width: 45px; --smush-placeholder-aspect-ratio: 45\/47;\" \/><\/strong><strong>\u00a0 D<\/strong><strong>escarga Ficha T\u00e9cnica<\/strong><\/a><\/p>","protected":false},"excerpt":{"rendered":"<p class=\"p1\">Star anise is the brown fruit obtained from the badian or badian tree, its aroma is reminiscent of green anise and its flavour, slightly sweet, of liquorice.<\/p>\n<p class=\"p1\"><b>IDEAL FOR:<\/b> <i>Infusions or cocktails with gin, vodka Cooking and baking.<\/i><\/p>\n<p><strong>How to use it: <\/strong>Mainly to finish the cocktail and to perfume the cocktail.<\/p>\n<p class=\"p1\"><b>Ingredients:<\/b> Star Anise.<\/p>\n<p class=\"p1\">Product from Vietnam<\/p>","protected":false},"featured_media":1141,"template":"","meta":{"ocean_post_layout":"","ocean_both_sidebars_style":"","ocean_both_sidebars_content_width":0,"ocean_both_sidebars_sidebars_width":0,"ocean_sidebar":"0","ocean_second_sidebar":"0","ocean_disable_margins":"enable","ocean_add_body_class":"","ocean_shortcode_before_top_bar":"","ocean_shortcode_after_top_bar":"","ocean_shortcode_before_header":"","ocean_shortcode_after_header":"","ocean_has_shortcode":"","ocean_shortcode_after_title":"","ocean_shortcode_before_footer_widgets":"","ocean_shortcode_after_footer_widgets":"","ocean_shortcode_before_footer_bottom":"","ocean_shortcode_after_footer_bottom":"","ocean_display_top_bar":"default","ocean_display_header":"default","ocean_header_style":"","ocean_center_header_left_menu":"0","ocean_custom_header_template":"0","ocean_custom_logo":0,"ocean_custom_retina_logo":0,"ocean_custom_logo_max_width":0,"ocean_custom_logo_tablet_max_width":0,"ocean_custom_logo_mobile_max_width":0,"ocean_custom_logo_max_height":0,"ocean_custom_logo_tablet_max_height":0,"ocean_custom_logo_mobile_max_height":0,"ocean_header_custom_menu":"0","ocean_menu_typo_font_family":"0","ocean_menu_typo_font_subset":"","ocean_menu_typo_font_size":0,"ocean_menu_typo_font_size_tablet":0,"ocean_menu_typo_font_size_mobile":0,"ocean_menu_typo_font_size_unit":"px","ocean_menu_typo_font_weight":"","ocean_menu_typo_font_weight_tablet":"","ocean_menu_typo_font_weight_mobile":"","ocean_menu_typo_transform":"","ocean_menu_typo_transform_tablet":"","ocean_menu_typo_transform_mobile":"","ocean_menu_typo_line_height":0,"ocean_menu_typo_line_height_tablet":0,"ocean_menu_typo_line_height_mobile":0,"ocean_menu_typo_line_height_unit":"","ocean_menu_typo_spacing":0,"ocean_menu_typo_spacing_tablet":0,"ocean_menu_typo_spacing_mobile":0,"ocean_menu_typo_spacing_unit":"","ocean_menu_link_color":"","ocean_menu_link_color_hover":"","ocean_menu_link_color_active":"","ocean_menu_link_background":"","ocean_menu_link_hover_background":"","ocean_menu_link_active_background":"","ocean_menu_social_links_bg":"","ocean_menu_social_hover_links_bg":"","ocean_menu_social_links_color":"","ocean_menu_social_hover_links_color":"","ocean_disable_title":"default","ocean_disable_heading":"default","ocean_post_title":"","ocean_post_subheading":"","ocean_post_title_style":"","ocean_post_title_background_color":"","ocean_post_title_background":0,"ocean_post_title_bg_image_position":"","ocean_post_title_bg_image_attachment":"","ocean_post_title_bg_image_repeat":"","ocean_post_title_bg_image_size":"","ocean_post_title_height":0,"ocean_post_title_bg_overlay":0.5,"ocean_post_title_bg_overlay_color":"","ocean_disable_breadcrumbs":"default","ocean_breadcrumbs_color":"","ocean_breadcrumbs_separator_color":"","ocean_breadcrumbs_links_color":"","ocean_breadcrumbs_links_hover_color":"","ocean_display_footer_widgets":"default","ocean_display_footer_bottom":"default","ocean_custom_footer_template":"0"},"product_brand":[],"product_cat":[26,108,169],"product_tag":[109,111,110],"class_list":{"0":"post-1151","1":"product","2":"type-product","3":"status-publish","4":"has-post-thumbnail","6":"product_cat-cocteleria-reposteria-cocina","7":"product_cat-botanicos","8":"product_cat-productos-botanicos","9":"product_tag-anis-estrellado","10":"product_tag-botanicos","11":"product_tag-cocteleria","13":"entry","14":"has-media","16":"first","17":"instock","18":"taxable","19":"shipping-taxable","20":"purchasable","21":"product-type-variable","22":"has-product-nav","23":"col","24":"span_1_of_4","25":"owp-content-center","26":"item-entry","27":"owp-thumbs-layout-horizontal","28":"owp-btn-very-big","29":"owp-tabs-layout-vertical"},"acf":[],"yoast_head":"<!-- This site is optimized with the Yoast SEO plugin v26.5 - https:\/\/yoast.com\/wordpress\/plugins\/seo\/ -->\n<title>An\u00eds Estrellado - Colaboraciones Mar de Especias<\/title>\n<meta name=\"description\" content=\"El an\u00eds estrellado es el fruto de color marr\u00f3n que se obtiene del \u00e1rbol badi\u00e1n o badiana, su aroma recuerda al del an\u00eds verde y su sabor, al regaliz.\" \/>\n<meta name=\"robots\" content=\"index, follow, max-snippet:-1, max-image-preview:large, max-video-preview:-1\" \/>\n<link rel=\"canonical\" href=\"https:\/\/colaboraciones.mardeespecias.com\/en\/product\/anis-estrellado\/\" \/>\n<meta property=\"og:locale\" content=\"en_GB\" \/>\n<meta property=\"og:type\" content=\"article\" \/>\n<meta property=\"og:title\" content=\"An\u00eds Estrellado - Colaboraciones Mar de Especias\" \/>\n<meta property=\"og:description\" content=\"El an\u00eds estrellado es el fruto de color marr\u00f3n que se obtiene del \u00e1rbol badi\u00e1n o badiana, su aroma recuerda al del an\u00eds verde y su sabor, al regaliz.\" \/>\n<meta property=\"og:url\" content=\"https:\/\/colaboraciones.mardeespecias.com\/en\/product\/anis-estrellado\/\" \/>\n<meta property=\"og:site_name\" content=\"Colaboraciones Mar de Especias\" \/>\n<meta property=\"article:publisher\" content=\"https:\/\/www.facebook.com\/mardeespeciasoficial\/\" \/>\n<meta property=\"article:modified_time\" content=\"2023-10-25T17:51:08+00:00\" \/>\n<meta property=\"og:image\" content=\"https:\/\/colaboraciones.mardeespecias.com\/wp-content\/uploads\/2020\/04\/ANIS-ESTRELLADO.jpg\" \/>\n\t<meta property=\"og:image:width\" content=\"600\" \/>\n\t<meta property=\"og:image:height\" content=\"600\" \/>\n\t<meta property=\"og:image:type\" content=\"image\/jpeg\" \/>\n<meta name=\"twitter:card\" content=\"summary_large_image\" \/>\n<meta name=\"twitter:site\" content=\"@MardeEspecias\" \/>\n<meta name=\"twitter:label1\" content=\"Estimated reading time\" \/>\n\t<meta name=\"twitter:data1\" content=\"1 minute\" \/>\n<script type=\"application\/ld+json\" class=\"yoast-schema-graph\">{\"@context\":\"https:\/\/schema.org\",\"@graph\":[{\"@type\":\"WebPage\",\"@id\":\"https:\/\/colaboraciones.mardeespecias.com\/producto\/anis-estrellado\/\",\"url\":\"https:\/\/colaboraciones.mardeespecias.com\/producto\/anis-estrellado\/\",\"name\":\"An\u00eds Estrellado - Colaboraciones Mar de Especias\",\"isPartOf\":{\"@id\":\"https:\/\/colaboraciones.mardeespecias.com\/#website\"},\"primaryImageOfPage\":{\"@id\":\"https:\/\/colaboraciones.mardeespecias.com\/producto\/anis-estrellado\/#primaryimage\"},\"image\":{\"@id\":\"https:\/\/colaboraciones.mardeespecias.com\/producto\/anis-estrellado\/#primaryimage\"},\"thumbnailUrl\":\"https:\/\/colaboraciones.mardeespecias.com\/wp-content\/uploads\/2020\/04\/ANIS-ESTRELLADO.jpg\",\"datePublished\":\"2020-04-06T11:45:09+00:00\",\"dateModified\":\"2023-10-25T17:51:08+00:00\",\"description\":\"El an\u00eds estrellado es el fruto de color marr\u00f3n que se obtiene del \u00e1rbol badi\u00e1n o badiana, su aroma recuerda al del an\u00eds verde y su sabor, al regaliz.\",\"breadcrumb\":{\"@id\":\"https:\/\/colaboraciones.mardeespecias.com\/producto\/anis-estrellado\/#breadcrumb\"},\"inLanguage\":\"en-GB\",\"potentialAction\":[{\"@type\":\"ReadAction\",\"target\":[\"https:\/\/colaboraciones.mardeespecias.com\/producto\/anis-estrellado\/\"]}]},{\"@type\":\"ImageObject\",\"inLanguage\":\"en-GB\",\"@id\":\"https:\/\/colaboraciones.mardeespecias.com\/producto\/anis-estrellado\/#primaryimage\",\"url\":\"https:\/\/colaboraciones.mardeespecias.com\/wp-content\/uploads\/2020\/04\/ANIS-ESTRELLADO.jpg\",\"contentUrl\":\"https:\/\/colaboraciones.mardeespecias.com\/wp-content\/uploads\/2020\/04\/ANIS-ESTRELLADO.jpg\",\"width\":600,\"height\":600,\"caption\":\"Anis Estrellado\"},{\"@type\":\"BreadcrumbList\",\"@id\":\"https:\/\/colaboraciones.mardeespecias.com\/producto\/anis-estrellado\/#breadcrumb\",\"itemListElement\":[{\"@type\":\"ListItem\",\"position\":1,\"name\":\"INICIO\",\"item\":\"https:\/\/colaboraciones.mardeespecias.com\/\"},{\"@type\":\"ListItem\",\"position\":2,\"name\":\"Tienda\",\"item\":\"https:\/\/colaboraciones.mardeespecias.com\/tienda\/\"},{\"@type\":\"ListItem\",\"position\":3,\"name\":\"An\u00eds Estrellado\"}]},{\"@type\":\"WebSite\",\"@id\":\"https:\/\/colaboraciones.mardeespecias.com\/#website\",\"url\":\"https:\/\/colaboraciones.mardeespecias.com\/\",\"name\":\"Colaboraciones Mar de Especias\",\"description\":\"Portal de venta de productos Selectos.\",\"publisher\":{\"@id\":\"https:\/\/colaboraciones.mardeespecias.com\/#organization\"},\"potentialAction\":[{\"@type\":\"SearchAction\",\"target\":{\"@type\":\"EntryPoint\",\"urlTemplate\":\"https:\/\/colaboraciones.mardeespecias.com\/?s={search_term_string}\"},\"query-input\":{\"@type\":\"PropertyValueSpecification\",\"valueRequired\":true,\"valueName\":\"search_term_string\"}}],\"inLanguage\":\"en-GB\"},{\"@type\":\"Organization\",\"@id\":\"https:\/\/colaboraciones.mardeespecias.com\/#organization\",\"name\":\"Mar de Especias\",\"url\":\"https:\/\/colaboraciones.mardeespecias.com\/\",\"logo\":{\"@type\":\"ImageObject\",\"inLanguage\":\"en-GB\",\"@id\":\"https:\/\/colaboraciones.mardeespecias.com\/#\/schema\/logo\/image\/\",\"url\":\"https:\/\/colaboraciones.mardeespecias.com\/wp-content\/uploads\/2018\/05\/LOGO_MDE-TRANSP.png\",\"contentUrl\":\"https:\/\/colaboraciones.mardeespecias.com\/wp-content\/uploads\/2018\/05\/LOGO_MDE-TRANSP.png\",\"width\":244,\"height\":115,\"caption\":\"Mar de Especias\"},\"image\":{\"@id\":\"https:\/\/colaboraciones.mardeespecias.com\/#\/schema\/logo\/image\/\"},\"sameAs\":[\"https:\/\/www.facebook.com\/mardeespeciasoficial\/\",\"https:\/\/x.com\/MardeEspecias\",\"https:\/\/www.instagram.com\/mardeespeciasoficial\/\"]}]}<\/script>\n<!-- \/ Yoast SEO plugin. -->","yoast_head_json":{"title":"An\u00eds Estrellado - Colaboraciones Mar de Especias","description":"El an\u00eds estrellado es el fruto de color marr\u00f3n que se obtiene del \u00e1rbol badi\u00e1n o badiana, su aroma recuerda al del an\u00eds verde y su sabor, al regaliz.","robots":{"index":"index","follow":"follow","max-snippet":"max-snippet:-1","max-image-preview":"max-image-preview:large","max-video-preview":"max-video-preview:-1"},"canonical":"https:\/\/colaboraciones.mardeespecias.com\/en\/product\/anis-estrellado\/","og_locale":"en_GB","og_type":"article","og_title":"An\u00eds Estrellado - Colaboraciones Mar de Especias","og_description":"El an\u00eds estrellado es el fruto de color marr\u00f3n que se obtiene del \u00e1rbol badi\u00e1n o badiana, su aroma recuerda al del an\u00eds verde y su sabor, al regaliz.","og_url":"https:\/\/colaboraciones.mardeespecias.com\/en\/product\/anis-estrellado\/","og_site_name":"Colaboraciones Mar de Especias","article_publisher":"https:\/\/www.facebook.com\/mardeespeciasoficial\/","article_modified_time":"2023-10-25T17:51:08+00:00","og_image":[{"width":600,"height":600,"url":"https:\/\/colaboraciones.mardeespecias.com\/wp-content\/uploads\/2020\/04\/ANIS-ESTRELLADO.jpg","type":"image\/jpeg"}],"twitter_card":"summary_large_image","twitter_site":"@MardeEspecias","twitter_misc":{"Estimated reading time":"1 minute"},"schema":{"@context":"https:\/\/schema.org","@graph":[{"@type":"WebPage","@id":"https:\/\/colaboraciones.mardeespecias.com\/producto\/anis-estrellado\/","url":"https:\/\/colaboraciones.mardeespecias.com\/producto\/anis-estrellado\/","name":"An\u00eds Estrellado - Colaboraciones Mar de Especias","isPartOf":{"@id":"https:\/\/colaboraciones.mardeespecias.com\/#website"},"primaryImageOfPage":{"@id":"https:\/\/colaboraciones.mardeespecias.com\/producto\/anis-estrellado\/#primaryimage"},"image":{"@id":"https:\/\/colaboraciones.mardeespecias.com\/producto\/anis-estrellado\/#primaryimage"},"thumbnailUrl":"https:\/\/colaboraciones.mardeespecias.com\/wp-content\/uploads\/2020\/04\/ANIS-ESTRELLADO.jpg","datePublished":"2020-04-06T11:45:09+00:00","dateModified":"2023-10-25T17:51:08+00:00","description":"El an\u00eds estrellado es el fruto de color marr\u00f3n que se obtiene del \u00e1rbol badi\u00e1n o badiana, su aroma recuerda al del an\u00eds verde y su sabor, al regaliz.","breadcrumb":{"@id":"https:\/\/colaboraciones.mardeespecias.com\/producto\/anis-estrellado\/#breadcrumb"},"inLanguage":"en-GB","potentialAction":[{"@type":"ReadAction","target":["https:\/\/colaboraciones.mardeespecias.com\/producto\/anis-estrellado\/"]}]},{"@type":"ImageObject","inLanguage":"en-GB","@id":"https:\/\/colaboraciones.mardeespecias.com\/producto\/anis-estrellado\/#primaryimage","url":"https:\/\/colaboraciones.mardeespecias.com\/wp-content\/uploads\/2020\/04\/ANIS-ESTRELLADO.jpg","contentUrl":"https:\/\/colaboraciones.mardeespecias.com\/wp-content\/uploads\/2020\/04\/ANIS-ESTRELLADO.jpg","width":600,"height":600,"caption":"Anis Estrellado"},{"@type":"BreadcrumbList","@id":"https:\/\/colaboraciones.mardeespecias.com\/producto\/anis-estrellado\/#breadcrumb","itemListElement":[{"@type":"ListItem","position":1,"name":"INICIO","item":"https:\/\/colaboraciones.mardeespecias.com\/"},{"@type":"ListItem","position":2,"name":"Tienda","item":"https:\/\/colaboraciones.mardeespecias.com\/tienda\/"},{"@type":"ListItem","position":3,"name":"An\u00eds Estrellado"}]},{"@type":"WebSite","@id":"https:\/\/colaboraciones.mardeespecias.com\/#website","url":"https:\/\/colaboraciones.mardeespecias.com\/","name":"Colaboraciones Mar de Especias","description":"Portal de venta de productos Selectos.","publisher":{"@id":"https:\/\/colaboraciones.mardeespecias.com\/#organization"},"potentialAction":[{"@type":"SearchAction","target":{"@type":"EntryPoint","urlTemplate":"https:\/\/colaboraciones.mardeespecias.com\/?s={search_term_string}"},"query-input":{"@type":"PropertyValueSpecification","valueRequired":true,"valueName":"search_term_string"}}],"inLanguage":"en-GB"},{"@type":"Organization","@id":"https:\/\/colaboraciones.mardeespecias.com\/#organization","name":"Mar de Especias","url":"https:\/\/colaboraciones.mardeespecias.com\/","logo":{"@type":"ImageObject","inLanguage":"en-GB","@id":"https:\/\/colaboraciones.mardeespecias.com\/#\/schema\/logo\/image\/","url":"https:\/\/colaboraciones.mardeespecias.com\/wp-content\/uploads\/2018\/05\/LOGO_MDE-TRANSP.png","contentUrl":"https:\/\/colaboraciones.mardeespecias.com\/wp-content\/uploads\/2018\/05\/LOGO_MDE-TRANSP.png","width":244,"height":115,"caption":"Mar de Especias"},"image":{"@id":"https:\/\/colaboraciones.mardeespecias.com\/#\/schema\/logo\/image\/"},"sameAs":["https:\/\/www.facebook.com\/mardeespeciasoficial\/","https:\/\/x.com\/MardeEspecias","https:\/\/www.instagram.com\/mardeespeciasoficial\/"]}]}},"_links":{"self":[{"href":"https:\/\/colaboraciones.mardeespecias.com\/en\/wp-json\/wp\/v2\/product\/1151","targetHints":{"allow":["GET"]}}],"collection":[{"href":"https:\/\/colaboraciones.mardeespecias.com\/en\/wp-json\/wp\/v2\/product"}],"about":[{"href":"https:\/\/colaboraciones.mardeespecias.com\/en\/wp-json\/wp\/v2\/types\/product"}],"version-history":[{"count":3,"href":"https:\/\/colaboraciones.mardeespecias.com\/en\/wp-json\/wp\/v2\/product\/1151\/revisions"}],"predecessor-version":[{"id":5112,"href":"https:\/\/colaboraciones.mardeespecias.com\/en\/wp-json\/wp\/v2\/product\/1151\/revisions\/5112"}],"wp:featuredmedia":[{"embeddable":true,"href":"https:\/\/colaboraciones.mardeespecias.com\/en\/wp-json\/wp\/v2\/media\/1141"}],"wp:attachment":[{"href":"https:\/\/colaboraciones.mardeespecias.com\/en\/wp-json\/wp\/v2\/media?parent=1151"}],"wp:term":[{"taxonomy":"product_brand","embeddable":true,"href":"https:\/\/colaboraciones.mardeespecias.com\/en\/wp-json\/wp\/v2\/product_brand?post=1151"},{"taxonomy":"product_cat","embeddable":true,"href":"https:\/\/colaboraciones.mardeespecias.com\/en\/wp-json\/wp\/v2\/product_cat?post=1151"},{"taxonomy":"product_tag","embeddable":true,"href":"https:\/\/colaboraciones.mardeespecias.com\/en\/wp-json\/wp\/v2\/product_tag?post=1151"}],"curies":[{"name":"wp","href":"https:\/\/api.w.org\/{rel}","templated":true}]}}