{"id":2901,"date":"2021-05-11T22:58:51","date_gmt":"2021-05-11T20:58:51","guid":{"rendered":"https:\/\/colaboraciones.mardeespecias.com\/?page_id=2901"},"modified":"2023-09-15T11:07:06","modified_gmt":"2023-09-15T09:07:06","slug":"politica-de-envios","status":"publish","type":"page","link":"https:\/\/colaboraciones.mardeespecias.com\/en\/politica-de-envios\/","title":{"rendered":"Delivery Policy"},"content":{"rendered":"<div data-elementor-type=\"wp-page\" data-elementor-id=\"2901\" class=\"elementor elementor-2901\">\n\t\t\t\t\t\t<section class=\"elementor-section elementor-top-section elementor-element elementor-element-1857ad2 elementor-section-boxed elementor-section-height-default elementor-section-height-default\" data-id=\"1857ad2\" data-element_type=\"section\">\n\t\t\t\t\t\t<div class=\"elementor-container elementor-column-gap-default\">\n\t\t\t\t\t<div class=\"elementor-column elementor-col-100 elementor-top-column elementor-element elementor-element-02060cd\" data-id=\"02060cd\" data-element_type=\"column\">\n\t\t\t<div class=\"elementor-widget-wrap elementor-element-populated\">\n\t\t\t\t\t\t<div class=\"elementor-element elementor-element-0fb00c5 elementor-widget elementor-widget-heading\" data-id=\"0fb00c5\" data-element_type=\"widget\" data-widget_type=\"heading.default\">\n\t\t\t\t<div class=\"elementor-widget-container\">\n\t\t\t\t\t<h2 class=\"elementor-heading-title elementor-size-default\">Delivery Policy<\/h2>\t\t\t\t<\/div>\n\t\t\t\t<\/div>\n\t\t\t\t<div class=\"elementor-element elementor-element-9c1446f elementor-widget elementor-widget-text-editor\" data-id=\"9c1446f\" data-element_type=\"widget\" data-widget_type=\"text-editor.default\">\n\t\t\t\t<div class=\"elementor-widget-container\">\n\t\t\t\t\t\t\t\t\t<p style=\"line-height: 15.0pt; margin: 0cm 0cm 15.0pt 0cm;\"><span style=\"font-family: 'Segoe UI',sans-serif; color: #4f4437;\">Mar de Especias S.L. offers its web customers several shipping options, which are carried out through courier companies. The customer will be able to select the delivery method from those available for their area. You should bear in mind that delivery times and costs will be different for each shipping method. The costs of the different shipping methods depend on several factors: the destination, the selected delivery time, the amount of the purchase, the purchase units and the weight of the shipment.<\/span><\/p><p style=\"line-height: 15.0pt; margin: 0cm 0cm 15.0pt 0cm;\"><span style=\"font-family: 'Segoe UI',sans-serif; color: #4f4437;\">Before confirming your order, you will be informed of the different shipping costs and delivery times that apply to your specific order. However, both may vary depending on the specific circumstances of each order.<\/span><\/p><p style=\"line-height: 15.0pt; margin: 0cm 0cm 15.0pt 0cm;\"><span style=\"font-family: 'Segoe UI',sans-serif; color: #4f4437;\">Mar de Especias is not responsible for the consequences due to a delay in shipment or loss of the package by persons not involved in the transport contract. Transport times may be altered due to extraordinary incidents with the carrier and difficulties in the delivery of the goods.<\/span><\/p><p style=\"line-height: 15.0pt; margin: 0cm 0cm 15.0pt 0cm;\"><strong><span style=\"font-family: 'Segoe UI',sans-serif; color: #4f4437;\">Conditions for domestic shipments:<\/span><\/strong><\/p><p style=\"line-height: 15.0pt; margin: 0cm 0cm 15.0pt 0cm;\"><strong><span style=\"font-family: 'Segoe UI',sans-serif; color: #4f4437; font-weight: normal;\">Mar de Especias S.L. does not ship to the <span style=\"text-decoration: underline;\"><strong>Canary Islands, Ceuta and Melilla.<\/strong><\/span><\/span><\/strong><\/p><p style=\"line-height: 15.0pt; margin: 0cm 0cm 15.0pt 0cm;\"><strong><span style=\"font-family: 'Segoe UI',sans-serif; color: #4f4437; font-weight: normal;\">The customer must bear in mind that for delivery times to be met, the order must be placed before the cut-off time. After the cut-off time, the order will be processed the next day, the cut-off time is 16:00 hrs.<\/span><\/strong><\/p><p><strong>Mar de Especias offers its customers 3 classes of shipments:<\/strong><\/p><ul><li><strong>Standard Shipping, the most economical and with a transit time of 48 to 72 hrs.<\/strong><\/li><li><strong>Express with a transit time of 24 to 48 hrs.<\/strong><\/li><li><strong>In-store collection, only available for postcodes surrounding Ponferrada Le\u00f3n. <\/strong><strong>Collection will take place the day after the order is placed: HABAS CONTADAS Calle Ancha, 19, 24401 Ponferrada Le\u00f3n.<\/strong><\/li><\/ul><p style=\"line-height: 15.0pt; margin: 0cm 0cm 15.0pt 0cm;\"><strong><span style=\"font-family: 'Segoe UI',sans-serif; color: #4f4437; font-weight: normal;\">All shipping prices indicated on the website include 21% VAT.<\/span><\/strong><\/p><p><strong>Conditions for international shipments:<\/strong><\/p><p>The customer must bear in mind that for delivery times to be met, the order must be placed before the cut-off time. After the cut-off time, the order will be processed the next day, the cut-off time is 16:00 hrs.<\/p><p><strong>Mar de Especias offers its customers 2 classes of shipments:<\/strong><\/p><ul><li><strong>Standard Shipping, the most economical and with a transit time of 5 to 7 days, depending on the country of destination.<\/strong><\/li><li><strong>Express with a transit time of 2 to 4 days, depending on the country of destination.<\/strong><\/li><\/ul><p style=\"margin: 0cm; line-height: 15pt; background-image: initial; background-position: initial; background-size: initial; background-repeat: initial; background-attachment: initial; background-origin: initial; background-clip: initial;\"><strong><span style=\"font-family: 'Segoe UI', sans-serif; color: #4f4437; padding: 0cm; border: 1pt none windowtext;\">Other enquiries<\/span><\/strong><\/p><p style=\"margin: 0cm; line-height: 15pt; background-image: initial; background-position: initial; background-size: initial; background-repeat: initial; background-attachment: initial; background-origin: initial; background-clip: initial;\"><span style=\"font-family: Nunito;\">\u00a0<\/span><\/p><p style=\"margin: 0cm; line-height: 15pt; background-image: initial; background-position: initial; background-size: initial; background-repeat: initial; background-attachment: initial; background-origin: initial; background-clip: initial; font-variant-ligatures: normal; font-variant-caps: normal;\"><span style=\"font-family: 'Segoe UI', sans-serif; color: #4f4437; padding: 0cm; border: 1pt none windowtext;\">For any other enquiries, please contact our Customer Service Department on 717 138 443 or send an email to<br \/>atcliente@mardeespecias.com.<\/span><\/p>\t\t\t\t\t\t\t\t<\/div>\n\t\t\t\t<\/div>\n\t\t\t\t\t<\/div>\n\t\t<\/div>\n\t\t\t\t\t<\/div>\n\t\t<\/section>\n\t\t\t\t<\/div>","protected":false},"excerpt":{"rendered":"<p>Pol\u00edtica de Env\u00edos Mar de Especias S.L. pone a disposici\u00f3n de sus clientes web varias opciones de env\u00edo, que se realizan a trav\u00e9s de empresas de mensajer\u00eda. El cliente podr\u00e1 seleccionar la forma de env\u00edo de entre las posibles para su zona. Deber\u00e1 tener en cuenta que los plazos de entrega y el coste ser\u00e1n [&hellip;]<\/p>","protected":false},"author":2,"featured_media":0,"parent":0,"menu_order":0,"comment_status":"closed","ping_status":"closed","template":"","meta":{"ocean_post_layout":"","ocean_both_sidebars_style":"","ocean_both_sidebars_content_width":0,"ocean_both_sidebars_sidebars_width":0,"ocean_sidebar":"0","ocean_second_sidebar":"0","ocean_disable_margins":"enable","ocean_add_body_class":"","ocean_shortcode_before_top_bar":"","ocean_shortcode_after_top_bar":"","ocean_shortcode_before_header":"","ocean_shortcode_after_header":"","ocean_has_shortcode":"","ocean_shortcode_after_title":"","ocean_shortcode_before_footer_widgets":"","ocean_shortcode_after_footer_widgets":"","ocean_shortcode_before_footer_bottom":"","ocean_shortcode_after_footer_bottom":"","ocean_display_top_bar":"default","ocean_display_header":"default","ocean_header_style":"","ocean_center_header_left_menu":"0","ocean_custom_header_template":"0","ocean_custom_logo":0,"ocean_custom_retina_logo":0,"ocean_custom_logo_max_width":0,"ocean_custom_logo_tablet_max_width":0,"ocean_custom_logo_mobile_max_width":0,"ocean_custom_logo_max_height":0,"ocean_custom_logo_tablet_max_height":0,"ocean_custom_logo_mobile_max_height":0,"ocean_header_custom_menu":"0","ocean_menu_typo_font_family":"0","ocean_menu_typo_font_subset":"","ocean_menu_typo_font_size":0,"ocean_menu_typo_font_size_tablet":0,"ocean_menu_typo_font_size_mobile":0,"ocean_menu_typo_font_size_unit":"px","ocean_menu_typo_font_weight":"","ocean_menu_typo_font_weight_tablet":"","ocean_menu_typo_font_weight_mobile":"","ocean_menu_typo_transform":"","ocean_menu_typo_transform_tablet":"","ocean_menu_typo_transform_mobile":"","ocean_menu_typo_line_height":0,"ocean_menu_typo_line_height_tablet":0,"ocean_menu_typo_line_height_mobile":0,"ocean_menu_typo_line_height_unit":"","ocean_menu_typo_spacing":0,"ocean_menu_typo_spacing_tablet":0,"ocean_menu_typo_spacing_mobile":0,"ocean_menu_typo_spacing_unit":"","ocean_menu_link_color":"","ocean_menu_link_color_hover":"","ocean_menu_link_color_active":"","ocean_menu_link_background":"","ocean_menu_link_hover_background":"","ocean_menu_link_active_background":"","ocean_menu_social_links_bg":"","ocean_menu_social_hover_links_bg":"","ocean_menu_social_links_color":"","ocean_menu_social_hover_links_color":"","ocean_disable_title":"default","ocean_disable_heading":"default","ocean_post_title":"","ocean_post_subheading":"","ocean_post_title_style":"","ocean_post_title_background_color":"","ocean_post_title_background":0,"ocean_post_title_bg_image_position":"","ocean_post_title_bg_image_attachment":"","ocean_post_title_bg_image_repeat":"","ocean_post_title_bg_image_size":"","ocean_post_title_height":0,"ocean_post_title_bg_overlay":0.5,"ocean_post_title_bg_overlay_color":"","ocean_disable_breadcrumbs":"default","ocean_breadcrumbs_color":"","ocean_breadcrumbs_separator_color":"","ocean_breadcrumbs_links_color":"","ocean_breadcrumbs_links_hover_color":"","ocean_display_footer_widgets":"default","ocean_display_footer_bottom":"default","ocean_custom_footer_template":"0","footnotes":""},"class_list":["post-2901","page","type-page","status-publish","hentry","entry","owp-thumbs-layout-horizontal","owp-btn-very-big","owp-tabs-layout-vertical","has-no-thumbnails","has-product-nav"],"acf":[],"yoast_head":"<!-- This site is optimized with the Yoast SEO plugin v26.5 - https:\/\/yoast.com\/wordpress\/plugins\/seo\/ -->\n<title>Pol\u00edtica de Env\u00edos - Colaboraciones Mar de Especias<\/title>\n<meta name=\"robots\" content=\"index, follow, max-snippet:-1, max-image-preview:large, max-video-preview:-1\" \/>\n<link rel=\"canonical\" href=\"https:\/\/colaboraciones.mardeespecias.com\/en\/politica-de-envios\/\" \/>\n<meta property=\"og:locale\" content=\"en_GB\" \/>\n<meta property=\"og:type\" content=\"article\" \/>\n<meta property=\"og:title\" content=\"Pol\u00edtica de Env\u00edos - Colaboraciones Mar de Especias\" \/>\n<meta property=\"og:description\" content=\"Pol\u00edtica de Env\u00edos Mar de Especias S.L. pone a disposici\u00f3n de sus clientes web varias opciones de env\u00edo, que se realizan a trav\u00e9s de empresas de mensajer\u00eda. El cliente podr\u00e1 seleccionar la forma de env\u00edo de entre las posibles para su zona. Deber\u00e1 tener en cuenta que los plazos de entrega y el coste ser\u00e1n [&hellip;]\" \/>\n<meta property=\"og:url\" content=\"https:\/\/colaboraciones.mardeespecias.com\/en\/politica-de-envios\/\" \/>\n<meta property=\"og:site_name\" content=\"Colaboraciones Mar de Especias\" \/>\n<meta property=\"article:publisher\" content=\"https:\/\/www.facebook.com\/mardeespeciasoficial\/\" \/>\n<meta property=\"article:modified_time\" content=\"2023-09-15T09:07:06+00:00\" \/>\n<meta property=\"og:image\" content=\"https:\/\/colaboraciones.mardeespecias.com\/wp-content\/uploads\/2020\/10\/LOGO-MAR-DE-ESPECIAS-RRSS-1.png\" \/>\n\t<meta property=\"og:image:width\" content=\"400\" \/>\n\t<meta property=\"og:image:height\" content=\"400\" \/>\n\t<meta property=\"og:image:type\" content=\"image\/png\" \/>\n<meta name=\"twitter:card\" content=\"summary_large_image\" \/>\n<meta name=\"twitter:site\" content=\"@MardeEspecias\" \/>\n<meta name=\"twitter:label1\" content=\"Estimated reading time\" \/>\n\t<meta name=\"twitter:data1\" content=\"3 minutes\" \/>\n<script type=\"application\/ld+json\" class=\"yoast-schema-graph\">{\"@context\":\"https:\/\/schema.org\",\"@graph\":[{\"@type\":\"WebPage\",\"@id\":\"https:\/\/colaboraciones.mardeespecias.com\/politica-de-envios\/\",\"url\":\"https:\/\/colaboraciones.mardeespecias.com\/politica-de-envios\/\",\"name\":\"Pol\u00edtica de Env\u00edos - Colaboraciones Mar de Especias\",\"isPartOf\":{\"@id\":\"https:\/\/colaboraciones.mardeespecias.com\/#website\"},\"datePublished\":\"2021-05-11T20:58:51+00:00\",\"dateModified\":\"2023-09-15T09:07:06+00:00\",\"breadcrumb\":{\"@id\":\"https:\/\/colaboraciones.mardeespecias.com\/politica-de-envios\/#breadcrumb\"},\"inLanguage\":\"en-GB\",\"potentialAction\":[{\"@type\":\"ReadAction\",\"target\":[\"https:\/\/colaboraciones.mardeespecias.com\/politica-de-envios\/\"]}]},{\"@type\":\"BreadcrumbList\",\"@id\":\"https:\/\/colaboraciones.mardeespecias.com\/politica-de-envios\/#breadcrumb\",\"itemListElement\":[{\"@type\":\"ListItem\",\"position\":1,\"name\":\"INICIO\",\"item\":\"https:\/\/colaboraciones.mardeespecias.com\/\"},{\"@type\":\"ListItem\",\"position\":2,\"name\":\"Pol\u00edtica de Env\u00edos\"}]},{\"@type\":\"WebSite\",\"@id\":\"https:\/\/colaboraciones.mardeespecias.com\/#website\",\"url\":\"https:\/\/colaboraciones.mardeespecias.com\/\",\"name\":\"Colaboraciones Mar de Especias\",\"description\":\"Portal de venta de productos Selectos.\",\"publisher\":{\"@id\":\"https:\/\/colaboraciones.mardeespecias.com\/#organization\"},\"potentialAction\":[{\"@type\":\"SearchAction\",\"target\":{\"@type\":\"EntryPoint\",\"urlTemplate\":\"https:\/\/colaboraciones.mardeespecias.com\/?s={search_term_string}\"},\"query-input\":{\"@type\":\"PropertyValueSpecification\",\"valueRequired\":true,\"valueName\":\"search_term_string\"}}],\"inLanguage\":\"en-GB\"},{\"@type\":\"Organization\",\"@id\":\"https:\/\/colaboraciones.mardeespecias.com\/#organization\",\"name\":\"Mar de Especias\",\"url\":\"https:\/\/colaboraciones.mardeespecias.com\/\",\"logo\":{\"@type\":\"ImageObject\",\"inLanguage\":\"en-GB\",\"@id\":\"https:\/\/colaboraciones.mardeespecias.com\/#\/schema\/logo\/image\/\",\"url\":\"https:\/\/colaboraciones.mardeespecias.com\/wp-content\/uploads\/2018\/05\/LOGO_MDE-TRANSP.png\",\"contentUrl\":\"https:\/\/colaboraciones.mardeespecias.com\/wp-content\/uploads\/2018\/05\/LOGO_MDE-TRANSP.png\",\"width\":244,\"height\":115,\"caption\":\"Mar de Especias\"},\"image\":{\"@id\":\"https:\/\/colaboraciones.mardeespecias.com\/#\/schema\/logo\/image\/\"},\"sameAs\":[\"https:\/\/www.facebook.com\/mardeespeciasoficial\/\",\"https:\/\/x.com\/MardeEspecias\",\"https:\/\/www.instagram.com\/mardeespeciasoficial\/\"]}]}<\/script>\n<!-- \/ Yoast SEO plugin. -->","yoast_head_json":{"title":"Pol\u00edtica de Env\u00edos - Colaboraciones Mar de Especias","robots":{"index":"index","follow":"follow","max-snippet":"max-snippet:-1","max-image-preview":"max-image-preview:large","max-video-preview":"max-video-preview:-1"},"canonical":"https:\/\/colaboraciones.mardeespecias.com\/en\/politica-de-envios\/","og_locale":"en_GB","og_type":"article","og_title":"Pol\u00edtica de Env\u00edos - Colaboraciones Mar de Especias","og_description":"Pol\u00edtica de Env\u00edos Mar de Especias S.L. pone a disposici\u00f3n de sus clientes web varias opciones de env\u00edo, que se realizan a trav\u00e9s de empresas de mensajer\u00eda. El cliente podr\u00e1 seleccionar la forma de env\u00edo de entre las posibles para su zona. Deber\u00e1 tener en cuenta que los plazos de entrega y el coste ser\u00e1n [&hellip;]","og_url":"https:\/\/colaboraciones.mardeespecias.com\/en\/politica-de-envios\/","og_site_name":"Colaboraciones Mar de Especias","article_publisher":"https:\/\/www.facebook.com\/mardeespeciasoficial\/","article_modified_time":"2023-09-15T09:07:06+00:00","og_image":[{"width":400,"height":400,"url":"https:\/\/colaboraciones.mardeespecias.com\/wp-content\/uploads\/2020\/10\/LOGO-MAR-DE-ESPECIAS-RRSS-1.png","type":"image\/png"}],"twitter_card":"summary_large_image","twitter_site":"@MardeEspecias","twitter_misc":{"Estimated reading time":"3 minutes"},"schema":{"@context":"https:\/\/schema.org","@graph":[{"@type":"WebPage","@id":"https:\/\/colaboraciones.mardeespecias.com\/politica-de-envios\/","url":"https:\/\/colaboraciones.mardeespecias.com\/politica-de-envios\/","name":"Pol\u00edtica de Env\u00edos - Colaboraciones Mar de Especias","isPartOf":{"@id":"https:\/\/colaboraciones.mardeespecias.com\/#website"},"datePublished":"2021-05-11T20:58:51+00:00","dateModified":"2023-09-15T09:07:06+00:00","breadcrumb":{"@id":"https:\/\/colaboraciones.mardeespecias.com\/politica-de-envios\/#breadcrumb"},"inLanguage":"en-GB","potentialAction":[{"@type":"ReadAction","target":["https:\/\/colaboraciones.mardeespecias.com\/politica-de-envios\/"]}]},{"@type":"BreadcrumbList","@id":"https:\/\/colaboraciones.mardeespecias.com\/politica-de-envios\/#breadcrumb","itemListElement":[{"@type":"ListItem","position":1,"name":"INICIO","item":"https:\/\/colaboraciones.mardeespecias.com\/"},{"@type":"ListItem","position":2,"name":"Pol\u00edtica de Env\u00edos"}]},{"@type":"WebSite","@id":"https:\/\/colaboraciones.mardeespecias.com\/#website","url":"https:\/\/colaboraciones.mardeespecias.com\/","name":"Colaboraciones Mar de Especias","description":"Portal de venta de productos Selectos.","publisher":{"@id":"https:\/\/colaboraciones.mardeespecias.com\/#organization"},"potentialAction":[{"@type":"SearchAction","target":{"@type":"EntryPoint","urlTemplate":"https:\/\/colaboraciones.mardeespecias.com\/?s={search_term_string}"},"query-input":{"@type":"PropertyValueSpecification","valueRequired":true,"valueName":"search_term_string"}}],"inLanguage":"en-GB"},{"@type":"Organization","@id":"https:\/\/colaboraciones.mardeespecias.com\/#organization","name":"Mar de Especias","url":"https:\/\/colaboraciones.mardeespecias.com\/","logo":{"@type":"ImageObject","inLanguage":"en-GB","@id":"https:\/\/colaboraciones.mardeespecias.com\/#\/schema\/logo\/image\/","url":"https:\/\/colaboraciones.mardeespecias.com\/wp-content\/uploads\/2018\/05\/LOGO_MDE-TRANSP.png","contentUrl":"https:\/\/colaboraciones.mardeespecias.com\/wp-content\/uploads\/2018\/05\/LOGO_MDE-TRANSP.png","width":244,"height":115,"caption":"Mar de Especias"},"image":{"@id":"https:\/\/colaboraciones.mardeespecias.com\/#\/schema\/logo\/image\/"},"sameAs":["https:\/\/www.facebook.com\/mardeespeciasoficial\/","https:\/\/x.com\/MardeEspecias","https:\/\/www.instagram.com\/mardeespeciasoficial\/"]}]}},"_links":{"self":[{"href":"https:\/\/colaboraciones.mardeespecias.com\/en\/wp-json\/wp\/v2\/pages\/2901","targetHints":{"allow":["GET"]}}],"collection":[{"href":"https:\/\/colaboraciones.mardeespecias.com\/en\/wp-json\/wp\/v2\/pages"}],"about":[{"href":"https:\/\/colaboraciones.mardeespecias.com\/en\/wp-json\/wp\/v2\/types\/page"}],"author":[{"embeddable":true,"href":"https:\/\/colaboraciones.mardeespecias.com\/en\/wp-json\/wp\/v2\/users\/2"}],"replies":[{"embeddable":true,"href":"https:\/\/colaboraciones.mardeespecias.com\/en\/wp-json\/wp\/v2\/comments?post=2901"}],"version-history":[{"count":3,"href":"https:\/\/colaboraciones.mardeespecias.com\/en\/wp-json\/wp\/v2\/pages\/2901\/revisions"}],"predecessor-version":[{"id":5254,"href":"https:\/\/colaboraciones.mardeespecias.com\/en\/wp-json\/wp\/v2\/pages\/2901\/revisions\/5254"}],"wp:attachment":[{"href":"https:\/\/colaboraciones.mardeespecias.com\/en\/wp-json\/wp\/v2\/media?parent=2901"}],"curies":[{"name":"wp","href":"https:\/\/api.w.org\/{rel}","templated":true}]}}