{"id":228,"date":"2014-06-25T15:44:29","date_gmt":"2014-06-25T15:44:29","guid":{"rendered":"http:\/\/colaboraciones.mardeespecias.com\/home\/"},"modified":"2023-10-31T15:34:24","modified_gmt":"2023-10-31T14:34:24","slug":"mar-de-especias-sal-y-botanicos","status":"publish","type":"page","link":"https:\/\/colaboraciones.mardeespecias.com\/en\/","title":{"rendered":"HOME"},"content":{"rendered":"<div data-elementor-type=\"wp-page\" data-elementor-id=\"228\" class=\"elementor elementor-228\">\n\t\t\t\t\t\t<section class=\"elementor-section elementor-top-section elementor-element elementor-element-f1dd3fc elementor-section-boxed elementor-section-height-default elementor-section-height-default\" data-id=\"f1dd3fc\" data-element_type=\"section\">\n\t\t\t\t\t\t<div class=\"elementor-container elementor-column-gap-default\">\n\t\t\t\t\t<div class=\"elementor-column elementor-col-100 elementor-top-column elementor-element elementor-element-a5df98f\" data-id=\"a5df98f\" data-element_type=\"column\">\n\t\t\t<div class=\"elementor-widget-wrap elementor-element-populated\">\n\t\t\t\t\t\t<div class=\"elementor-element elementor-element-42e8622 elementor-widget elementor-widget-text-editor\" data-id=\"42e8622\" data-element_type=\"widget\" data-widget_type=\"text-editor.default\">\n\t\t\t\t<div class=\"elementor-widget-container\">\n\t\t\t\t\t\t\t\t\t<p>Mar de Especias was born as a brand in 2013 and we are dedicated to the food sector, but on this occasion we have joined forces with <a href=\"https:\/\/elsalgueral.com\/\"><strong>\u201cEl Salgueral tienda de Vinos\u201d<\/strong><\/a> para hacer llegar a nuestros clientes una selecci\u00f3n exclusiva de vinos y Cestas Regalo de Sales Gourmet con Vinos.<\/p>\n<p>We have the illusion and the commitment to show the best of the wines of El Bierzo, having a direct and close relationship with local producers, producers with great stories, projects that reflect the diversity of our vineyards and transmit the personality of the authentic, but without forgetting the other great wines that are made in other areas of the country and the world.<\/p>\n<p><img fetchpriority=\"high\" decoding=\"async\" class=\"wp-image-5236 size-full aligncenter\" src=\"https:\/\/colaboraciones.mardeespecias.com\/wp-content\/uploads\/2023\/09\/2023-04-03.jpg\" alt=\"\" width=\"768\" height=\"768\" srcset=\"https:\/\/colaboraciones.mardeespecias.com\/wp-content\/uploads\/2023\/09\/2023-04-03.jpg 768w, https:\/\/colaboraciones.mardeespecias.com\/wp-content\/uploads\/2023\/09\/2023-04-03-12x12.jpg 12w, https:\/\/colaboraciones.mardeespecias.com\/wp-content\/uploads\/2023\/09\/2023-04-03-600x600.jpg 600w, https:\/\/colaboraciones.mardeespecias.com\/wp-content\/uploads\/2023\/09\/2023-04-03-300x300.jpg 300w, https:\/\/colaboraciones.mardeespecias.com\/wp-content\/uploads\/2023\/09\/2023-04-03-100x100.jpg 100w, https:\/\/colaboraciones.mardeespecias.com\/wp-content\/uploads\/2023\/09\/2023-04-03-80x80.jpg 80w, https:\/\/colaboraciones.mardeespecias.com\/wp-content\/uploads\/2023\/09\/2023-04-03-50x50.jpg 50w\" sizes=\"(max-width: 768px) 100vw, 768px\" \/><\/p>\t\t\t\t\t\t\t\t<\/div>\n\t\t\t\t<\/div>\n\t\t\t\t\t<\/div>\n\t\t<\/div>\n\t\t\t\t\t<\/div>\n\t\t<\/section>\n\t\t\t\t<\/div>","protected":false},"excerpt":{"rendered":"<p>Mar de Especias nace como marca en el a\u00f1o 2013 y nos dedicamos al sector alimentario, pero en esta ocasi\u00f3n hemos unido esfuerzos con \u201cEl Salgueral tienda de Vinos\u201d para hacer llegar a nuestros clientes una selecci\u00f3n exclusiva de vinos y Cestas Regalo de Sales Gourmet con Vinos. Tenemos la ilusi\u00f3n y el compromiso de [&hellip;]<\/p>","protected":false},"author":1,"featured_media":0,"parent":0,"menu_order":0,"comment_status":"closed","ping_status":"closed","template":"","meta":{"ocean_post_layout":"","ocean_both_sidebars_style":"","ocean_both_sidebars_content_width":0,"ocean_both_sidebars_sidebars_width":0,"ocean_sidebar":"0","ocean_second_sidebar":"0","ocean_disable_margins":"enable","ocean_add_body_class":"","ocean_shortcode_before_top_bar":"","ocean_shortcode_after_top_bar":"","ocean_shortcode_before_header":"","ocean_shortcode_after_header":"","ocean_has_shortcode":"","ocean_shortcode_after_title":"","ocean_shortcode_before_footer_widgets":"","ocean_shortcode_after_footer_widgets":"","ocean_shortcode_before_footer_bottom":"","ocean_shortcode_after_footer_bottom":"","ocean_display_top_bar":"default","ocean_display_header":"default","ocean_header_style":"","ocean_center_header_left_menu":"0","ocean_custom_header_template":"0","ocean_custom_logo":0,"ocean_custom_retina_logo":0,"ocean_custom_logo_max_width":0,"ocean_custom_logo_tablet_max_width":0,"ocean_custom_logo_mobile_max_width":0,"ocean_custom_logo_max_height":0,"ocean_custom_logo_tablet_max_height":0,"ocean_custom_logo_mobile_max_height":0,"ocean_header_custom_menu":"0","ocean_menu_typo_font_family":"0","ocean_menu_typo_font_subset":"","ocean_menu_typo_font_size":0,"ocean_menu_typo_font_size_tablet":0,"ocean_menu_typo_font_size_mobile":0,"ocean_menu_typo_font_size_unit":"px","ocean_menu_typo_font_weight":"","ocean_menu_typo_font_weight_tablet":"","ocean_menu_typo_font_weight_mobile":"","ocean_menu_typo_transform":"","ocean_menu_typo_transform_tablet":"","ocean_menu_typo_transform_mobile":"","ocean_menu_typo_line_height":0,"ocean_menu_typo_line_height_tablet":0,"ocean_menu_typo_line_height_mobile":0,"ocean_menu_typo_line_height_unit":"","ocean_menu_typo_spacing":0,"ocean_menu_typo_spacing_tablet":0,"ocean_menu_typo_spacing_mobile":0,"ocean_menu_typo_spacing_unit":"","ocean_menu_link_color":"","ocean_menu_link_color_hover":"","ocean_menu_link_color_active":"","ocean_menu_link_background":"","ocean_menu_link_hover_background":"","ocean_menu_link_active_background":"","ocean_menu_social_links_bg":"","ocean_menu_social_hover_links_bg":"","ocean_menu_social_links_color":"","ocean_menu_social_hover_links_color":"","ocean_disable_title":"on","ocean_disable_heading":"default","ocean_post_title":"","ocean_post_subheading":"","ocean_post_title_style":"","ocean_post_title_background_color":"","ocean_post_title_background":0,"ocean_post_title_bg_image_position":"","ocean_post_title_bg_image_attachment":"","ocean_post_title_bg_image_repeat":"","ocean_post_title_bg_image_size":"","ocean_post_title_height":0,"ocean_post_title_bg_overlay":0.5,"ocean_post_title_bg_overlay_color":"","ocean_disable_breadcrumbs":"default","ocean_breadcrumbs_color":"","ocean_breadcrumbs_separator_color":"","ocean_breadcrumbs_links_color":"","ocean_breadcrumbs_links_hover_color":"","ocean_display_footer_widgets":"default","ocean_display_footer_bottom":"default","ocean_custom_footer_template":"0","footnotes":""},"class_list":["post-228","page","type-page","status-publish","hentry","entry","owp-thumbs-layout-horizontal","owp-btn-very-big","owp-tabs-layout-vertical","has-no-thumbnails","has-product-nav"],"acf":[],"yoast_head":"<!-- This site is optimized with the Yoast SEO plugin v26.5 - https:\/\/yoast.com\/wordpress\/plugins\/seo\/ -->\n<title>Mar de Especias - Sales, Bot\u00e1nicos y Productos Calidad Premium<\/title>\n<meta name=\"description\" content=\"Sales, bot\u00e1nicos y Productos seleccionados calidad Premium, para cocinar, cocteler\u00eda y reposter\u00eda. La gastronom\u00eda es tendencia,\" \/>\n<meta name=\"robots\" content=\"index, follow, max-snippet:-1, max-image-preview:large, max-video-preview:-1\" \/>\n<link rel=\"canonical\" href=\"https:\/\/colaboraciones.mardeespecias.com\/en\/\" \/>\n<meta property=\"og:locale\" content=\"en_GB\" \/>\n<meta property=\"og:type\" content=\"article\" \/>\n<meta property=\"og:title\" content=\"Mar de Especias Gourmet\" \/>\n<meta property=\"og:description\" content=\"Sales, bot\u00e1nicos y Productos seleccionados calidad Premium, para cocinar, cocteler\u00eda y reposter\u00eda. La gastronom\u00eda es tendencia,\" \/>\n<meta property=\"og:url\" content=\"https:\/\/colaboraciones.mardeespecias.com\/en\/\" \/>\n<meta property=\"og:site_name\" content=\"Colaboraciones Mar de Especias\" \/>\n<meta property=\"article:publisher\" content=\"https:\/\/www.facebook.com\/mardeespeciasoficial\/\" \/>\n<meta property=\"article:modified_time\" content=\"2023-10-31T14:34:24+00:00\" \/>\n<meta property=\"og:image\" content=\"https:\/\/colaboraciones.mardeespecias.com\/wp-content\/uploads\/2023\/09\/2023-04-03.jpg\" \/>\n<meta name=\"twitter:card\" content=\"summary_large_image\" \/>\n<meta name=\"twitter:site\" content=\"@MardeEspecias\" \/>\n<meta name=\"twitter:label1\" content=\"Estimated reading time\" \/>\n\t<meta name=\"twitter:data1\" content=\"2 minutes\" \/>\n<script type=\"application\/ld+json\" class=\"yoast-schema-graph\">{\"@context\":\"https:\/\/schema.org\",\"@graph\":[{\"@type\":\"WebPage\",\"@id\":\"https:\/\/colaboraciones.mardeespecias.com\/\",\"url\":\"https:\/\/colaboraciones.mardeespecias.com\/\",\"name\":\"Mar de Especias - Sales, Bot\u00e1nicos y Productos Calidad Premium\",\"isPartOf\":{\"@id\":\"https:\/\/colaboraciones.mardeespecias.com\/#website\"},\"primaryImageOfPage\":{\"@id\":\"https:\/\/colaboraciones.mardeespecias.com\/#primaryimage\"},\"image\":{\"@id\":\"https:\/\/colaboraciones.mardeespecias.com\/#primaryimage\"},\"thumbnailUrl\":\"https:\/\/colaboraciones.mardeespecias.com\/wp-content\/uploads\/2023\/09\/2023-04-03.jpg\",\"datePublished\":\"2014-06-25T15:44:29+00:00\",\"dateModified\":\"2023-10-31T14:34:24+00:00\",\"description\":\"Sales, bot\u00e1nicos y Productos seleccionados calidad Premium, para cocinar, cocteler\u00eda y reposter\u00eda. La gastronom\u00eda es tendencia,\",\"breadcrumb\":{\"@id\":\"https:\/\/colaboraciones.mardeespecias.com\/#breadcrumb\"},\"inLanguage\":\"en-GB\",\"potentialAction\":[{\"@type\":\"ReadAction\",\"target\":[\"https:\/\/colaboraciones.mardeespecias.com\/\"]}]},{\"@type\":\"ImageObject\",\"inLanguage\":\"en-GB\",\"@id\":\"https:\/\/colaboraciones.mardeespecias.com\/#primaryimage\",\"url\":\"https:\/\/colaboraciones.mardeespecias.com\/wp-content\/uploads\/2023\/09\/2023-04-03.jpg\",\"contentUrl\":\"https:\/\/colaboraciones.mardeespecias.com\/wp-content\/uploads\/2023\/09\/2023-04-03.jpg\"},{\"@type\":\"BreadcrumbList\",\"@id\":\"https:\/\/colaboraciones.mardeespecias.com\/#breadcrumb\",\"itemListElement\":[{\"@type\":\"ListItem\",\"position\":1,\"name\":\"INICIO\",\"item\":\"https:\/\/colaboraciones.mardeespecias.com\/\"},{\"@type\":\"ListItem\",\"position\":2,\"name\":\"INICIO\"}]},{\"@type\":\"WebSite\",\"@id\":\"https:\/\/colaboraciones.mardeespecias.com\/#website\",\"url\":\"https:\/\/colaboraciones.mardeespecias.com\/\",\"name\":\"Colaboraciones Mar de Especias\",\"description\":\"Portal de venta de productos Selectos.\",\"publisher\":{\"@id\":\"https:\/\/colaboraciones.mardeespecias.com\/#organization\"},\"potentialAction\":[{\"@type\":\"SearchAction\",\"target\":{\"@type\":\"EntryPoint\",\"urlTemplate\":\"https:\/\/colaboraciones.mardeespecias.com\/?s={search_term_string}\"},\"query-input\":{\"@type\":\"PropertyValueSpecification\",\"valueRequired\":true,\"valueName\":\"search_term_string\"}}],\"inLanguage\":\"en-GB\"},{\"@type\":\"Organization\",\"@id\":\"https:\/\/colaboraciones.mardeespecias.com\/#organization\",\"name\":\"Mar de Especias\",\"url\":\"https:\/\/colaboraciones.mardeespecias.com\/\",\"logo\":{\"@type\":\"ImageObject\",\"inLanguage\":\"en-GB\",\"@id\":\"https:\/\/colaboraciones.mardeespecias.com\/#\/schema\/logo\/image\/\",\"url\":\"https:\/\/colaboraciones.mardeespecias.com\/wp-content\/uploads\/2018\/05\/LOGO_MDE-TRANSP.png\",\"contentUrl\":\"https:\/\/colaboraciones.mardeespecias.com\/wp-content\/uploads\/2018\/05\/LOGO_MDE-TRANSP.png\",\"width\":244,\"height\":115,\"caption\":\"Mar de Especias\"},\"image\":{\"@id\":\"https:\/\/colaboraciones.mardeespecias.com\/#\/schema\/logo\/image\/\"},\"sameAs\":[\"https:\/\/www.facebook.com\/mardeespeciasoficial\/\",\"https:\/\/x.com\/MardeEspecias\",\"https:\/\/www.instagram.com\/mardeespeciasoficial\/\"]}]}<\/script>\n<!-- \/ Yoast SEO plugin. -->","yoast_head_json":{"title":"Mar de Especias - Sales, Bot\u00e1nicos y Productos Calidad Premium","description":"Sales, bot\u00e1nicos y Productos seleccionados calidad Premium, para cocinar, cocteler\u00eda y reposter\u00eda. La gastronom\u00eda es tendencia,","robots":{"index":"index","follow":"follow","max-snippet":"max-snippet:-1","max-image-preview":"max-image-preview:large","max-video-preview":"max-video-preview:-1"},"canonical":"https:\/\/colaboraciones.mardeespecias.com\/en\/","og_locale":"en_GB","og_type":"article","og_title":"Mar de Especias Gourmet","og_description":"Sales, bot\u00e1nicos y Productos seleccionados calidad Premium, para cocinar, cocteler\u00eda y reposter\u00eda. La gastronom\u00eda es tendencia,","og_url":"https:\/\/colaboraciones.mardeespecias.com\/en\/","og_site_name":"Colaboraciones Mar de Especias","article_publisher":"https:\/\/www.facebook.com\/mardeespeciasoficial\/","article_modified_time":"2023-10-31T14:34:24+00:00","og_image":[{"url":"https:\/\/colaboraciones.mardeespecias.com\/wp-content\/uploads\/2023\/09\/2023-04-03.jpg","type":"","width":"","height":""}],"twitter_card":"summary_large_image","twitter_site":"@MardeEspecias","twitter_misc":{"Estimated reading time":"2 minutes"},"schema":{"@context":"https:\/\/schema.org","@graph":[{"@type":"WebPage","@id":"https:\/\/colaboraciones.mardeespecias.com\/","url":"https:\/\/colaboraciones.mardeespecias.com\/","name":"Mar de Especias - Sales, Bot\u00e1nicos y Productos Calidad Premium","isPartOf":{"@id":"https:\/\/colaboraciones.mardeespecias.com\/#website"},"primaryImageOfPage":{"@id":"https:\/\/colaboraciones.mardeespecias.com\/#primaryimage"},"image":{"@id":"https:\/\/colaboraciones.mardeespecias.com\/#primaryimage"},"thumbnailUrl":"https:\/\/colaboraciones.mardeespecias.com\/wp-content\/uploads\/2023\/09\/2023-04-03.jpg","datePublished":"2014-06-25T15:44:29+00:00","dateModified":"2023-10-31T14:34:24+00:00","description":"Sales, bot\u00e1nicos y Productos seleccionados calidad Premium, para cocinar, cocteler\u00eda y reposter\u00eda. La gastronom\u00eda es tendencia,","breadcrumb":{"@id":"https:\/\/colaboraciones.mardeespecias.com\/#breadcrumb"},"inLanguage":"en-GB","potentialAction":[{"@type":"ReadAction","target":["https:\/\/colaboraciones.mardeespecias.com\/"]}]},{"@type":"ImageObject","inLanguage":"en-GB","@id":"https:\/\/colaboraciones.mardeespecias.com\/#primaryimage","url":"https:\/\/colaboraciones.mardeespecias.com\/wp-content\/uploads\/2023\/09\/2023-04-03.jpg","contentUrl":"https:\/\/colaboraciones.mardeespecias.com\/wp-content\/uploads\/2023\/09\/2023-04-03.jpg"},{"@type":"BreadcrumbList","@id":"https:\/\/colaboraciones.mardeespecias.com\/#breadcrumb","itemListElement":[{"@type":"ListItem","position":1,"name":"INICIO","item":"https:\/\/colaboraciones.mardeespecias.com\/"},{"@type":"ListItem","position":2,"name":"INICIO"}]},{"@type":"WebSite","@id":"https:\/\/colaboraciones.mardeespecias.com\/#website","url":"https:\/\/colaboraciones.mardeespecias.com\/","name":"Colaboraciones Mar de Especias","description":"Portal de venta de productos Selectos.","publisher":{"@id":"https:\/\/colaboraciones.mardeespecias.com\/#organization"},"potentialAction":[{"@type":"SearchAction","target":{"@type":"EntryPoint","urlTemplate":"https:\/\/colaboraciones.mardeespecias.com\/?s={search_term_string}"},"query-input":{"@type":"PropertyValueSpecification","valueRequired":true,"valueName":"search_term_string"}}],"inLanguage":"en-GB"},{"@type":"Organization","@id":"https:\/\/colaboraciones.mardeespecias.com\/#organization","name":"Mar de Especias","url":"https:\/\/colaboraciones.mardeespecias.com\/","logo":{"@type":"ImageObject","inLanguage":"en-GB","@id":"https:\/\/colaboraciones.mardeespecias.com\/#\/schema\/logo\/image\/","url":"https:\/\/colaboraciones.mardeespecias.com\/wp-content\/uploads\/2018\/05\/LOGO_MDE-TRANSP.png","contentUrl":"https:\/\/colaboraciones.mardeespecias.com\/wp-content\/uploads\/2018\/05\/LOGO_MDE-TRANSP.png","width":244,"height":115,"caption":"Mar de Especias"},"image":{"@id":"https:\/\/colaboraciones.mardeespecias.com\/#\/schema\/logo\/image\/"},"sameAs":["https:\/\/www.facebook.com\/mardeespeciasoficial\/","https:\/\/x.com\/MardeEspecias","https:\/\/www.instagram.com\/mardeespeciasoficial\/"]}]}},"_links":{"self":[{"href":"https:\/\/colaboraciones.mardeespecias.com\/en\/wp-json\/wp\/v2\/pages\/228","targetHints":{"allow":["GET"]}}],"collection":[{"href":"https:\/\/colaboraciones.mardeespecias.com\/en\/wp-json\/wp\/v2\/pages"}],"about":[{"href":"https:\/\/colaboraciones.mardeespecias.com\/en\/wp-json\/wp\/v2\/types\/page"}],"author":[{"embeddable":true,"href":"https:\/\/colaboraciones.mardeespecias.com\/en\/wp-json\/wp\/v2\/users\/1"}],"replies":[{"embeddable":true,"href":"https:\/\/colaboraciones.mardeespecias.com\/en\/wp-json\/wp\/v2\/comments?post=228"}],"version-history":[{"count":18,"href":"https:\/\/colaboraciones.mardeespecias.com\/en\/wp-json\/wp\/v2\/pages\/228\/revisions"}],"predecessor-version":[{"id":5273,"href":"https:\/\/colaboraciones.mardeespecias.com\/en\/wp-json\/wp\/v2\/pages\/228\/revisions\/5273"}],"wp:attachment":[{"href":"https:\/\/colaboraciones.mardeespecias.com\/en\/wp-json\/wp\/v2\/media?parent=228"}],"curies":[{"name":"wp","href":"https:\/\/api.w.org\/{rel}","templated":true}]}}